{"id":144,"date":"2019-01-25T11:15:01","date_gmt":"2019-01-25T10:15:01","guid":{"rendered":"http:\/\/archiv.siov.sk\/?page_id=144"},"modified":"2023-11-20T13:32:07","modified_gmt":"2023-11-20T12:32:07","slug":"sutaze","status":"publish","type":"page","link":"https:\/\/archiv.siov.sk\/en\/sutaze\/","title":{"rendered":"Competitions"},"content":{"rendered":"<h2>Competitions<\/h2>\n<ul>\n<li><a href=\"\/en\/aktuality-a-usmernenia-v-case-koronavirusu\/\">Aktuality a usmernenia v \u010dase koronav\u00edrus<\/a><\/li>\n<li><a href=\"https:\/\/archiv.siov.sk\/wp-content\/uploads\/2022\/04\/HARMONOGRAM-SUTAZI-skolsky-rok-2021_22-final.docx\" target=\"_blank\" rel=\"noopener\">Harmonogram na rok 2021\/2022<\/a><\/li>\n<li><a href=\"\/en\/sutaze\/skills-slovakia\/\">Skills Slovakia<\/a><\/li>\n<li><a href=\"\/en\/sutaze\/juvyr\/\">JUVYR &#8211; S\u00fa\u0165a\u017e mlad\u00fdch elektronikov<\/a><\/li>\n<li><a href=\"\/en\/sutaze\/stredoskolska-odborna-cinnost\/\">SO\u010c<\/a><\/li>\n<li><a href=\"\/en\/sutaze\/zenit\/\">Zenit<\/a><\/li>\n<li><a href=\"\/en\/sutaze\/enersol-sk\/\">Enersol-SK<\/a><\/li>\n<li><a href=\"\/en\/sutaze\/sip\/\">SIP<\/a><\/li>\n<li><a href=\"\/en\/sutaze\/mlady-ekofarmar\/\">Mlad\u00fd ekofarm\u00e1r<\/a><\/li>\n<li><a href=\"\/en\/sutaze\/sutaze-a-sutazne-kriteria-19-medzinarodneho-veltrhu-cvicnych-firiem-v-bratislave\/\">Competitions of training companies<\/a><\/li>\n<li><a href=\"\/en\/sutaze\/euroskills\/\">EuroSkills<\/a><\/li>\n<li><a href=\"\/en\/sutaze\/ipm-student-award\/\">IPM STUDENT AWARD<\/a><\/li>\n<li><a href=\"\/en\/sutaze\/rodinny-dom-velux\/\">RODINN\u00dd DOM VELUX<\/a><\/li>\n<li><a href=\"\/en\/sutaze\/majstrovstva-slovenska-v-cnc-sustruzeni-a-frezovani\/\">Slovak championship in CNC turning and milling<\/a><\/li>\n<li><a href=\"\/en\/sutaze\/slovak-barista-cup-junior\/\">SLOVAK BARISTA CUP \u2013 junior<\/a><\/li>\n<li><a href=\"\/en\/sutaze\/sutaz-v-odbornych-teoretickych-a-odbornych-praktickych-zrucnostiach-garden-semmelrock\/\">S\u00fa\u0165a\u017e v odborn\u00fdch teoretick\u00fdch a praktick\u00fdch zru\u010dnostiach &#8222;OKOLO N\u00c1S&#8220;<\/a><\/li>\n<li><a href=\"\/en\/sutaze\/sutaz-v-odbornych-teoretickych-a-odbornych-praktickych-zrucnostiach-v-oblasti-bezpecnosti-a-ochrany-zdravia-pri-praci\/\">Competition in professional theoretical and professional practical skills in the field of occupational safety and health<\/a><\/li>\n<\/ul>","protected":false},"excerpt":{"rendered":"<p>S\u00fa\u0165a\u017ee Aktuality a usmernenia v \u010dase koronav\u00edrus Harmonogram na rok 2021\/2022 Skills Slovakia JUVYR &#8211; S\u00fa\u0165a\u017e mlad\u00fdch elektronikov SO\u010c Zenit Enersol-SK SIP Mlad\u00fd ekofarm\u00e1r S\u00fa\u0165a\u017ee cvi\u010dn\u00fdch firiem EuroSkills IPM STUDENT AWARD RODINN\u00dd DOM VELUX Majstrovstv\u00e1 Slovenska v CNC s\u00fastru\u017een\u00ed a fr\u00e9zovan\u00ed SLOVAK BARISTA CUP \u2013 junior S\u00fa\u0165a\u017e v odborn\u00fdch teoretick\u00fdch a praktick\u00fdch zru\u010dnostiach &#8222;OKOLO N\u00c1S&#8220; [&hellip;]<\/p>\n","protected":false},"author":1,"featured_media":0,"parent":0,"menu_order":0,"comment_status":"closed","ping_status":"closed","template":"","meta":{"site-sidebar-layout":"default","site-content-layout":"default","ast-site-content-layout":"default","site-content-style":"default","site-sidebar-style":"default","ast-global-header-display":"","ast-banner-title-visibility":"","ast-main-header-display":"","ast-hfb-above-header-display":"","ast-hfb-below-header-display":"","ast-hfb-mobile-header-display":"","site-post-title":"disabled","ast-breadcrumbs-content":"","ast-featured-img":"","footer-sml-layout":"","ast-disable-related-posts":"","theme-transparent-header-meta":"default","adv-header-id-meta":"","stick-header-meta":"","header-above-stick-meta":"","header-main-stick-meta":"","header-below-stick-meta":"","astra-migrate-meta-layouts":"set","ast-page-background-enabled":"default","ast-page-background-meta":{"desktop":{"background-color":"var(--ast-global-color-4)","background-image":"","background-repeat":"repeat","background-position":"center center","background-size":"auto","background-attachment":"scroll","background-type":"","background-media":"","overlay-type":"","overlay-color":"","overlay-opacity":"","overlay-gradient":""},"tablet":{"background-color":"","background-image":"","background-repeat":"repeat","background-position":"center center","background-size":"auto","background-attachment":"scroll","background-type":"","background-media":"","overlay-type":"","overlay-color":"","overlay-opacity":"","overlay-gradient":""},"mobile":{"background-color":"","background-image":"","background-repeat":"repeat","background-position":"center center","background-size":"auto","background-attachment":"scroll","background-type":"","background-media":"","overlay-type":"","overlay-color":"","overlay-opacity":"","overlay-gradient":""}},"ast-content-background-meta":{"desktop":{"background-color":"var(--ast-global-color-5)","background-image":"","background-repeat":"repeat","background-position":"center center","background-size":"auto","background-attachment":"scroll","background-type":"","background-media":"","overlay-type":"","overlay-color":"","overlay-opacity":"","overlay-gradient":""},"tablet":{"background-color":"var(--ast-global-color-5)","background-image":"","background-repeat":"repeat","background-position":"center center","background-size":"auto","background-attachment":"scroll","background-type":"","background-media":"","overlay-type":"","overlay-color":"","overlay-opacity":"","overlay-gradient":""},"mobile":{"background-color":"var(--ast-global-color-5)","background-image":"","background-repeat":"repeat","background-position":"center center","background-size":"auto","background-attachment":"scroll","background-type":"","background-media":"","overlay-type":"","overlay-color":"","overlay-opacity":"","overlay-gradient":""}},"footnotes":""},"class_list":["post-144","page","type-page","status-publish","hentry"],"yoast_head":"<!-- This site is optimized with the Yoast SEO plugin v27.5 - https:\/\/yoast.com\/product\/yoast-seo-wordpress\/ -->\n<title>S\u00fa\u0165a\u017ee - \u0160IOV - \u0161t\u00e1tny in\u0161tit\u00fat odborn\u00e9ho vzdel\u00e1vania<\/title>\n<meta name=\"robots\" content=\"index, follow, max-snippet:-1, max-image-preview:large, max-video-preview:-1\" \/>\n<link rel=\"canonical\" href=\"https:\/\/archiv.siov.sk\/en\/sutaze\/\" \/>\n<meta property=\"og:locale\" content=\"en_GB\" \/>\n<meta property=\"og:type\" content=\"article\" \/>\n<meta property=\"og:title\" content=\"S\u00fa\u0165a\u017ee - \u0160IOV - \u0161t\u00e1tny in\u0161tit\u00fat odborn\u00e9ho vzdel\u00e1vania\" \/>\n<meta property=\"og:description\" content=\"S\u00fa\u0165a\u017ee Aktuality a usmernenia v \u010dase koronav\u00edrus Harmonogram na rok 2021\/2022 Skills Slovakia JUVYR &#8211; S\u00fa\u0165a\u017e mlad\u00fdch elektronikov SO\u010c Zenit Enersol-SK SIP Mlad\u00fd ekofarm\u00e1r S\u00fa\u0165a\u017ee cvi\u010dn\u00fdch firiem EuroSkills IPM STUDENT AWARD RODINN\u00dd DOM VELUX Majstrovstv\u00e1 Slovenska v CNC s\u00fastru\u017een\u00ed a fr\u00e9zovan\u00ed SLOVAK BARISTA CUP \u2013 junior S\u00fa\u0165a\u017e v odborn\u00fdch teoretick\u00fdch a praktick\u00fdch zru\u010dnostiach &#8222;OKOLO N\u00c1S&#8220; [&hellip;]\" \/>\n<meta property=\"og:url\" content=\"https:\/\/archiv.siov.sk\/en\/sutaze\/\" \/>\n<meta property=\"og:site_name\" content=\"\u0160IOV - \u0161t\u00e1tny in\u0161tit\u00fat odborn\u00e9ho vzdel\u00e1vania\" \/>\n<meta property=\"article:publisher\" content=\"https:\/\/www.facebook.com\/Statnyinstitutodbornehovzdelavania\" \/>\n<meta property=\"article:modified_time\" content=\"2023-11-20T12:32:07+00:00\" \/>\n<meta name=\"twitter:card\" content=\"summary_large_image\" \/>\n<meta name=\"twitter:label1\" content=\"Estimated reading time\" \/>\n\t<meta name=\"twitter:data1\" content=\"1 minute\" \/>\n<script type=\"application\/ld+json\" class=\"yoast-schema-graph\">{\"@context\":\"https:\\\/\\\/schema.org\",\"@graph\":[{\"@type\":\"WebPage\",\"@id\":\"https:\\\/\\\/archiv.siov.sk\\\/sutaze\\\/\",\"url\":\"https:\\\/\\\/archiv.siov.sk\\\/sutaze\\\/\",\"name\":\"S\u00fa\u0165a\u017ee - \u0160IOV - \u0161t\u00e1tny in\u0161tit\u00fat odborn\u00e9ho vzdel\u00e1vania\",\"isPartOf\":{\"@id\":\"https:\\\/\\\/archiv.siov.sk\\\/#website\"},\"datePublished\":\"2019-01-25T10:15:01+00:00\",\"dateModified\":\"2023-11-20T12:32:07+00:00\",\"breadcrumb\":{\"@id\":\"https:\\\/\\\/archiv.siov.sk\\\/sutaze\\\/#breadcrumb\"},\"inLanguage\":\"en-GB\",\"potentialAction\":[{\"@type\":\"ReadAction\",\"target\":[\"https:\\\/\\\/archiv.siov.sk\\\/sutaze\\\/\"]}]},{\"@type\":\"BreadcrumbList\",\"@id\":\"https:\\\/\\\/archiv.siov.sk\\\/sutaze\\\/#breadcrumb\",\"itemListElement\":[{\"@type\":\"ListItem\",\"position\":1,\"name\":\"Home\",\"item\":\"https:\\\/\\\/archiv.siov.sk\\\/\"},{\"@type\":\"ListItem\",\"position\":2,\"name\":\"S\u00fa\u0165a\u017ee\"}]},{\"@type\":\"WebSite\",\"@id\":\"https:\\\/\\\/archiv.siov.sk\\\/#website\",\"url\":\"https:\\\/\\\/archiv.siov.sk\\\/\",\"name\":\"\u0160IOV - \u0161t\u00e1tny in\u0161tit\u00fat odborn\u00e9ho vzdel\u00e1vania\",\"description\":\"\",\"publisher\":{\"@id\":\"https:\\\/\\\/archiv.siov.sk\\\/#organization\"},\"potentialAction\":[{\"@type\":\"SearchAction\",\"target\":{\"@type\":\"EntryPoint\",\"urlTemplate\":\"https:\\\/\\\/archiv.siov.sk\\\/?s={search_term_string}\"},\"query-input\":{\"@type\":\"PropertyValueSpecification\",\"valueRequired\":true,\"valueName\":\"search_term_string\"}}],\"inLanguage\":\"en-GB\"},{\"@type\":\"Organization\",\"@id\":\"https:\\\/\\\/archiv.siov.sk\\\/#organization\",\"name\":\"\u0160IOV - \u0161t\u00e1tny in\u0161tit\u00fat odborn\u00e9ho vzdel\u00e1vania\",\"url\":\"https:\\\/\\\/archiv.siov.sk\\\/\",\"logo\":{\"@type\":\"ImageObject\",\"inLanguage\":\"en-GB\",\"@id\":\"https:\\\/\\\/archiv.siov.sk\\\/#\\\/schema\\\/logo\\\/image\\\/\",\"url\":\"https:\\\/\\\/archiv.siov.sk\\\/wp-content\\\/uploads\\\/2024\\\/02\\\/logo-SIOV.png\",\"contentUrl\":\"https:\\\/\\\/archiv.siov.sk\\\/wp-content\\\/uploads\\\/2024\\\/02\\\/logo-SIOV.png\",\"width\":431,\"height\":143,\"caption\":\"\u0160IOV - \u0161t\u00e1tny in\u0161tit\u00fat odborn\u00e9ho vzdel\u00e1vania\"},\"image\":{\"@id\":\"https:\\\/\\\/archiv.siov.sk\\\/#\\\/schema\\\/logo\\\/image\\\/\"},\"sameAs\":[\"https:\\\/\\\/www.facebook.com\\\/Statnyinstitutodbornehovzdelavania\"]}]}<\/script>\n<!-- \/ Yoast SEO plugin. -->","yoast_head_json":{"title":"S\u00fa\u0165a\u017ee - \u0160IOV - \u0161t\u00e1tny in\u0161tit\u00fat odborn\u00e9ho vzdel\u00e1vania","robots":{"index":"index","follow":"follow","max-snippet":"max-snippet:-1","max-image-preview":"max-image-preview:large","max-video-preview":"max-video-preview:-1"},"canonical":"https:\/\/archiv.siov.sk\/en\/sutaze\/","og_locale":"en_GB","og_type":"article","og_title":"S\u00fa\u0165a\u017ee - \u0160IOV - \u0161t\u00e1tny in\u0161tit\u00fat odborn\u00e9ho vzdel\u00e1vania","og_description":"S\u00fa\u0165a\u017ee Aktuality a usmernenia v \u010dase koronav\u00edrus Harmonogram na rok 2021\/2022 Skills Slovakia JUVYR &#8211; S\u00fa\u0165a\u017e mlad\u00fdch elektronikov SO\u010c Zenit Enersol-SK SIP Mlad\u00fd ekofarm\u00e1r S\u00fa\u0165a\u017ee cvi\u010dn\u00fdch firiem EuroSkills IPM STUDENT AWARD RODINN\u00dd DOM VELUX Majstrovstv\u00e1 Slovenska v CNC s\u00fastru\u017een\u00ed a fr\u00e9zovan\u00ed SLOVAK BARISTA CUP \u2013 junior S\u00fa\u0165a\u017e v odborn\u00fdch teoretick\u00fdch a praktick\u00fdch zru\u010dnostiach &#8222;OKOLO N\u00c1S&#8220; [&hellip;]","og_url":"https:\/\/archiv.siov.sk\/en\/sutaze\/","og_site_name":"\u0160IOV - \u0161t\u00e1tny in\u0161tit\u00fat odborn\u00e9ho vzdel\u00e1vania","article_publisher":"https:\/\/www.facebook.com\/Statnyinstitutodbornehovzdelavania","article_modified_time":"2023-11-20T12:32:07+00:00","twitter_card":"summary_large_image","twitter_misc":{"Estimated reading time":"1 minute"},"schema":{"@context":"https:\/\/schema.org","@graph":[{"@type":"WebPage","@id":"https:\/\/archiv.siov.sk\/sutaze\/","url":"https:\/\/archiv.siov.sk\/sutaze\/","name":"S\u00fa\u0165a\u017ee - \u0160IOV - \u0161t\u00e1tny in\u0161tit\u00fat odborn\u00e9ho vzdel\u00e1vania","isPartOf":{"@id":"https:\/\/archiv.siov.sk\/#website"},"datePublished":"2019-01-25T10:15:01+00:00","dateModified":"2023-11-20T12:32:07+00:00","breadcrumb":{"@id":"https:\/\/archiv.siov.sk\/sutaze\/#breadcrumb"},"inLanguage":"en-GB","potentialAction":[{"@type":"ReadAction","target":["https:\/\/archiv.siov.sk\/sutaze\/"]}]},{"@type":"BreadcrumbList","@id":"https:\/\/archiv.siov.sk\/sutaze\/#breadcrumb","itemListElement":[{"@type":"ListItem","position":1,"name":"Home","item":"https:\/\/archiv.siov.sk\/"},{"@type":"ListItem","position":2,"name":"S\u00fa\u0165a\u017ee"}]},{"@type":"WebSite","@id":"https:\/\/archiv.siov.sk\/#website","url":"https:\/\/archiv.siov.sk\/","name":"\u0160IOV - \u0161t\u00e1tny in\u0161tit\u00fat odborn\u00e9ho vzdel\u00e1vania","description":"","publisher":{"@id":"https:\/\/archiv.siov.sk\/#organization"},"potentialAction":[{"@type":"SearchAction","target":{"@type":"EntryPoint","urlTemplate":"https:\/\/archiv.siov.sk\/?s={search_term_string}"},"query-input":{"@type":"PropertyValueSpecification","valueRequired":true,"valueName":"search_term_string"}}],"inLanguage":"en-GB"},{"@type":"Organization","@id":"https:\/\/archiv.siov.sk\/#organization","name":"\u0160IOV - \u0161t\u00e1tny in\u0161tit\u00fat odborn\u00e9ho vzdel\u00e1vania","url":"https:\/\/archiv.siov.sk\/","logo":{"@type":"ImageObject","inLanguage":"en-GB","@id":"https:\/\/archiv.siov.sk\/#\/schema\/logo\/image\/","url":"https:\/\/archiv.siov.sk\/wp-content\/uploads\/2024\/02\/logo-SIOV.png","contentUrl":"https:\/\/archiv.siov.sk\/wp-content\/uploads\/2024\/02\/logo-SIOV.png","width":431,"height":143,"caption":"\u0160IOV - \u0161t\u00e1tny in\u0161tit\u00fat odborn\u00e9ho vzdel\u00e1vania"},"image":{"@id":"https:\/\/archiv.siov.sk\/#\/schema\/logo\/image\/"},"sameAs":["https:\/\/www.facebook.com\/Statnyinstitutodbornehovzdelavania"]}]}},"_links":{"self":[{"href":"https:\/\/archiv.siov.sk\/en\/wp-json\/wp\/v2\/pages\/144","targetHints":{"allow":["GET"]}}],"collection":[{"href":"https:\/\/archiv.siov.sk\/en\/wp-json\/wp\/v2\/pages"}],"about":[{"href":"https:\/\/archiv.siov.sk\/en\/wp-json\/wp\/v2\/types\/page"}],"author":[{"embeddable":true,"href":"https:\/\/archiv.siov.sk\/en\/wp-json\/wp\/v2\/users\/1"}],"replies":[{"embeddable":true,"href":"https:\/\/archiv.siov.sk\/en\/wp-json\/wp\/v2\/comments?post=144"}],"version-history":[{"count":28,"href":"https:\/\/archiv.siov.sk\/en\/wp-json\/wp\/v2\/pages\/144\/revisions"}],"predecessor-version":[{"id":14385,"href":"https:\/\/archiv.siov.sk\/en\/wp-json\/wp\/v2\/pages\/144\/revisions\/14385"}],"wp:attachment":[{"href":"https:\/\/archiv.siov.sk\/en\/wp-json\/wp\/v2\/media?parent=144"}],"curies":[{"name":"wp","href":"https:\/\/api.w.org\/{rel}","templated":true}]}}