{"id":142,"date":"2019-01-25T11:14:00","date_gmt":"2019-01-25T10:14:00","guid":{"rendered":"http:\/\/archiv.siov.sk\/?page_id=142"},"modified":"2021-08-03T10:39:07","modified_gmt":"2021-08-03T08:39:07","slug":"informacia-o-dolozke-k-vysvedceniu-2","status":"publish","type":"page","link":"https:\/\/archiv.siov.sk\/en\/cvicne-firmy\/informacia-o-dolozke-k-vysvedceniu-2\/","title":{"rendered":"Information on the certificate endorsement"},"content":{"rendered":"<div data-elementor-type=\"wp-page\" data-elementor-id=\"142\" class=\"elementor elementor-142\" data-elementor-post-type=\"page\">\n\t\t\t\t\t\t<section class=\"elementor-section elementor-top-section elementor-element elementor-element-03929cf elementor-section-boxed elementor-section-height-default elementor-section-height-default\" data-id=\"03929cf\" data-element_type=\"section\" data-e-type=\"section\">\n\t\t\t\t\t\t<div class=\"elementor-container elementor-column-gap-default\">\n\t\t\t\t\t<div class=\"elementor-column elementor-col-100 elementor-top-column elementor-element elementor-element-bb16482\" data-id=\"bb16482\" data-element_type=\"column\" data-e-type=\"column\">\n\t\t\t<div class=\"elementor-widget-wrap elementor-element-populated\">\n\t\t\t\t\t\t<div class=\"elementor-element elementor-element-5a0bfdc elementor-widget-divider--view-line elementor-widget elementor-widget-divider\" data-id=\"5a0bfdc\" data-element_type=\"widget\" data-e-type=\"widget\" data-widget_type=\"divider.default\">\n\t\t\t\t<div class=\"elementor-widget-container\">\n\t\t\t\t\t\t\t<div class=\"elementor-divider\">\n\t\t\t<span class=\"elementor-divider-separator\">\n\t\t\t\t\t\t<\/span>\n\t\t<\/div>\n\t\t\t\t\t\t<\/div>\n\t\t\t\t<\/div>\n\t\t\t\t<div class=\"elementor-element elementor-element-2fbd459 elementor-widget elementor-widget-heading\" data-id=\"2fbd459\" data-element_type=\"widget\" data-e-type=\"widget\" data-widget_type=\"heading.default\">\n\t\t\t\t<div class=\"elementor-widget-container\">\n\t\t\t\t\t<h2 class=\"elementor-heading-title elementor-size-default\">Information on the certificate endorsement<\/h2>\t\t\t\t<\/div>\n\t\t\t\t<\/div>\n\t\t\t\t\t<\/div>\n\t\t<\/div>\n\t\t\t\t\t<\/div>\n\t\t<\/section>\n\t\t\t\t<section class=\"elementor-section elementor-top-section elementor-element elementor-element-2020a819 elementor-section-boxed elementor-section-height-default elementor-section-height-default\" data-id=\"2020a819\" data-element_type=\"section\" data-e-type=\"section\">\n\t\t\t\t\t\t<div class=\"elementor-container elementor-column-gap-default\">\n\t\t\t\t\t<div class=\"elementor-column elementor-col-100 elementor-top-column elementor-element elementor-element-6f0dc21e\" data-id=\"6f0dc21e\" data-element_type=\"column\" data-e-type=\"column\">\n\t\t\t<div class=\"elementor-widget-wrap elementor-element-populated\">\n\t\t\t\t\t\t<div class=\"elementor-element elementor-element-32f517bd elementor-widget elementor-widget-text-editor\" data-id=\"32f517bd\" data-element_type=\"widget\" data-e-type=\"widget\" data-widget_type=\"text-editor.default\">\n\t\t\t\t<div class=\"elementor-widget-container\">\n\t\t\t\t\t\t\t\t\t\u0160t\u00e1tny in\u0161tit\u00fat odborn\u00e9ho vzdel\u00e1vania \u2013<strong> Slovensk\u00e9 centrum cvi\u010dn\u00fdch firiem <\/strong>v Bratislave<strong>&nbsp;<\/strong>d\u00e1va \u0161kol\u00e1m, v&nbsp;ktor\u00fdch pracuj\u00fa cvi\u010dn\u00e9 firmy, mo\u017enos\u0165 udelenia&nbsp;<strong>Dolo\u017eiek k&nbsp;vysved\u010deniu<\/strong>.\r\n<blockquote>\u017diak, ktor\u00fd absolvoval \u00faspe\u0161ne cvi\u010dn\u00fa firmu, m\u00f4\u017ee dosta\u0165 takzvan\u00fa Dolo\u017eku k&nbsp;vysved\u010deniu za kvalitn\u00fa pr\u00e1cu v&nbsp;cvi\u010dnej firme a&nbsp;za \u00faspe\u0161n\u00fa reprezent\u00e1ciu \u0161koly na region\u00e1lnych ve\u013etrhoch a&nbsp;kontrakta\u010dn\u00fdch d\u0148och cvi\u010dn\u00fdch firiem.<\/blockquote>\r\nU\u010ditelia si m\u00f4\u017eu stiahnu\u0165 Dolo\u017eku k vysved\u010deniu <a href=\"http:\/\/siov.sk\/Documents\/30-10-2016\/dolozkavysved.zip\">TU<\/a>.\r\n\r\nV&nbsp;pr\u00edpade, \u017ee vyu\u017eijete t\u00fato mo\u017enos\u0165, odpor\u00fa\u010dame V\u00e1m dolo\u017eku vytla\u010di\u0165 na farebnej tla\u010diarni a&nbsp;na hrub\u0161\u00ed biely papier (od 120 g do 200g) <a href=\"http:\/\/siov.sk\/Documents\/17-10-2016\/Dolo\u017eka_k_vysved\u010deniu_SCCF.doc\">dolo\u017eka k vysved\u010deniu<\/a>.\r\n\r\n&nbsp;\t\t\t\t\t\t\t\t<\/div>\n\t\t\t\t<\/div>\n\t\t\t\t\t<\/div>\n\t\t<\/div>\n\t\t\t\t\t<\/div>\n\t\t<\/section>\n\t\t\t\t<\/div>","protected":false},"excerpt":{"rendered":"<p>Inform\u00e1cia o dolo\u017eke k vysved\u010deniu \u0160t\u00e1tny in\u0161tit\u00fat odborn\u00e9ho vzdel\u00e1vania \u2013 Slovensk\u00e9 centrum cvi\u010dn\u00fdch firiem v Bratislave&nbsp;d\u00e1va \u0161kol\u00e1m, v&nbsp;ktor\u00fdch pracuj\u00fa cvi\u010dn\u00e9 firmy, mo\u017enos\u0165 udelenia&nbsp;Dolo\u017eiek k&nbsp;vysved\u010deniu. \u017diak, ktor\u00fd absolvoval \u00faspe\u0161ne cvi\u010dn\u00fa firmu, m\u00f4\u017ee dosta\u0165 takzvan\u00fa Dolo\u017eku k&nbsp;vysved\u010deniu za kvalitn\u00fa pr\u00e1cu v&nbsp;cvi\u010dnej firme a&nbsp;za \u00faspe\u0161n\u00fa reprezent\u00e1ciu \u0161koly na region\u00e1lnych ve\u013etrhoch a&nbsp;kontrakta\u010dn\u00fdch d\u0148och cvi\u010dn\u00fdch firiem. U\u010ditelia si m\u00f4\u017eu stiahnu\u0165 [&hellip;]<\/p>\n","protected":false},"author":1,"featured_media":0,"parent":103,"menu_order":0,"comment_status":"closed","ping_status":"closed","template":"","meta":{"site-sidebar-layout":"default","site-content-layout":"default","ast-site-content-layout":"default","site-content-style":"default","site-sidebar-style":"default","ast-global-header-display":"","ast-banner-title-visibility":"","ast-main-header-display":"","ast-hfb-above-header-display":"","ast-hfb-below-header-display":"","ast-hfb-mobile-header-display":"","site-post-title":"disabled","ast-breadcrumbs-content":"","ast-featured-img":"","footer-sml-layout":"","ast-disable-related-posts":"","theme-transparent-header-meta":"default","adv-header-id-meta":"","stick-header-meta":"","header-above-stick-meta":"","header-main-stick-meta":"","header-below-stick-meta":"","astra-migrate-meta-layouts":"default","ast-page-background-enabled":"default","ast-page-background-meta":{"desktop":{"background-color":"var(--ast-global-color-4)","background-image":"","background-repeat":"repeat","background-position":"center center","background-size":"auto","background-attachment":"scroll","background-type":"","background-media":"","overlay-type":"","overlay-color":"","overlay-opacity":"","overlay-gradient":""},"tablet":{"background-color":"","background-image":"","background-repeat":"repeat","background-position":"center center","background-size":"auto","background-attachment":"scroll","background-type":"","background-media":"","overlay-type":"","overlay-color":"","overlay-opacity":"","overlay-gradient":""},"mobile":{"background-color":"","background-image":"","background-repeat":"repeat","background-position":"center center","background-size":"auto","background-attachment":"scroll","background-type":"","background-media":"","overlay-type":"","overlay-color":"","overlay-opacity":"","overlay-gradient":""}},"ast-content-background-meta":{"desktop":{"background-color":"var(--ast-global-color-5)","background-image":"","background-repeat":"repeat","background-position":"center center","background-size":"auto","background-attachment":"scroll","background-type":"","background-media":"","overlay-type":"","overlay-color":"","overlay-opacity":"","overlay-gradient":""},"tablet":{"background-color":"var(--ast-global-color-5)","background-image":"","background-repeat":"repeat","background-position":"center center","background-size":"auto","background-attachment":"scroll","background-type":"","background-media":"","overlay-type":"","overlay-color":"","overlay-opacity":"","overlay-gradient":""},"mobile":{"background-color":"var(--ast-global-color-5)","background-image":"","background-repeat":"repeat","background-position":"center center","background-size":"auto","background-attachment":"scroll","background-type":"","background-media":"","overlay-type":"","overlay-color":"","overlay-opacity":"","overlay-gradient":""}},"footnotes":""},"class_list":["post-142","page","type-page","status-publish","hentry"],"yoast_head":"<!-- This site is optimized with the Yoast SEO plugin v27.4 - https:\/\/yoast.com\/product\/yoast-seo-wordpress\/ -->\n<title>Inform\u00e1cia o dolo\u017eke k vysved\u010deniu - \u0160IOV - \u0161t\u00e1tny in\u0161tit\u00fat odborn\u00e9ho vzdel\u00e1vania<\/title>\n<meta name=\"robots\" content=\"index, follow, max-snippet:-1, max-image-preview:large, max-video-preview:-1\" \/>\n<link rel=\"canonical\" href=\"https:\/\/archiv.siov.sk\/en\/cvicne-firmy\/informacia-o-dolozke-k-vysvedceniu-2\/\" \/>\n<meta property=\"og:locale\" content=\"en_GB\" \/>\n<meta property=\"og:type\" content=\"article\" \/>\n<meta property=\"og:title\" content=\"Inform\u00e1cia o dolo\u017eke k vysved\u010deniu - \u0160IOV - \u0161t\u00e1tny in\u0161tit\u00fat odborn\u00e9ho vzdel\u00e1vania\" \/>\n<meta property=\"og:description\" content=\"Inform\u00e1cia o dolo\u017eke k vysved\u010deniu \u0160t\u00e1tny in\u0161tit\u00fat odborn\u00e9ho vzdel\u00e1vania \u2013 Slovensk\u00e9 centrum cvi\u010dn\u00fdch firiem v Bratislave&nbsp;d\u00e1va \u0161kol\u00e1m, v&nbsp;ktor\u00fdch pracuj\u00fa cvi\u010dn\u00e9 firmy, mo\u017enos\u0165 udelenia&nbsp;Dolo\u017eiek k&nbsp;vysved\u010deniu. \u017diak, ktor\u00fd absolvoval \u00faspe\u0161ne cvi\u010dn\u00fa firmu, m\u00f4\u017ee dosta\u0165 takzvan\u00fa Dolo\u017eku k&nbsp;vysved\u010deniu za kvalitn\u00fa pr\u00e1cu v&nbsp;cvi\u010dnej firme a&nbsp;za \u00faspe\u0161n\u00fa reprezent\u00e1ciu \u0161koly na region\u00e1lnych ve\u013etrhoch a&nbsp;kontrakta\u010dn\u00fdch d\u0148och cvi\u010dn\u00fdch firiem. U\u010ditelia si m\u00f4\u017eu stiahnu\u0165 [&hellip;]\" \/>\n<meta property=\"og:url\" content=\"https:\/\/archiv.siov.sk\/en\/cvicne-firmy\/informacia-o-dolozke-k-vysvedceniu-2\/\" \/>\n<meta property=\"og:site_name\" content=\"\u0160IOV - \u0161t\u00e1tny in\u0161tit\u00fat odborn\u00e9ho vzdel\u00e1vania\" \/>\n<meta property=\"article:publisher\" content=\"https:\/\/www.facebook.com\/Statnyinstitutodbornehovzdelavania\" \/>\n<meta property=\"article:modified_time\" content=\"2021-08-03T08:39:07+00:00\" \/>\n<meta name=\"twitter:card\" content=\"summary_large_image\" \/>\n<meta name=\"twitter:label1\" content=\"Estimated reading time\" \/>\n\t<meta name=\"twitter:data1\" content=\"1 minute\" \/>\n<script type=\"application\/ld+json\" class=\"yoast-schema-graph\">{\"@context\":\"https:\\\/\\\/schema.org\",\"@graph\":[{\"@type\":\"WebPage\",\"@id\":\"https:\\\/\\\/archiv.siov.sk\\\/cvicne-firmy\\\/informacia-o-dolozke-k-vysvedceniu-2\\\/\",\"url\":\"https:\\\/\\\/archiv.siov.sk\\\/cvicne-firmy\\\/informacia-o-dolozke-k-vysvedceniu-2\\\/\",\"name\":\"Inform\u00e1cia o dolo\u017eke k vysved\u010deniu - \u0160IOV - \u0161t\u00e1tny in\u0161tit\u00fat odborn\u00e9ho vzdel\u00e1vania\",\"isPartOf\":{\"@id\":\"https:\\\/\\\/archiv.siov.sk\\\/#website\"},\"datePublished\":\"2019-01-25T10:14:00+00:00\",\"dateModified\":\"2021-08-03T08:39:07+00:00\",\"breadcrumb\":{\"@id\":\"https:\\\/\\\/archiv.siov.sk\\\/cvicne-firmy\\\/informacia-o-dolozke-k-vysvedceniu-2\\\/#breadcrumb\"},\"inLanguage\":\"en-GB\",\"potentialAction\":[{\"@type\":\"ReadAction\",\"target\":[\"https:\\\/\\\/archiv.siov.sk\\\/cvicne-firmy\\\/informacia-o-dolozke-k-vysvedceniu-2\\\/\"]}]},{\"@type\":\"BreadcrumbList\",\"@id\":\"https:\\\/\\\/archiv.siov.sk\\\/cvicne-firmy\\\/informacia-o-dolozke-k-vysvedceniu-2\\\/#breadcrumb\",\"itemListElement\":[{\"@type\":\"ListItem\",\"position\":1,\"name\":\"Home\",\"item\":\"https:\\\/\\\/archiv.siov.sk\\\/\"},{\"@type\":\"ListItem\",\"position\":2,\"name\":\"SLOVENSK\u00c9 CENTRUM CVI\u010cN\u00ddCH FIRIEM\",\"item\":\"https:\\\/\\\/archiv.siov.sk\\\/cvicne-firmy\\\/\"},{\"@type\":\"ListItem\",\"position\":3,\"name\":\"Inform\u00e1cia o dolo\u017eke k vysved\u010deniu\"}]},{\"@type\":\"WebSite\",\"@id\":\"https:\\\/\\\/archiv.siov.sk\\\/#website\",\"url\":\"https:\\\/\\\/archiv.siov.sk\\\/\",\"name\":\"\u0160IOV - \u0161t\u00e1tny in\u0161tit\u00fat odborn\u00e9ho vzdel\u00e1vania\",\"description\":\"\",\"publisher\":{\"@id\":\"https:\\\/\\\/archiv.siov.sk\\\/#organization\"},\"potentialAction\":[{\"@type\":\"SearchAction\",\"target\":{\"@type\":\"EntryPoint\",\"urlTemplate\":\"https:\\\/\\\/archiv.siov.sk\\\/?s={search_term_string}\"},\"query-input\":{\"@type\":\"PropertyValueSpecification\",\"valueRequired\":true,\"valueName\":\"search_term_string\"}}],\"inLanguage\":\"en-GB\"},{\"@type\":\"Organization\",\"@id\":\"https:\\\/\\\/archiv.siov.sk\\\/#organization\",\"name\":\"\u0160IOV - \u0161t\u00e1tny in\u0161tit\u00fat odborn\u00e9ho vzdel\u00e1vania\",\"url\":\"https:\\\/\\\/archiv.siov.sk\\\/\",\"logo\":{\"@type\":\"ImageObject\",\"inLanguage\":\"en-GB\",\"@id\":\"https:\\\/\\\/archiv.siov.sk\\\/#\\\/schema\\\/logo\\\/image\\\/\",\"url\":\"https:\\\/\\\/archiv.siov.sk\\\/wp-content\\\/uploads\\\/2024\\\/02\\\/logo-SIOV.png\",\"contentUrl\":\"https:\\\/\\\/archiv.siov.sk\\\/wp-content\\\/uploads\\\/2024\\\/02\\\/logo-SIOV.png\",\"width\":431,\"height\":143,\"caption\":\"\u0160IOV - \u0161t\u00e1tny in\u0161tit\u00fat odborn\u00e9ho vzdel\u00e1vania\"},\"image\":{\"@id\":\"https:\\\/\\\/archiv.siov.sk\\\/#\\\/schema\\\/logo\\\/image\\\/\"},\"sameAs\":[\"https:\\\/\\\/www.facebook.com\\\/Statnyinstitutodbornehovzdelavania\"]}]}<\/script>\n<!-- \/ Yoast SEO plugin. -->","yoast_head_json":{"title":"Inform\u00e1cia o dolo\u017eke k vysved\u010deniu - \u0160IOV - \u0161t\u00e1tny in\u0161tit\u00fat odborn\u00e9ho vzdel\u00e1vania","robots":{"index":"index","follow":"follow","max-snippet":"max-snippet:-1","max-image-preview":"max-image-preview:large","max-video-preview":"max-video-preview:-1"},"canonical":"https:\/\/archiv.siov.sk\/en\/cvicne-firmy\/informacia-o-dolozke-k-vysvedceniu-2\/","og_locale":"en_GB","og_type":"article","og_title":"Inform\u00e1cia o dolo\u017eke k vysved\u010deniu - \u0160IOV - \u0161t\u00e1tny in\u0161tit\u00fat odborn\u00e9ho vzdel\u00e1vania","og_description":"Inform\u00e1cia o dolo\u017eke k vysved\u010deniu \u0160t\u00e1tny in\u0161tit\u00fat odborn\u00e9ho vzdel\u00e1vania \u2013 Slovensk\u00e9 centrum cvi\u010dn\u00fdch firiem v Bratislave&nbsp;d\u00e1va \u0161kol\u00e1m, v&nbsp;ktor\u00fdch pracuj\u00fa cvi\u010dn\u00e9 firmy, mo\u017enos\u0165 udelenia&nbsp;Dolo\u017eiek k&nbsp;vysved\u010deniu. \u017diak, ktor\u00fd absolvoval \u00faspe\u0161ne cvi\u010dn\u00fa firmu, m\u00f4\u017ee dosta\u0165 takzvan\u00fa Dolo\u017eku k&nbsp;vysved\u010deniu za kvalitn\u00fa pr\u00e1cu v&nbsp;cvi\u010dnej firme a&nbsp;za \u00faspe\u0161n\u00fa reprezent\u00e1ciu \u0161koly na region\u00e1lnych ve\u013etrhoch a&nbsp;kontrakta\u010dn\u00fdch d\u0148och cvi\u010dn\u00fdch firiem. U\u010ditelia si m\u00f4\u017eu stiahnu\u0165 [&hellip;]","og_url":"https:\/\/archiv.siov.sk\/en\/cvicne-firmy\/informacia-o-dolozke-k-vysvedceniu-2\/","og_site_name":"\u0160IOV - \u0161t\u00e1tny in\u0161tit\u00fat odborn\u00e9ho vzdel\u00e1vania","article_publisher":"https:\/\/www.facebook.com\/Statnyinstitutodbornehovzdelavania","article_modified_time":"2021-08-03T08:39:07+00:00","twitter_card":"summary_large_image","twitter_misc":{"Estimated reading time":"1 minute"},"schema":{"@context":"https:\/\/schema.org","@graph":[{"@type":"WebPage","@id":"https:\/\/archiv.siov.sk\/cvicne-firmy\/informacia-o-dolozke-k-vysvedceniu-2\/","url":"https:\/\/archiv.siov.sk\/cvicne-firmy\/informacia-o-dolozke-k-vysvedceniu-2\/","name":"Inform\u00e1cia o dolo\u017eke k vysved\u010deniu - \u0160IOV - \u0161t\u00e1tny in\u0161tit\u00fat odborn\u00e9ho vzdel\u00e1vania","isPartOf":{"@id":"https:\/\/archiv.siov.sk\/#website"},"datePublished":"2019-01-25T10:14:00+00:00","dateModified":"2021-08-03T08:39:07+00:00","breadcrumb":{"@id":"https:\/\/archiv.siov.sk\/cvicne-firmy\/informacia-o-dolozke-k-vysvedceniu-2\/#breadcrumb"},"inLanguage":"en-GB","potentialAction":[{"@type":"ReadAction","target":["https:\/\/archiv.siov.sk\/cvicne-firmy\/informacia-o-dolozke-k-vysvedceniu-2\/"]}]},{"@type":"BreadcrumbList","@id":"https:\/\/archiv.siov.sk\/cvicne-firmy\/informacia-o-dolozke-k-vysvedceniu-2\/#breadcrumb","itemListElement":[{"@type":"ListItem","position":1,"name":"Home","item":"https:\/\/archiv.siov.sk\/"},{"@type":"ListItem","position":2,"name":"SLOVENSK\u00c9 CENTRUM CVI\u010cN\u00ddCH FIRIEM","item":"https:\/\/archiv.siov.sk\/cvicne-firmy\/"},{"@type":"ListItem","position":3,"name":"Inform\u00e1cia o dolo\u017eke k vysved\u010deniu"}]},{"@type":"WebSite","@id":"https:\/\/archiv.siov.sk\/#website","url":"https:\/\/archiv.siov.sk\/","name":"\u0160IOV - \u0161t\u00e1tny in\u0161tit\u00fat odborn\u00e9ho vzdel\u00e1vania","description":"","publisher":{"@id":"https:\/\/archiv.siov.sk\/#organization"},"potentialAction":[{"@type":"SearchAction","target":{"@type":"EntryPoint","urlTemplate":"https:\/\/archiv.siov.sk\/?s={search_term_string}"},"query-input":{"@type":"PropertyValueSpecification","valueRequired":true,"valueName":"search_term_string"}}],"inLanguage":"en-GB"},{"@type":"Organization","@id":"https:\/\/archiv.siov.sk\/#organization","name":"\u0160IOV - \u0161t\u00e1tny in\u0161tit\u00fat odborn\u00e9ho vzdel\u00e1vania","url":"https:\/\/archiv.siov.sk\/","logo":{"@type":"ImageObject","inLanguage":"en-GB","@id":"https:\/\/archiv.siov.sk\/#\/schema\/logo\/image\/","url":"https:\/\/archiv.siov.sk\/wp-content\/uploads\/2024\/02\/logo-SIOV.png","contentUrl":"https:\/\/archiv.siov.sk\/wp-content\/uploads\/2024\/02\/logo-SIOV.png","width":431,"height":143,"caption":"\u0160IOV - \u0161t\u00e1tny in\u0161tit\u00fat odborn\u00e9ho vzdel\u00e1vania"},"image":{"@id":"https:\/\/archiv.siov.sk\/#\/schema\/logo\/image\/"},"sameAs":["https:\/\/www.facebook.com\/Statnyinstitutodbornehovzdelavania"]}]}},"_links":{"self":[{"href":"https:\/\/archiv.siov.sk\/en\/wp-json\/wp\/v2\/pages\/142","targetHints":{"allow":["GET"]}}],"collection":[{"href":"https:\/\/archiv.siov.sk\/en\/wp-json\/wp\/v2\/pages"}],"about":[{"href":"https:\/\/archiv.siov.sk\/en\/wp-json\/wp\/v2\/types\/page"}],"author":[{"embeddable":true,"href":"https:\/\/archiv.siov.sk\/en\/wp-json\/wp\/v2\/users\/1"}],"replies":[{"embeddable":true,"href":"https:\/\/archiv.siov.sk\/en\/wp-json\/wp\/v2\/comments?post=142"}],"version-history":[{"count":5,"href":"https:\/\/archiv.siov.sk\/en\/wp-json\/wp\/v2\/pages\/142\/revisions"}],"predecessor-version":[{"id":9247,"href":"https:\/\/archiv.siov.sk\/en\/wp-json\/wp\/v2\/pages\/142\/revisions\/9247"}],"up":[{"embeddable":true,"href":"https:\/\/archiv.siov.sk\/en\/wp-json\/wp\/v2\/pages\/103"}],"wp:attachment":[{"href":"https:\/\/archiv.siov.sk\/en\/wp-json\/wp\/v2\/media?parent=142"}],"curies":[{"name":"wp","href":"https:\/\/api.w.org\/{rel}","templated":true}]}}