{"id":134,"date":"2019-01-25T11:10:43","date_gmt":"2019-01-25T10:10:43","guid":{"rendered":"http:\/\/archiv.siov.sk\/?page_id=134"},"modified":"2021-07-23T08:23:19","modified_gmt":"2021-07-23T06:23:19","slug":"ako-ucit-cvicnu-firmu","status":"publish","type":"page","link":"https:\/\/archiv.siov.sk\/en\/cvicne-firmy\/veltrhy-a-sutaze\/ako-ucit-cvicnu-firmu\/","title":{"rendered":"How to teach a training company"},"content":{"rendered":"<div data-elementor-type=\"wp-page\" data-elementor-id=\"134\" class=\"elementor elementor-134\" data-elementor-post-type=\"page\">\n\t\t\t\t\t\t<section class=\"elementor-section elementor-top-section elementor-element elementor-element-0cf8778 elementor-section-boxed elementor-section-height-default elementor-section-height-default\" data-id=\"0cf8778\" data-element_type=\"section\" data-e-type=\"section\">\n\t\t\t\t\t\t<div class=\"elementor-container elementor-column-gap-default\">\n\t\t\t\t\t<div class=\"elementor-column elementor-col-100 elementor-top-column elementor-element elementor-element-604e1d1\" data-id=\"604e1d1\" data-element_type=\"column\" data-e-type=\"column\">\n\t\t\t<div class=\"elementor-widget-wrap elementor-element-populated\">\n\t\t\t\t\t\t<div class=\"elementor-element elementor-element-2a2a248 elementor-widget-divider--view-line elementor-widget elementor-widget-divider\" data-id=\"2a2a248\" data-element_type=\"widget\" data-e-type=\"widget\" data-widget_type=\"divider.default\">\n\t\t\t\t<div class=\"elementor-widget-container\">\n\t\t\t\t\t\t\t<div class=\"elementor-divider\">\n\t\t\t<span class=\"elementor-divider-separator\">\n\t\t\t\t\t\t<\/span>\n\t\t<\/div>\n\t\t\t\t\t\t<\/div>\n\t\t\t\t<\/div>\n\t\t\t\t<div class=\"elementor-element elementor-element-d4616f3 elementor-widget elementor-widget-heading\" data-id=\"d4616f3\" data-element_type=\"widget\" data-e-type=\"widget\" data-widget_type=\"heading.default\">\n\t\t\t\t<div class=\"elementor-widget-container\">\n\t\t\t\t\t<h2 class=\"elementor-heading-title elementor-size-default\">How to teach a training company<\/h2>\t\t\t\t<\/div>\n\t\t\t\t<\/div>\n\t\t\t\t\t<\/div>\n\t\t<\/div>\n\t\t\t\t\t<\/div>\n\t\t<\/section>\n\t\t\t\t<section class=\"elementor-section elementor-top-section elementor-element elementor-element-591bb53a elementor-section-boxed elementor-section-height-default elementor-section-height-default\" data-id=\"591bb53a\" data-element_type=\"section\" data-e-type=\"section\">\n\t\t\t\t\t\t<div class=\"elementor-container elementor-column-gap-default\">\n\t\t\t\t\t<div class=\"elementor-column elementor-col-100 elementor-top-column elementor-element elementor-element-4d0e642e\" data-id=\"4d0e642e\" data-element_type=\"column\" data-e-type=\"column\">\n\t\t\t<div class=\"elementor-widget-wrap elementor-element-populated\">\n\t\t\t\t\t\t<div class=\"elementor-element elementor-element-3beeeef5 elementor-widget elementor-widget-text-editor\" data-id=\"3beeeef5\" data-element_type=\"widget\" data-e-type=\"widget\" data-widget_type=\"text-editor.default\">\n\t\t\t\t<div class=\"elementor-widget-container\">\n\t\t\t\t\t\t\t\t\t<p style=\"text-align: justify;\"><strong>Semin\u00e1r pre u\u010dite\u013eov cvi\u010dn\u00fdch firiem<\/strong>\r\n\u0160pecializovan\u00e9 pracovisko \u0160t\u00e1tneho in\u0161tit\u00fatu odborn\u00e9ho vzdel\u00e1vania, Slovensk\u00e9 centrum cvi\u010dn\u00fdch firiem pripravilo semin\u00e1r pre pedagogick\u00fdch zamestnancov so zameran\u00edm na v\u00fdu\u010dbu predmetu cvi\u010dn\u00e1 firma.<\/p>\r\n<strong>T\u00e9ma: &nbsp; &nbsp;&nbsp;<\/strong>Ako u\u010di\u0165 predmet Cvi\u010dn\u00e1 firma\r\n<strong>Term\u00edn: &nbsp;&nbsp;<\/strong>3. j\u00fala 2017\r\n<strong>Miesto: &nbsp;&nbsp;<\/strong>\u0160t\u00e1tny in\u0161tit\u00fat odborn\u00e9ho vzdel\u00e1vania, Bellova 54\/a, 837 63 Bratislava-Koliba\r\n<strong>Lektori: &nbsp;&nbsp;<\/strong>Ing. Gabriela Horeck\u00e1, Ing. Daniel \u0147arja\u0161&nbsp;&#8211; \u0160IOV, Mgr. Marta Maru\u0161incov\u00e1&nbsp;&#8211; \u0160IOV, doc. Ing. \u013dudmila Velichov\u00e1, PhD.&nbsp;&#8211; Ekonomick\u00e1 univerzita v&nbsp;Bratislave, Ing. Ladislav Pasiar, PhD.&nbsp;&#8211; Ekonomick\u00e1 univerzita v&nbsp;Bratislave\r\n\r\n<strong>Program:<\/strong>\r\n<table class=\"table\">\r\n<tbody>\r\n<tr>\r\n<td>09:00 &nbsp;\u2013 &nbsp; 09:15<\/td>\r\n<td>Otvorenie\/Ing. Gabriela Horeck\u00e1<\/td>\r\n<\/tr>\r\n<tr>\r\n<td>09:15 &nbsp; \u2013 &nbsp; 10:00<\/td>\r\n<td><a href=\"http:\/\/siov.sk\/wp-content\/uploads\/2019\/02\/CF-a-SCCF_Horecka-03072017.pptx\">Cvi\u010dn\u00e1 firma. Europen PEN International. Certifik\u00e1cia CF\/Ing. Gabriela Horeck\u00e1<\/a><\/td>\r\n<\/tr>\r\n<tr>\r\n<td>10:05 &nbsp; \u2013 &nbsp; 10:50<\/td>\r\n<td><a href=\"http:\/\/siov.sk\/wp-content\/uploads\/2019\/02\/OR-ZR-Marusincova.ppt\">Online prihlasovanie v&nbsp;syst\u00e9me SCCF \u2013 \u00darady SCCF\/Mgr. Marta Maru\u0161incov\u00e1<\/a><\/td>\r\n<\/tr>\r\n<tr>\r\n<td>10:55 &nbsp; \u2013 &nbsp; 11:40<\/td>\r\n<td><a href=\"http:\/\/siov.sk\/wp-content\/uploads\/2019\/02\/Centrobanka_narjas-2017.ppt\">Centrobanka pri SCCF. Platby do a&nbsp;zo zahrani\u010dia\/Ing. Daniel \u0147arja\u0161<\/a><\/td>\r\n<\/tr>\r\n<tr>\r\n<td>12:15 &nbsp; &nbsp;\u2013 &nbsp; 13:20<\/td>\r\n<td>Rozhodovacie procesy v&nbsp;cvi\u010dnej firme\/doc. Ing. \u013dudmila Velichov\u00e1, PhD.<\/td>\r\n<\/tr>\r\n<tr>\r\n<td>13:25 &nbsp; \u2013 &nbsp; 14:25<\/td>\r\n<td>&nbsp;Prezenta\u010dn\u00e9 zru\u010dnosti v cvi\u010dnej firme\/Ing. Ladislav Pasiar, PhD.<\/td>\r\n<\/tr>\r\n<tr>\r\n<td>14:30 &nbsp; \u2013 &nbsp; 15:00<\/td>\r\n<td>&nbsp;Diskusia a&nbsp;z\u00e1ver\/Ing. Gabriela Horeck\u00e1<\/td>\r\n<\/tr>\r\n<\/tbody>\r\n<\/table>\r\n<p style=\"text-align: justify;\">Semin\u00e1r Ako u\u010di\u0165 cvi\u010dn\u00fa firmu absolvovalo 8 u\u010dite\u013eov z&nbsp;r\u00f4znych typov stredn\u00fdch odborn\u00fdch \u0161k\u00f4l, 4 z&nbsp;obchodn\u00fdch akad\u00e9mi\u00ed a&nbsp;1 z&nbsp;univerzitn\u00e9ho prostredia. Zast\u00fapen\u00e9 boli mest\u00e1&nbsp;cel\u00e9ho Slovenska \u2013 Nitra, Doln\u00fd Kub\u00edn, Ro\u017e\u0148ava, Tren\u010d\u00edn, Zvolen, Bratislava.<\/p>\r\n<p style=\"text-align: justify;\">U\u010dite\u013eom prajeme \u00faspe\u0161n\u00fd \u0161tart do nov\u00e9ho \u0161kolsk\u00e9ho roka a&nbsp;te\u0161\u00edme sa na \u010fal\u0161ie spolo\u010dn\u00e9 aktivity.<\/p>\r\n&nbsp;\t\t\t\t\t\t\t\t<\/div>\n\t\t\t\t<\/div>\n\t\t\t\t\t<\/div>\n\t\t<\/div>\n\t\t\t\t\t<\/div>\n\t\t<\/section>\n\t\t\t\t<\/div>","protected":false},"excerpt":{"rendered":"<p>Ako u\u010di\u0165 cvi\u010dn\u00fa firmu Semin\u00e1r pre u\u010dite\u013eov cvi\u010dn\u00fdch firiem \u0160pecializovan\u00e9 pracovisko \u0160t\u00e1tneho in\u0161tit\u00fatu odborn\u00e9ho vzdel\u00e1vania, Slovensk\u00e9 centrum cvi\u010dn\u00fdch firiem pripravilo semin\u00e1r pre pedagogick\u00fdch zamestnancov so zameran\u00edm na v\u00fdu\u010dbu predmetu cvi\u010dn\u00e1 firma. T\u00e9ma: &nbsp; &nbsp;&nbsp;Ako u\u010di\u0165 predmet Cvi\u010dn\u00e1 firma Term\u00edn: &nbsp;&nbsp;3. j\u00fala 2017 Miesto: &nbsp;&nbsp;\u0160t\u00e1tny in\u0161tit\u00fat odborn\u00e9ho vzdel\u00e1vania, Bellova 54\/a, 837 63 Bratislava-Koliba Lektori: &nbsp;&nbsp;Ing. Gabriela [&hellip;]<\/p>\n","protected":false},"author":1,"featured_media":0,"parent":114,"menu_order":0,"comment_status":"closed","ping_status":"closed","template":"","meta":{"site-sidebar-layout":"default","site-content-layout":"default","ast-site-content-layout":"default","site-content-style":"default","site-sidebar-style":"default","ast-global-header-display":"","ast-banner-title-visibility":"","ast-main-header-display":"","ast-hfb-above-header-display":"","ast-hfb-below-header-display":"","ast-hfb-mobile-header-display":"","site-post-title":"disabled","ast-breadcrumbs-content":"","ast-featured-img":"","footer-sml-layout":"","ast-disable-related-posts":"","theme-transparent-header-meta":"default","adv-header-id-meta":"","stick-header-meta":"","header-above-stick-meta":"","header-main-stick-meta":"","header-below-stick-meta":"","astra-migrate-meta-layouts":"default","ast-page-background-enabled":"default","ast-page-background-meta":{"desktop":{"background-color":"var(--ast-global-color-4)","background-image":"","background-repeat":"repeat","background-position":"center center","background-size":"auto","background-attachment":"scroll","background-type":"","background-media":"","overlay-type":"","overlay-color":"","overlay-opacity":"","overlay-gradient":""},"tablet":{"background-color":"","background-image":"","background-repeat":"repeat","background-position":"center center","background-size":"auto","background-attachment":"scroll","background-type":"","background-media":"","overlay-type":"","overlay-color":"","overlay-opacity":"","overlay-gradient":""},"mobile":{"background-color":"","background-image":"","background-repeat":"repeat","background-position":"center center","background-size":"auto","background-attachment":"scroll","background-type":"","background-media":"","overlay-type":"","overlay-color":"","overlay-opacity":"","overlay-gradient":""}},"ast-content-background-meta":{"desktop":{"background-color":"var(--ast-global-color-5)","background-image":"","background-repeat":"repeat","background-position":"center center","background-size":"auto","background-attachment":"scroll","background-type":"","background-media":"","overlay-type":"","overlay-color":"","overlay-opacity":"","overlay-gradient":""},"tablet":{"background-color":"var(--ast-global-color-5)","background-image":"","background-repeat":"repeat","background-position":"center center","background-size":"auto","background-attachment":"scroll","background-type":"","background-media":"","overlay-type":"","overlay-color":"","overlay-opacity":"","overlay-gradient":""},"mobile":{"background-color":"var(--ast-global-color-5)","background-image":"","background-repeat":"repeat","background-position":"center center","background-size":"auto","background-attachment":"scroll","background-type":"","background-media":"","overlay-type":"","overlay-color":"","overlay-opacity":"","overlay-gradient":""}},"footnotes":""},"class_list":["post-134","page","type-page","status-publish","hentry"],"yoast_head":"<!-- This site is optimized with the Yoast SEO plugin v27.5 - https:\/\/yoast.com\/product\/yoast-seo-wordpress\/ -->\n<title>Ako u\u010di\u0165 cvi\u010dn\u00fa firmu - \u0160IOV - \u0161t\u00e1tny in\u0161tit\u00fat odborn\u00e9ho vzdel\u00e1vania<\/title>\n<meta name=\"robots\" content=\"index, follow, max-snippet:-1, max-image-preview:large, max-video-preview:-1\" \/>\n<link rel=\"canonical\" href=\"https:\/\/archiv.siov.sk\/en\/cvicne-firmy\/veltrhy-a-sutaze\/ako-ucit-cvicnu-firmu\/\" \/>\n<meta property=\"og:locale\" content=\"en_GB\" \/>\n<meta property=\"og:type\" content=\"article\" \/>\n<meta property=\"og:title\" content=\"Ako u\u010di\u0165 cvi\u010dn\u00fa firmu - \u0160IOV - \u0161t\u00e1tny in\u0161tit\u00fat odborn\u00e9ho vzdel\u00e1vania\" \/>\n<meta property=\"og:description\" content=\"Ako u\u010di\u0165 cvi\u010dn\u00fa firmu Semin\u00e1r pre u\u010dite\u013eov cvi\u010dn\u00fdch firiem \u0160pecializovan\u00e9 pracovisko \u0160t\u00e1tneho in\u0161tit\u00fatu odborn\u00e9ho vzdel\u00e1vania, Slovensk\u00e9 centrum cvi\u010dn\u00fdch firiem pripravilo semin\u00e1r pre pedagogick\u00fdch zamestnancov so zameran\u00edm na v\u00fdu\u010dbu predmetu cvi\u010dn\u00e1 firma. T\u00e9ma: &nbsp; &nbsp;&nbsp;Ako u\u010di\u0165 predmet Cvi\u010dn\u00e1 firma Term\u00edn: &nbsp;&nbsp;3. j\u00fala 2017 Miesto: &nbsp;&nbsp;\u0160t\u00e1tny in\u0161tit\u00fat odborn\u00e9ho vzdel\u00e1vania, Bellova 54\/a, 837 63 Bratislava-Koliba Lektori: &nbsp;&nbsp;Ing. Gabriela [&hellip;]\" \/>\n<meta property=\"og:url\" content=\"https:\/\/archiv.siov.sk\/en\/cvicne-firmy\/veltrhy-a-sutaze\/ako-ucit-cvicnu-firmu\/\" \/>\n<meta property=\"og:site_name\" content=\"\u0160IOV - \u0161t\u00e1tny in\u0161tit\u00fat odborn\u00e9ho vzdel\u00e1vania\" \/>\n<meta property=\"article:publisher\" content=\"https:\/\/www.facebook.com\/Statnyinstitutodbornehovzdelavania\" \/>\n<meta property=\"article:modified_time\" content=\"2021-07-23T06:23:19+00:00\" \/>\n<meta name=\"twitter:card\" content=\"summary_large_image\" \/>\n<meta name=\"twitter:label1\" content=\"Estimated reading time\" \/>\n\t<meta name=\"twitter:data1\" content=\"1 minute\" \/>\n<script type=\"application\/ld+json\" class=\"yoast-schema-graph\">{\"@context\":\"https:\\\/\\\/schema.org\",\"@graph\":[{\"@type\":\"WebPage\",\"@id\":\"https:\\\/\\\/archiv.siov.sk\\\/en\\\/cvicne-firmy\\\/veltrhy-a-sutaze\\\/ako-ucit-cvicnu-firmu\\\/\",\"url\":\"https:\\\/\\\/archiv.siov.sk\\\/en\\\/cvicne-firmy\\\/veltrhy-a-sutaze\\\/ako-ucit-cvicnu-firmu\\\/\",\"name\":\"Ako u\u010di\u0165 cvi\u010dn\u00fa firmu - \u0160IOV - \u0161t\u00e1tny in\u0161tit\u00fat odborn\u00e9ho vzdel\u00e1vania\",\"isPartOf\":{\"@id\":\"https:\\\/\\\/archiv.siov.sk\\\/#website\"},\"datePublished\":\"2019-01-25T10:10:43+00:00\",\"dateModified\":\"2021-07-23T06:23:19+00:00\",\"breadcrumb\":{\"@id\":\"https:\\\/\\\/archiv.siov.sk\\\/en\\\/cvicne-firmy\\\/veltrhy-a-sutaze\\\/ako-ucit-cvicnu-firmu\\\/#breadcrumb\"},\"inLanguage\":\"en-GB\",\"potentialAction\":[{\"@type\":\"ReadAction\",\"target\":[\"https:\\\/\\\/archiv.siov.sk\\\/en\\\/cvicne-firmy\\\/veltrhy-a-sutaze\\\/ako-ucit-cvicnu-firmu\\\/\"]}]},{\"@type\":\"BreadcrumbList\",\"@id\":\"https:\\\/\\\/archiv.siov.sk\\\/en\\\/cvicne-firmy\\\/veltrhy-a-sutaze\\\/ako-ucit-cvicnu-firmu\\\/#breadcrumb\",\"itemListElement\":[{\"@type\":\"ListItem\",\"position\":1,\"name\":\"Home\",\"item\":\"https:\\\/\\\/archiv.siov.sk\\\/\"},{\"@type\":\"ListItem\",\"position\":2,\"name\":\"SLOVENSK\u00c9 CENTRUM CVI\u010cN\u00ddCH FIRIEM\",\"item\":\"https:\\\/\\\/archiv.siov.sk\\\/cvicne-firmy\\\/\"},{\"@type\":\"ListItem\",\"position\":3,\"name\":\"Ve\u013etrhy a s\u00fa\u0165a\u017ee\",\"item\":\"https:\\\/\\\/archiv.siov.sk\\\/cvicne-firmy\\\/veltrhy-a-sutaze\\\/\"},{\"@type\":\"ListItem\",\"position\":4,\"name\":\"Ako u\u010di\u0165 cvi\u010dn\u00fa firmu\"}]},{\"@type\":\"WebSite\",\"@id\":\"https:\\\/\\\/archiv.siov.sk\\\/#website\",\"url\":\"https:\\\/\\\/archiv.siov.sk\\\/\",\"name\":\"\u0160IOV - \u0161t\u00e1tny in\u0161tit\u00fat odborn\u00e9ho vzdel\u00e1vania\",\"description\":\"\",\"publisher\":{\"@id\":\"https:\\\/\\\/archiv.siov.sk\\\/#organization\"},\"potentialAction\":[{\"@type\":\"SearchAction\",\"target\":{\"@type\":\"EntryPoint\",\"urlTemplate\":\"https:\\\/\\\/archiv.siov.sk\\\/?s={search_term_string}\"},\"query-input\":{\"@type\":\"PropertyValueSpecification\",\"valueRequired\":true,\"valueName\":\"search_term_string\"}}],\"inLanguage\":\"en-GB\"},{\"@type\":\"Organization\",\"@id\":\"https:\\\/\\\/archiv.siov.sk\\\/#organization\",\"name\":\"\u0160IOV - \u0161t\u00e1tny in\u0161tit\u00fat odborn\u00e9ho vzdel\u00e1vania\",\"url\":\"https:\\\/\\\/archiv.siov.sk\\\/\",\"logo\":{\"@type\":\"ImageObject\",\"inLanguage\":\"en-GB\",\"@id\":\"https:\\\/\\\/archiv.siov.sk\\\/#\\\/schema\\\/logo\\\/image\\\/\",\"url\":\"https:\\\/\\\/archiv.siov.sk\\\/wp-content\\\/uploads\\\/2024\\\/02\\\/logo-SIOV.png\",\"contentUrl\":\"https:\\\/\\\/archiv.siov.sk\\\/wp-content\\\/uploads\\\/2024\\\/02\\\/logo-SIOV.png\",\"width\":431,\"height\":143,\"caption\":\"\u0160IOV - \u0161t\u00e1tny in\u0161tit\u00fat odborn\u00e9ho vzdel\u00e1vania\"},\"image\":{\"@id\":\"https:\\\/\\\/archiv.siov.sk\\\/#\\\/schema\\\/logo\\\/image\\\/\"},\"sameAs\":[\"https:\\\/\\\/www.facebook.com\\\/Statnyinstitutodbornehovzdelavania\"]}]}<\/script>\n<!-- \/ Yoast SEO plugin. -->","yoast_head_json":{"title":"Ako u\u010di\u0165 cvi\u010dn\u00fa firmu - \u0160IOV - \u0161t\u00e1tny in\u0161tit\u00fat odborn\u00e9ho vzdel\u00e1vania","robots":{"index":"index","follow":"follow","max-snippet":"max-snippet:-1","max-image-preview":"max-image-preview:large","max-video-preview":"max-video-preview:-1"},"canonical":"https:\/\/archiv.siov.sk\/en\/cvicne-firmy\/veltrhy-a-sutaze\/ako-ucit-cvicnu-firmu\/","og_locale":"en_GB","og_type":"article","og_title":"Ako u\u010di\u0165 cvi\u010dn\u00fa firmu - \u0160IOV - \u0161t\u00e1tny in\u0161tit\u00fat odborn\u00e9ho vzdel\u00e1vania","og_description":"Ako u\u010di\u0165 cvi\u010dn\u00fa firmu Semin\u00e1r pre u\u010dite\u013eov cvi\u010dn\u00fdch firiem \u0160pecializovan\u00e9 pracovisko \u0160t\u00e1tneho in\u0161tit\u00fatu odborn\u00e9ho vzdel\u00e1vania, Slovensk\u00e9 centrum cvi\u010dn\u00fdch firiem pripravilo semin\u00e1r pre pedagogick\u00fdch zamestnancov so zameran\u00edm na v\u00fdu\u010dbu predmetu cvi\u010dn\u00e1 firma. T\u00e9ma: &nbsp; &nbsp;&nbsp;Ako u\u010di\u0165 predmet Cvi\u010dn\u00e1 firma Term\u00edn: &nbsp;&nbsp;3. j\u00fala 2017 Miesto: &nbsp;&nbsp;\u0160t\u00e1tny in\u0161tit\u00fat odborn\u00e9ho vzdel\u00e1vania, Bellova 54\/a, 837 63 Bratislava-Koliba Lektori: &nbsp;&nbsp;Ing. Gabriela [&hellip;]","og_url":"https:\/\/archiv.siov.sk\/en\/cvicne-firmy\/veltrhy-a-sutaze\/ako-ucit-cvicnu-firmu\/","og_site_name":"\u0160IOV - \u0161t\u00e1tny in\u0161tit\u00fat odborn\u00e9ho vzdel\u00e1vania","article_publisher":"https:\/\/www.facebook.com\/Statnyinstitutodbornehovzdelavania","article_modified_time":"2021-07-23T06:23:19+00:00","twitter_card":"summary_large_image","twitter_misc":{"Estimated reading time":"1 minute"},"schema":{"@context":"https:\/\/schema.org","@graph":[{"@type":"WebPage","@id":"https:\/\/archiv.siov.sk\/en\/cvicne-firmy\/veltrhy-a-sutaze\/ako-ucit-cvicnu-firmu\/","url":"https:\/\/archiv.siov.sk\/en\/cvicne-firmy\/veltrhy-a-sutaze\/ako-ucit-cvicnu-firmu\/","name":"Ako u\u010di\u0165 cvi\u010dn\u00fa firmu - \u0160IOV - \u0161t\u00e1tny in\u0161tit\u00fat odborn\u00e9ho vzdel\u00e1vania","isPartOf":{"@id":"https:\/\/archiv.siov.sk\/#website"},"datePublished":"2019-01-25T10:10:43+00:00","dateModified":"2021-07-23T06:23:19+00:00","breadcrumb":{"@id":"https:\/\/archiv.siov.sk\/en\/cvicne-firmy\/veltrhy-a-sutaze\/ako-ucit-cvicnu-firmu\/#breadcrumb"},"inLanguage":"en-GB","potentialAction":[{"@type":"ReadAction","target":["https:\/\/archiv.siov.sk\/en\/cvicne-firmy\/veltrhy-a-sutaze\/ako-ucit-cvicnu-firmu\/"]}]},{"@type":"BreadcrumbList","@id":"https:\/\/archiv.siov.sk\/en\/cvicne-firmy\/veltrhy-a-sutaze\/ako-ucit-cvicnu-firmu\/#breadcrumb","itemListElement":[{"@type":"ListItem","position":1,"name":"Home","item":"https:\/\/archiv.siov.sk\/"},{"@type":"ListItem","position":2,"name":"SLOVENSK\u00c9 CENTRUM CVI\u010cN\u00ddCH FIRIEM","item":"https:\/\/archiv.siov.sk\/cvicne-firmy\/"},{"@type":"ListItem","position":3,"name":"Ve\u013etrhy a s\u00fa\u0165a\u017ee","item":"https:\/\/archiv.siov.sk\/cvicne-firmy\/veltrhy-a-sutaze\/"},{"@type":"ListItem","position":4,"name":"Ako u\u010di\u0165 cvi\u010dn\u00fa firmu"}]},{"@type":"WebSite","@id":"https:\/\/archiv.siov.sk\/#website","url":"https:\/\/archiv.siov.sk\/","name":"\u0160IOV - \u0161t\u00e1tny in\u0161tit\u00fat odborn\u00e9ho vzdel\u00e1vania","description":"","publisher":{"@id":"https:\/\/archiv.siov.sk\/#organization"},"potentialAction":[{"@type":"SearchAction","target":{"@type":"EntryPoint","urlTemplate":"https:\/\/archiv.siov.sk\/?s={search_term_string}"},"query-input":{"@type":"PropertyValueSpecification","valueRequired":true,"valueName":"search_term_string"}}],"inLanguage":"en-GB"},{"@type":"Organization","@id":"https:\/\/archiv.siov.sk\/#organization","name":"\u0160IOV - \u0161t\u00e1tny in\u0161tit\u00fat odborn\u00e9ho vzdel\u00e1vania","url":"https:\/\/archiv.siov.sk\/","logo":{"@type":"ImageObject","inLanguage":"en-GB","@id":"https:\/\/archiv.siov.sk\/#\/schema\/logo\/image\/","url":"https:\/\/archiv.siov.sk\/wp-content\/uploads\/2024\/02\/logo-SIOV.png","contentUrl":"https:\/\/archiv.siov.sk\/wp-content\/uploads\/2024\/02\/logo-SIOV.png","width":431,"height":143,"caption":"\u0160IOV - \u0161t\u00e1tny in\u0161tit\u00fat odborn\u00e9ho vzdel\u00e1vania"},"image":{"@id":"https:\/\/archiv.siov.sk\/#\/schema\/logo\/image\/"},"sameAs":["https:\/\/www.facebook.com\/Statnyinstitutodbornehovzdelavania"]}]}},"_links":{"self":[{"href":"https:\/\/archiv.siov.sk\/en\/wp-json\/wp\/v2\/pages\/134","targetHints":{"allow":["GET"]}}],"collection":[{"href":"https:\/\/archiv.siov.sk\/en\/wp-json\/wp\/v2\/pages"}],"about":[{"href":"https:\/\/archiv.siov.sk\/en\/wp-json\/wp\/v2\/types\/page"}],"author":[{"embeddable":true,"href":"https:\/\/archiv.siov.sk\/en\/wp-json\/wp\/v2\/users\/1"}],"replies":[{"embeddable":true,"href":"https:\/\/archiv.siov.sk\/en\/wp-json\/wp\/v2\/comments?post=134"}],"version-history":[{"count":9,"href":"https:\/\/archiv.siov.sk\/en\/wp-json\/wp\/v2\/pages\/134\/revisions"}],"predecessor-version":[{"id":8836,"href":"https:\/\/archiv.siov.sk\/en\/wp-json\/wp\/v2\/pages\/134\/revisions\/8836"}],"up":[{"embeddable":true,"href":"https:\/\/archiv.siov.sk\/en\/wp-json\/wp\/v2\/pages\/114"}],"wp:attachment":[{"href":"https:\/\/archiv.siov.sk\/en\/wp-json\/wp\/v2\/media?parent=134"}],"curies":[{"name":"wp","href":"https:\/\/api.w.org\/{rel}","templated":true}]}}