{"id":12696,"date":"2022-10-21T13:25:37","date_gmt":"2022-10-21T11:25:37","guid":{"rendered":"https:\/\/archiv.siov.sk\/?page_id=12696"},"modified":"2022-10-21T13:38:24","modified_gmt":"2022-10-21T11:38:24","slug":"aktivita-6","status":"publish","type":"page","link":"https:\/\/archiv.siov.sk\/en\/projekty\/zrealizovane-projekty\/narodny-projekt-dualne-vzdelavanie\/vystupy-np\/aktivita-6\/","title":{"rendered":"Aktivita 6"},"content":{"rendered":"<div data-elementor-type=\"wp-page\" data-elementor-id=\"12696\" class=\"elementor elementor-12696\" data-elementor-post-type=\"page\">\n\t\t\t\t\t\t<section class=\"elementor-section elementor-top-section elementor-element elementor-element-41c4e95 elementor-section-boxed elementor-section-height-default elementor-section-height-default\" data-id=\"41c4e95\" data-element_type=\"section\" data-e-type=\"section\">\n\t\t\t\t\t\t<div class=\"elementor-container elementor-column-gap-default\">\n\t\t\t\t\t<div class=\"elementor-column elementor-col-100 elementor-top-column elementor-element elementor-element-ca59b43\" data-id=\"ca59b43\" data-element_type=\"column\" data-e-type=\"column\">\n\t\t\t<div class=\"elementor-widget-wrap\">\n\t\t\t\t\t\t\t<\/div>\n\t\t<\/div>\n\t\t\t\t\t<\/div>\n\t\t<\/section>\n\t\t\t\t<section class=\"elementor-section elementor-top-section elementor-element elementor-element-936cfda elementor-section-boxed elementor-section-height-default elementor-section-height-default\" data-id=\"936cfda\" data-element_type=\"section\" data-e-type=\"section\">\n\t\t\t\t\t\t<div class=\"elementor-container elementor-column-gap-default\">\n\t\t\t\t\t<div class=\"elementor-column elementor-col-100 elementor-top-column elementor-element elementor-element-9cd5f46\" data-id=\"9cd5f46\" data-element_type=\"column\" data-e-type=\"column\">\n\t\t\t<div class=\"elementor-widget-wrap elementor-element-populated\">\n\t\t\t\t\t\t<div class=\"elementor-element elementor-element-f0ec672 elementor-widget elementor-widget-heading\" data-id=\"f0ec672\" data-element_type=\"widget\" data-e-type=\"widget\" data-widget_type=\"heading.default\">\n\t\t\t\t<div class=\"elementor-widget-container\">\n\t\t\t\t\t<h2 class=\"elementor-heading-title elementor-size-default\">Aktivity 6<\/h2>\t\t\t\t<\/div>\n\t\t\t\t<\/div>\n\t\t\t\t\t<\/div>\n\t\t<\/div>\n\t\t\t\t\t<\/div>\n\t\t<\/section>\n\t\t\t\t<section class=\"elementor-section elementor-top-section elementor-element elementor-element-0cf36c5 elementor-section-boxed elementor-section-height-default elementor-section-height-default\" data-id=\"0cf36c5\" data-element_type=\"section\" data-e-type=\"section\">\n\t\t\t\t\t\t<div class=\"elementor-container elementor-column-gap-default\">\n\t\t\t\t\t<div class=\"elementor-column elementor-col-100 elementor-top-column elementor-element elementor-element-78f0db5\" data-id=\"78f0db5\" data-element_type=\"column\" data-e-type=\"column\">\n\t\t\t<div class=\"elementor-widget-wrap elementor-element-populated\">\n\t\t\t\t\t\t<div class=\"elementor-element elementor-element-2ce90d3 elementor-widget elementor-widget-text-editor\" data-id=\"2ce90d3\" data-element_type=\"widget\" data-e-type=\"widget\" data-widget_type=\"text-editor.default\">\n\t\t\t\t<div class=\"elementor-widget-container\">\n\t\t\t\t\t\t\t\t\t<div id=\"pgc-288-2-0\" class=\"panel-grid-cell\" data-weight=\"0.61803399209206\"><div id=\"panel-288-2-0-0\" class=\"so-panel widget widget_sow-editor panel-first-child panel-last-child\" data-index=\"2\" data-style=\"{&quot;background_image_attachment&quot;:false,&quot;background_display&quot;:&quot;tile&quot;}\"><div class=\"so-widget-sow-editor so-widget-sow-editor-base\"><div class=\"siteorigin-widget-tinymce textwidget\"><p>Verejn\u00e9 obstar\u00e1vanie na predmet z\u00e1kazky \u201eSlu\u017eby n\u00e1rodn\u00e9ho projektu\u201c.<\/p><p>Spr\u00e1va za rok 2016 A6<br \/>Spr\u00e1va za rok 2017 A6<\/p><p><a href=\"https:\/\/siov.sk\/wp-content\/uploads\/2022\/10\/A6-zaverecna-sprava-2018-.pdf\">Spr\u00e1va za rok 2018 A6<\/a><\/p><\/div><p><strong>\u010ea\u013e\u0161ie aktivity<\/strong><\/p><ul id=\"menu-aktivity\" class=\"menu\"><li id=\"menu-item-306\" class=\"menu-item menu-item-type-post_type menu-item-object-page menu-item-306\"><a href=\"https:\/\/siov.sk\/projekty\/aktualne-projekty\/narodny-projekt-dualne-vzdelavanie\/vystupy-np\/aktivita-1\/\">Aktivita 1<\/a><\/li><li id=\"menu-item-305\" class=\"menu-item menu-item-type-post_type menu-item-object-page menu-item-305\"><a href=\"https:\/\/siov.sk\/projekty\/aktualne-projekty\/narodny-projekt-dualne-vzdelavanie\/vystupy-np\/aktivita-2\/\">Aktivita 2<\/a><\/li><li id=\"menu-item-304\" class=\"menu-item menu-item-type-post_type menu-item-object-page menu-item-304\"><a href=\"https:\/\/siov.sk\/projekty\/aktualne-projekty\/narodny-projekt-dualne-vzdelavanie\/vystupy-np\/aktivita-3\/\">Aktivita 3<\/a><\/li><li id=\"menu-item-303\" class=\"menu-item menu-item-type-post_type menu-item-object-page menu-item-303\"><a href=\"https:\/\/siov.sk\/projekty\/aktualne-projekty\/narodny-projekt-dualne-vzdelavanie\/vystupy-np\/aktivita-4\/\">Aktivita 4<\/a><\/li><li id=\"menu-item-302\" class=\"menu-item menu-item-type-post_type menu-item-object-page menu-item-302\"><a href=\"https:\/\/siov.sk\/projekty\/aktualne-projekty\/narodny-projekt-dualne-vzdelavanie\/vystupy-np\/aktivita-5\/\">Aktivita 5<\/a><\/li><li id=\"menu-item-301\" class=\"menu-item menu-item-type-post_type menu-item-object-page menu-item-301\"><a href=\"https:\/\/siov.sk\/projekty\/aktualne-projekty\/narodny-projekt-dualne-vzdelavanie\/vystupy-np\/aktivita-6\/\">Aktivita 6<\/a><\/li><\/ul><\/div><\/div><\/div>\t\t\t\t\t\t\t\t<\/div>\n\t\t\t\t<\/div>\n\t\t\t\t\t<\/div>\n\t\t<\/div>\n\t\t\t\t\t<\/div>\n\t\t<\/section>\n\t\t\t\t<\/div>","protected":false},"excerpt":{"rendered":"<p>Aktivity 6 Verejn\u00e9 obstar\u00e1vanie na predmet z\u00e1kazky \u201eSlu\u017eby n\u00e1rodn\u00e9ho projektu\u201c. Spr\u00e1va za rok 2016 A6Spr\u00e1va za rok 2017 A6 Spr\u00e1va za rok 2018 A6 \u010ea\u013e\u0161ie aktivity Aktivita 1 Aktivita 2 Aktivita 3 Aktivita 4 Aktivita 5 Aktivita 6<\/p>","protected":false},"author":1,"featured_media":0,"parent":12383,"menu_order":0,"comment_status":"closed","ping_status":"closed","template":"","meta":{"site-sidebar-layout":"no-sidebar","site-content-layout":"page-builder","ast-site-content-layout":"default","site-content-style":"default","site-sidebar-style":"default","ast-global-header-display":"","ast-banner-title-visibility":"","ast-main-header-display":"","ast-hfb-above-header-display":"","ast-hfb-below-header-display":"","ast-hfb-mobile-header-display":"","site-post-title":"disabled","ast-breadcrumbs-content":"","ast-featured-img":"disabled","footer-sml-layout":"","ast-disable-related-posts":"","theme-transparent-header-meta":"default","adv-header-id-meta":"","stick-header-meta":"","header-above-stick-meta":"","header-main-stick-meta":"","header-below-stick-meta":"","astra-migrate-meta-layouts":"default","ast-page-background-enabled":"default","ast-page-background-meta":{"desktop":{"background-color":"var(--ast-global-color-4)","background-image":"","background-repeat":"repeat","background-position":"center center","background-size":"auto","background-attachment":"scroll","background-type":"","background-media":"","overlay-type":"","overlay-color":"","overlay-opacity":"","overlay-gradient":""},"tablet":{"background-color":"","background-image":"","background-repeat":"repeat","background-position":"center center","background-size":"auto","background-attachment":"scroll","background-type":"","background-media":"","overlay-type":"","overlay-color":"","overlay-opacity":"","overlay-gradient":""},"mobile":{"background-color":"","background-image":"","background-repeat":"repeat","background-position":"center center","background-size":"auto","background-attachment":"scroll","background-type":"","background-media":"","overlay-type":"","overlay-color":"","overlay-opacity":"","overlay-gradient":""}},"ast-content-background-meta":{"desktop":{"background-color":"var(--ast-global-color-5)","background-image":"","background-repeat":"repeat","background-position":"center center","background-size":"auto","background-attachment":"scroll","background-type":"","background-media":"","overlay-type":"","overlay-color":"","overlay-opacity":"","overlay-gradient":""},"tablet":{"background-color":"var(--ast-global-color-5)","background-image":"","background-repeat":"repeat","background-position":"center center","background-size":"auto","background-attachment":"scroll","background-type":"","background-media":"","overlay-type":"","overlay-color":"","overlay-opacity":"","overlay-gradient":""},"mobile":{"background-color":"var(--ast-global-color-5)","background-image":"","background-repeat":"repeat","background-position":"center center","background-size":"auto","background-attachment":"scroll","background-type":"","background-media":"","overlay-type":"","overlay-color":"","overlay-opacity":"","overlay-gradient":""}},"footnotes":""},"class_list":["post-12696","page","type-page","status-publish","hentry"],"yoast_head":"<!-- This site is optimized with the Yoast SEO plugin v27.5 - https:\/\/yoast.com\/product\/yoast-seo-wordpress\/ -->\n<title>Aktivita 6 - \u0160IOV - \u0161t\u00e1tny in\u0161tit\u00fat odborn\u00e9ho vzdel\u00e1vania<\/title>\n<meta name=\"robots\" content=\"index, follow, max-snippet:-1, max-image-preview:large, max-video-preview:-1\" \/>\n<link rel=\"canonical\" href=\"https:\/\/archiv.siov.sk\/en\/projekty\/zrealizovane-projekty\/narodny-projekt-dualne-vzdelavanie\/vystupy-np\/aktivita-6\/\" \/>\n<meta property=\"og:locale\" content=\"en_GB\" \/>\n<meta property=\"og:type\" content=\"article\" \/>\n<meta property=\"og:title\" content=\"Aktivita 6 - \u0160IOV - \u0161t\u00e1tny in\u0161tit\u00fat odborn\u00e9ho vzdel\u00e1vania\" \/>\n<meta property=\"og:description\" content=\"Aktivity 6 Verejn\u00e9 obstar\u00e1vanie na predmet z\u00e1kazky \u201eSlu\u017eby n\u00e1rodn\u00e9ho projektu\u201c. Spr\u00e1va za rok 2016 A6Spr\u00e1va za rok 2017 A6 Spr\u00e1va za rok 2018 A6 \u010ea\u013e\u0161ie aktivity Aktivita 1 Aktivita 2 Aktivita 3 Aktivita 4 Aktivita 5 Aktivita 6\" \/>\n<meta property=\"og:url\" content=\"https:\/\/archiv.siov.sk\/en\/projekty\/zrealizovane-projekty\/narodny-projekt-dualne-vzdelavanie\/vystupy-np\/aktivita-6\/\" \/>\n<meta property=\"og:site_name\" content=\"\u0160IOV - \u0161t\u00e1tny in\u0161tit\u00fat odborn\u00e9ho vzdel\u00e1vania\" \/>\n<meta property=\"article:publisher\" content=\"https:\/\/www.facebook.com\/Statnyinstitutodbornehovzdelavania\" \/>\n<meta property=\"article:modified_time\" content=\"2022-10-21T11:38:24+00:00\" \/>\n<meta name=\"twitter:card\" content=\"summary_large_image\" \/>\n<meta name=\"twitter:label1\" content=\"Estimated reading time\" \/>\n\t<meta name=\"twitter:data1\" content=\"1 minute\" \/>\n<script type=\"application\/ld+json\" class=\"yoast-schema-graph\">{\"@context\":\"https:\\\/\\\/schema.org\",\"@graph\":[{\"@type\":\"WebPage\",\"@id\":\"https:\\\/\\\/archiv.siov.sk\\\/projekty\\\/zrealizovane-projekty\\\/narodny-projekt-dualne-vzdelavanie\\\/vystupy-np\\\/aktivita-6\\\/\",\"url\":\"https:\\\/\\\/archiv.siov.sk\\\/projekty\\\/zrealizovane-projekty\\\/narodny-projekt-dualne-vzdelavanie\\\/vystupy-np\\\/aktivita-6\\\/\",\"name\":\"Aktivita 6 - \u0160IOV - \u0161t\u00e1tny in\u0161tit\u00fat odborn\u00e9ho vzdel\u00e1vania\",\"isPartOf\":{\"@id\":\"https:\\\/\\\/archiv.siov.sk\\\/#website\"},\"datePublished\":\"2022-10-21T11:25:37+00:00\",\"dateModified\":\"2022-10-21T11:38:24+00:00\",\"breadcrumb\":{\"@id\":\"https:\\\/\\\/archiv.siov.sk\\\/projekty\\\/zrealizovane-projekty\\\/narodny-projekt-dualne-vzdelavanie\\\/vystupy-np\\\/aktivita-6\\\/#breadcrumb\"},\"inLanguage\":\"en-GB\",\"potentialAction\":[{\"@type\":\"ReadAction\",\"target\":[\"https:\\\/\\\/archiv.siov.sk\\\/projekty\\\/zrealizovane-projekty\\\/narodny-projekt-dualne-vzdelavanie\\\/vystupy-np\\\/aktivita-6\\\/\"]}]},{\"@type\":\"BreadcrumbList\",\"@id\":\"https:\\\/\\\/archiv.siov.sk\\\/projekty\\\/zrealizovane-projekty\\\/narodny-projekt-dualne-vzdelavanie\\\/vystupy-np\\\/aktivita-6\\\/#breadcrumb\",\"itemListElement\":[{\"@type\":\"ListItem\",\"position\":1,\"name\":\"Home\",\"item\":\"https:\\\/\\\/archiv.siov.sk\\\/\"},{\"@type\":\"ListItem\",\"position\":2,\"name\":\"Projekty\",\"item\":\"https:\\\/\\\/archiv.siov.sk\\\/en\\\/projekty\\\/\"},{\"@type\":\"ListItem\",\"position\":3,\"name\":\"Zrealizovan\u00e9 projekty\",\"item\":\"https:\\\/\\\/archiv.siov.sk\\\/en\\\/projekty\\\/zrealizovane-projekty\\\/\"},{\"@type\":\"ListItem\",\"position\":4,\"name\":\"N\u00e1rodn\u00fd projekt Du\u00e1lne vzdel\u00e1vanie\",\"item\":\"https:\\\/\\\/archiv.siov.sk\\\/projekty\\\/zrealizovane-projekty\\\/narodny-projekt-dualne-vzdelavanie\\\/\"},{\"@type\":\"ListItem\",\"position\":5,\"name\":\"V\u00fdstupy NP\",\"item\":\"https:\\\/\\\/archiv.siov.sk\\\/projekty\\\/zrealizovane-projekty\\\/narodny-projekt-dualne-vzdelavanie\\\/vystupy-np\\\/\"},{\"@type\":\"ListItem\",\"position\":6,\"name\":\"Aktivita 6\"}]},{\"@type\":\"WebSite\",\"@id\":\"https:\\\/\\\/archiv.siov.sk\\\/#website\",\"url\":\"https:\\\/\\\/archiv.siov.sk\\\/\",\"name\":\"\u0160IOV - \u0161t\u00e1tny in\u0161tit\u00fat odborn\u00e9ho vzdel\u00e1vania\",\"description\":\"\",\"publisher\":{\"@id\":\"https:\\\/\\\/archiv.siov.sk\\\/#organization\"},\"potentialAction\":[{\"@type\":\"SearchAction\",\"target\":{\"@type\":\"EntryPoint\",\"urlTemplate\":\"https:\\\/\\\/archiv.siov.sk\\\/?s={search_term_string}\"},\"query-input\":{\"@type\":\"PropertyValueSpecification\",\"valueRequired\":true,\"valueName\":\"search_term_string\"}}],\"inLanguage\":\"en-GB\"},{\"@type\":\"Organization\",\"@id\":\"https:\\\/\\\/archiv.siov.sk\\\/#organization\",\"name\":\"\u0160IOV - \u0161t\u00e1tny in\u0161tit\u00fat odborn\u00e9ho vzdel\u00e1vania\",\"url\":\"https:\\\/\\\/archiv.siov.sk\\\/\",\"logo\":{\"@type\":\"ImageObject\",\"inLanguage\":\"en-GB\",\"@id\":\"https:\\\/\\\/archiv.siov.sk\\\/#\\\/schema\\\/logo\\\/image\\\/\",\"url\":\"https:\\\/\\\/archiv.siov.sk\\\/wp-content\\\/uploads\\\/2024\\\/02\\\/logo-SIOV.png\",\"contentUrl\":\"https:\\\/\\\/archiv.siov.sk\\\/wp-content\\\/uploads\\\/2024\\\/02\\\/logo-SIOV.png\",\"width\":431,\"height\":143,\"caption\":\"\u0160IOV - \u0161t\u00e1tny in\u0161tit\u00fat odborn\u00e9ho vzdel\u00e1vania\"},\"image\":{\"@id\":\"https:\\\/\\\/archiv.siov.sk\\\/#\\\/schema\\\/logo\\\/image\\\/\"},\"sameAs\":[\"https:\\\/\\\/www.facebook.com\\\/Statnyinstitutodbornehovzdelavania\"]}]}<\/script>\n<!-- \/ Yoast SEO plugin. -->","yoast_head_json":{"title":"Aktivita 6 - \u0160IOV - \u0161t\u00e1tny in\u0161tit\u00fat odborn\u00e9ho vzdel\u00e1vania","robots":{"index":"index","follow":"follow","max-snippet":"max-snippet:-1","max-image-preview":"max-image-preview:large","max-video-preview":"max-video-preview:-1"},"canonical":"https:\/\/archiv.siov.sk\/en\/projekty\/zrealizovane-projekty\/narodny-projekt-dualne-vzdelavanie\/vystupy-np\/aktivita-6\/","og_locale":"en_GB","og_type":"article","og_title":"Aktivita 6 - \u0160IOV - \u0161t\u00e1tny in\u0161tit\u00fat odborn\u00e9ho vzdel\u00e1vania","og_description":"Aktivity 6 Verejn\u00e9 obstar\u00e1vanie na predmet z\u00e1kazky \u201eSlu\u017eby n\u00e1rodn\u00e9ho projektu\u201c. Spr\u00e1va za rok 2016 A6Spr\u00e1va za rok 2017 A6 Spr\u00e1va za rok 2018 A6 \u010ea\u013e\u0161ie aktivity Aktivita 1 Aktivita 2 Aktivita 3 Aktivita 4 Aktivita 5 Aktivita 6","og_url":"https:\/\/archiv.siov.sk\/en\/projekty\/zrealizovane-projekty\/narodny-projekt-dualne-vzdelavanie\/vystupy-np\/aktivita-6\/","og_site_name":"\u0160IOV - \u0161t\u00e1tny in\u0161tit\u00fat odborn\u00e9ho vzdel\u00e1vania","article_publisher":"https:\/\/www.facebook.com\/Statnyinstitutodbornehovzdelavania","article_modified_time":"2022-10-21T11:38:24+00:00","twitter_card":"summary_large_image","twitter_misc":{"Estimated reading time":"1 minute"},"schema":{"@context":"https:\/\/schema.org","@graph":[{"@type":"WebPage","@id":"https:\/\/archiv.siov.sk\/projekty\/zrealizovane-projekty\/narodny-projekt-dualne-vzdelavanie\/vystupy-np\/aktivita-6\/","url":"https:\/\/archiv.siov.sk\/projekty\/zrealizovane-projekty\/narodny-projekt-dualne-vzdelavanie\/vystupy-np\/aktivita-6\/","name":"Aktivita 6 - \u0160IOV - \u0161t\u00e1tny in\u0161tit\u00fat odborn\u00e9ho vzdel\u00e1vania","isPartOf":{"@id":"https:\/\/archiv.siov.sk\/#website"},"datePublished":"2022-10-21T11:25:37+00:00","dateModified":"2022-10-21T11:38:24+00:00","breadcrumb":{"@id":"https:\/\/archiv.siov.sk\/projekty\/zrealizovane-projekty\/narodny-projekt-dualne-vzdelavanie\/vystupy-np\/aktivita-6\/#breadcrumb"},"inLanguage":"en-GB","potentialAction":[{"@type":"ReadAction","target":["https:\/\/archiv.siov.sk\/projekty\/zrealizovane-projekty\/narodny-projekt-dualne-vzdelavanie\/vystupy-np\/aktivita-6\/"]}]},{"@type":"BreadcrumbList","@id":"https:\/\/archiv.siov.sk\/projekty\/zrealizovane-projekty\/narodny-projekt-dualne-vzdelavanie\/vystupy-np\/aktivita-6\/#breadcrumb","itemListElement":[{"@type":"ListItem","position":1,"name":"Home","item":"https:\/\/archiv.siov.sk\/"},{"@type":"ListItem","position":2,"name":"Projekty","item":"https:\/\/archiv.siov.sk\/en\/projekty\/"},{"@type":"ListItem","position":3,"name":"Zrealizovan\u00e9 projekty","item":"https:\/\/archiv.siov.sk\/en\/projekty\/zrealizovane-projekty\/"},{"@type":"ListItem","position":4,"name":"N\u00e1rodn\u00fd projekt Du\u00e1lne vzdel\u00e1vanie","item":"https:\/\/archiv.siov.sk\/projekty\/zrealizovane-projekty\/narodny-projekt-dualne-vzdelavanie\/"},{"@type":"ListItem","position":5,"name":"V\u00fdstupy NP","item":"https:\/\/archiv.siov.sk\/projekty\/zrealizovane-projekty\/narodny-projekt-dualne-vzdelavanie\/vystupy-np\/"},{"@type":"ListItem","position":6,"name":"Aktivita 6"}]},{"@type":"WebSite","@id":"https:\/\/archiv.siov.sk\/#website","url":"https:\/\/archiv.siov.sk\/","name":"\u0160IOV - \u0161t\u00e1tny in\u0161tit\u00fat odborn\u00e9ho vzdel\u00e1vania","description":"","publisher":{"@id":"https:\/\/archiv.siov.sk\/#organization"},"potentialAction":[{"@type":"SearchAction","target":{"@type":"EntryPoint","urlTemplate":"https:\/\/archiv.siov.sk\/?s={search_term_string}"},"query-input":{"@type":"PropertyValueSpecification","valueRequired":true,"valueName":"search_term_string"}}],"inLanguage":"en-GB"},{"@type":"Organization","@id":"https:\/\/archiv.siov.sk\/#organization","name":"\u0160IOV - \u0161t\u00e1tny in\u0161tit\u00fat odborn\u00e9ho vzdel\u00e1vania","url":"https:\/\/archiv.siov.sk\/","logo":{"@type":"ImageObject","inLanguage":"en-GB","@id":"https:\/\/archiv.siov.sk\/#\/schema\/logo\/image\/","url":"https:\/\/archiv.siov.sk\/wp-content\/uploads\/2024\/02\/logo-SIOV.png","contentUrl":"https:\/\/archiv.siov.sk\/wp-content\/uploads\/2024\/02\/logo-SIOV.png","width":431,"height":143,"caption":"\u0160IOV - \u0161t\u00e1tny in\u0161tit\u00fat odborn\u00e9ho vzdel\u00e1vania"},"image":{"@id":"https:\/\/archiv.siov.sk\/#\/schema\/logo\/image\/"},"sameAs":["https:\/\/www.facebook.com\/Statnyinstitutodbornehovzdelavania"]}]}},"_links":{"self":[{"href":"https:\/\/archiv.siov.sk\/en\/wp-json\/wp\/v2\/pages\/12696","targetHints":{"allow":["GET"]}}],"collection":[{"href":"https:\/\/archiv.siov.sk\/en\/wp-json\/wp\/v2\/pages"}],"about":[{"href":"https:\/\/archiv.siov.sk\/en\/wp-json\/wp\/v2\/types\/page"}],"author":[{"embeddable":true,"href":"https:\/\/archiv.siov.sk\/en\/wp-json\/wp\/v2\/users\/1"}],"replies":[{"embeddable":true,"href":"https:\/\/archiv.siov.sk\/en\/wp-json\/wp\/v2\/comments?post=12696"}],"version-history":[{"count":8,"href":"https:\/\/archiv.siov.sk\/en\/wp-json\/wp\/v2\/pages\/12696\/revisions"}],"predecessor-version":[{"id":12731,"href":"https:\/\/archiv.siov.sk\/en\/wp-json\/wp\/v2\/pages\/12696\/revisions\/12731"}],"up":[{"embeddable":true,"href":"https:\/\/archiv.siov.sk\/en\/wp-json\/wp\/v2\/pages\/12383"}],"wp:attachment":[{"href":"https:\/\/archiv.siov.sk\/en\/wp-json\/wp\/v2\/media?parent=12696"}],"curies":[{"name":"wp","href":"https:\/\/api.w.org\/{rel}","templated":true}]}}