{"id":12144,"date":"2022-09-22T09:03:54","date_gmt":"2022-09-22T07:03:54","guid":{"rendered":"https:\/\/archiv.siov.sk\/?page_id=12144"},"modified":"2024-05-03T21:11:40","modified_gmt":"2024-05-03T19:11:40","slug":"uvod-dualne-vzdelavanie","status":"publish","type":"page","link":"https:\/\/archiv.siov.sk\/en\/vzdelavanie\/dualne-vzdelavanie\/uvod-dualne-vzdelavanie\/","title":{"rendered":"\u00davod &#8211; Du\u00e1lne vzdel\u00e1vanie"},"content":{"rendered":"<h2 style=\"text-align: center;\">Syst\u00e9m du\u00e1lneho vzdel\u00e1vania<\/h2>\n<p style=\"text-align: center;\">Syst\u00e9m du\u00e1lneho vzdel\u00e1vania je v\u00fdnimo\u010dn\u00fd t\u00fdm, \u017ee vytv\u00e1ra partnersk\u00fd vz\u0165ah medzi zamestn\u00e1vate\u013eom a \u017eiakom.<\/p>\n<p><a href=\"\/en\/projekty\/aktualne-projekty\/narodny-projekt-dualne-vzdelavanie\/\"><br \/>\n<\/a><img fetchpriority=\"high\" decoding=\"async\" class=\"alignnone\" src=\"https:\/\/archiv.siov.sk\/wp-content\/uploads\/2022\/09\/mojdual-top-img.png\" sizes=\"(max-width: 1775px) 100vw, 1775px\" srcset=\"https:\/\/archiv.siov.sk\/wp-content\/uploads\/2022\/09\/mojdual-top-img.png 1775w, https:\/\/archiv.siov.sk\/wp-content\/uploads\/2022\/09\/mojdual-top-img-300x131.png 300w, https:\/\/archiv.siov.sk\/wp-content\/uploads\/2022\/09\/mojdual-top-img-1024x446.png 1024w, https:\/\/archiv.siov.sk\/wp-content\/uploads\/2022\/09\/mojdual-top-img-768x334.png 768w, https:\/\/archiv.siov.sk\/wp-content\/uploads\/2022\/09\/mojdual-top-img-1536x669.png 1536w, https:\/\/archiv.siov.sk\/wp-content\/uploads\/2022\/09\/mojdual-top-img-18x8.png 18w\" alt=\"\" width=\"1775\" height=\"773\" \/><\/p>\n<h3>Pre \u017eiakov<\/h3>\n<p>Od 1. septembra 2015 sa prostredn\u00edctvom z\u00e1kona o odbornom vzdel\u00e1van\u00ed a pr\u00edprave \u010d. 61\/2015 Z. z. zaviedol syst\u00e9m du\u00e1lneho vzdel\u00e1vania. Ide o model odborn\u00e9ho vzdel\u00e1vania a pr\u00edpravy na v\u00fdkon povolania, ktor\u00fdm sa z\u00edskavaj\u00fa vedomosti, schopnosti a zru\u010dnosti potrebn\u00e9 pre povolanie.<\/p>\n<h3>Pre \u0161koly<\/h3>\n<p>Aby mohla \u0161kola akt\u00edvne spolupracova\u0165 so zamestn\u00e1vate\u013eom pri nap\u013a\u0148an\u00ed jeho o\u010dak\u00e1van\u00ed v oblasti n\u00e1boru \u017eiakov pre uzatvorenie u\u010debnej zmluvy, mus\u00ed \u0161kola disponova\u0165 akt\u00edvnou spolupr\u00e1cou so Z\u0160.<\/p>\n<h3>Pre zamestn\u00e1vate\u013eov<\/h3>\n<p>Sp\u00f4sobilos\u0165ou zamestn\u00e1vate\u013ea poskytova\u0165 praktick\u00e9 vyu\u010dovanie v \u0161tudijnom alebo v u\u010debnom odbore v syst\u00e9me du\u00e1lneho vzdel\u00e1vania je najm\u00e4 materi\u00e1lno-technick\u00e1, odborn\u00e1 a person\u00e1lna pripravenos\u0165 poskytova\u0165 praktick\u00e9 vyu\u010dovanie v s\u00falade so \u0161kolsk\u00fdm z\u00e1konom a z\u00e1konom o odbornom vzdel\u00e1van\u00ed a pr\u00edprave a o zmene a doplnen\u00ed niektor\u00fdch z\u00e1konov.<\/p>\n<h2>\u010co je to du\u00e1lne vzdel\u00e1vanie?<\/h2>\n<p>Kvalita zamestnancov mus\u00ed by\u0165 silnou str\u00e1nkou na ceste za prosperitou.<\/p>\n<p>\u00da\u010dinn\u00e1 a efekt\u00edvna spolupr\u00e1ca stredn\u00fdch odborn\u00fdch \u0161k\u00f4l so zamestn\u00e1vate\u013emi znamen\u00e1 v\u00fdu\u010dbu pre zamestnanie a to cestou zos\u00faladenia v\u00fdu\u010dby v \u0161kol\u00e1ch s potrebami zamestn\u00e1vate\u013eov. Preto syst\u00e9m du\u00e1lneho vzdel\u00e1vania je krok k \u00faspechu. V\u00fdnimo\u010dnos\u0165 v partnerstve znamen\u00e1 akt\u00edvnu spolupr\u00e1cu \u017eiakov, \u0161k\u00f4l a firiem.<\/p>\n<p><img decoding=\"async\" src=\"https:\/\/archiv.siov.sk\/wp-content\/uploads\/2022\/09\/dualne-vzdelavanie-top.jpg\" sizes=\"(max-width: 1000px) 100vw, 1000px\" srcset=\"https:\/\/archiv.siov.sk\/wp-content\/uploads\/2022\/09\/dualne-vzdelavanie-top.jpg 1000w, https:\/\/archiv.siov.sk\/wp-content\/uploads\/2022\/09\/dualne-vzdelavanie-top-300x204.jpg 300w, https:\/\/archiv.siov.sk\/wp-content\/uploads\/2022\/09\/dualne-vzdelavanie-top-768x522.jpg 768w, https:\/\/archiv.siov.sk\/wp-content\/uploads\/2022\/09\/dualne-vzdelavanie-top-18x12.jpg 18w\" alt=\"\" width=\"1000\" height=\"680\" \/><\/p>\n<h2>Rada zamestn\u00e1vate\u013eov pre OVP<\/h2>\n<p>The Employers' Council for Vocational Education and Training is an organisation coordinating the procedure for the exercise of the competences of trade unions and professional organisations in the system of vocational education and training. The Employers' Council for Vocational Vocational Education and Training is established under the aegis of the employers on the basis of the reform of vocational education and training and in accordance with Act No 61\/2015 Coll. on Vocational Education and Training. Information for schools and employers on the activities of the council as well as information on the provision of practical training by employers is published on\u00a0<a href=\"http:\/\/www.rzovp.sk\/\">www.rzovp.sk<\/a>.<\/p>\n<h2>Du\u00e1lne vzdel\u00e1vanie +18<\/h2>\n<p>Du\u00e1lne vzdel\u00e1vania 18+ je vhodn\u00e9 aj pre zamestn\u00e1vate\u013eov poskytuj\u00facich praktick\u00e9 vyu\u010dovanie v r\u00e1mci odborn\u00e9ho vzdel\u00e1vania a pr\u00edpravy na povolania so zv\u00fd\u0161en\u00fdm rizikom po\u0161kodenia zdravia, ktor\u00e9 nie s\u00fa vhodn\u00e9 pre neplnolet\u00fdch \u017eiakov. Kvalita zamestnancov mus\u00ed by\u0165 silnou str\u00e1nkou na ceste za prosperitou. Kvalita zamestnancov mus\u00ed by\u0165 silnou str\u00e1nkou na ceste za prosperitou. \u00da\u010dinn\u00e1 a efekt\u00edvna spolupr\u00e1ca stredn\u00fdch odborn\u00fdch \u0161k\u00f4l so zamestn\u00e1vate\u013emi znamen\u00e1 v\u00fdu\u010dbu pre zamestnanie a to cestou zos\u00faladenia v\u00fdu\u010dby v \u0161kol\u00e1ch s potrebami zamestn\u00e1vate\u013eov. Preto syst\u00e9m du\u00e1lneho vzdel\u00e1vania je krok k \u00faspechu.<\/p>\n<h2>\u0160tuduj, praxuj, zar\u00e1baj | Du\u00e1lne vzdel\u00e1vanie<\/h2>\n<p>DU\u00c1L je o tom, \u017ee \u017eiaci nielen \u0161tuduj\u00fa v \u0161kole, ale z\u00e1rove\u0148 aj praxuj\u00fa vo firme v oblasti svojho zamerania. Tak\u017ee okrem teoretickej pr\u00edpravy z\u00edskaj\u00fa aj prax u zamestn\u00e1vate\u013ea, s ktor\u00fdm maj\u00fa podp\u00edsan\u00fa u\u010debn\u00fa zmluvu. Bude\u0161 ma\u0165 nielen vzdelanie, ale aj n\u00e1skok v praxi a v\u00fdplatu.<\/p>","protected":false},"excerpt":{"rendered":"<p>Syst\u00e9m du\u00e1lneho vzdel\u00e1vania Syst\u00e9m du\u00e1lneho vzdel\u00e1vania je v\u00fdnimo\u010dn\u00fd t\u00fdm, \u017ee vytv\u00e1ra partnersk\u00fd vz\u0165ah medzi zamestn\u00e1vate\u013eom a \u017eiakom. Pre \u017eiakov Od 1. septembra 2015 sa prostredn\u00edctvom z\u00e1kona o odbornom vzdel\u00e1van\u00ed a pr\u00edprave \u010d. 61\/2015 Z. z. zaviedol syst\u00e9m du\u00e1lneho vzdel\u00e1vania. Ide o model odborn\u00e9ho vzdel\u00e1vania a pr\u00edpravy na v\u00fdkon povolania, ktor\u00fdm sa z\u00edskavaj\u00fa vedomosti, schopnosti a [&hellip;]<\/p>\n","protected":false},"author":1,"featured_media":0,"parent":20,"menu_order":0,"comment_status":"closed","ping_status":"closed","template":"","meta":{"site-sidebar-layout":"no-sidebar","site-content-layout":"page-builder","ast-site-content-layout":"full-width-container","site-content-style":"unboxed","site-sidebar-style":"unboxed","ast-global-header-display":"","ast-banner-title-visibility":"","ast-main-header-display":"","ast-hfb-above-header-display":"","ast-hfb-below-header-display":"","ast-hfb-mobile-header-display":"","site-post-title":"disabled","ast-breadcrumbs-content":"","ast-featured-img":"disabled","footer-sml-layout":"","ast-disable-related-posts":"","theme-transparent-header-meta":"default","adv-header-id-meta":"","stick-header-meta":"default","header-above-stick-meta":"","header-main-stick-meta":"","header-below-stick-meta":"","astra-migrate-meta-layouts":"set","ast-page-background-enabled":"default","ast-page-background-meta":{"desktop":{"background-color":"var(--ast-global-color-4)","background-image":"","background-repeat":"repeat","background-position":"center center","background-size":"auto","background-attachment":"scroll","background-type":"","background-media":"","overlay-type":"","overlay-color":"","overlay-opacity":"","overlay-gradient":""},"tablet":{"background-color":"","background-image":"","background-repeat":"repeat","background-position":"center center","background-size":"auto","background-attachment":"scroll","background-type":"","background-media":"","overlay-type":"","overlay-color":"","overlay-opacity":"","overlay-gradient":""},"mobile":{"background-color":"","background-image":"","background-repeat":"repeat","background-position":"center center","background-size":"auto","background-attachment":"scroll","background-type":"","background-media":"","overlay-type":"","overlay-color":"","overlay-opacity":"","overlay-gradient":""}},"ast-content-background-meta":{"desktop":{"background-color":"var(--ast-global-color-5)","background-image":"","background-repeat":"repeat","background-position":"center center","background-size":"auto","background-attachment":"scroll","background-type":"","background-media":"","overlay-type":"","overlay-color":"","overlay-opacity":"","overlay-gradient":""},"tablet":{"background-color":"var(--ast-global-color-5)","background-image":"","background-repeat":"repeat","background-position":"center center","background-size":"auto","background-attachment":"scroll","background-type":"","background-media":"","overlay-type":"","overlay-color":"","overlay-opacity":"","overlay-gradient":""},"mobile":{"background-color":"var(--ast-global-color-5)","background-image":"","background-repeat":"repeat","background-position":"center center","background-size":"auto","background-attachment":"scroll","background-type":"","background-media":"","overlay-type":"","overlay-color":"","overlay-opacity":"","overlay-gradient":""}},"footnotes":""},"class_list":["post-12144","page","type-page","status-publish","hentry"],"yoast_head":"<!-- This site is optimized with the Yoast SEO plugin v27.5 - https:\/\/yoast.com\/product\/yoast-seo-wordpress\/ -->\n<title>\u00davod - Du\u00e1lne vzdel\u00e1vanie - \u0160IOV - \u0161t\u00e1tny in\u0161tit\u00fat odborn\u00e9ho vzdel\u00e1vania<\/title>\n<meta name=\"robots\" content=\"index, follow, max-snippet:-1, max-image-preview:large, max-video-preview:-1\" \/>\n<link rel=\"canonical\" href=\"https:\/\/archiv.siov.sk\/en\/vzdelavanie\/dualne-vzdelavanie\/uvod-dualne-vzdelavanie\/\" \/>\n<meta property=\"og:locale\" content=\"en_GB\" \/>\n<meta property=\"og:type\" content=\"article\" \/>\n<meta property=\"og:title\" content=\"\u00davod - Du\u00e1lne vzdel\u00e1vanie - \u0160IOV - \u0161t\u00e1tny in\u0161tit\u00fat odborn\u00e9ho vzdel\u00e1vania\" \/>\n<meta property=\"og:description\" content=\"Syst\u00e9m du\u00e1lneho vzdel\u00e1vania Syst\u00e9m du\u00e1lneho vzdel\u00e1vania je v\u00fdnimo\u010dn\u00fd t\u00fdm, \u017ee vytv\u00e1ra partnersk\u00fd vz\u0165ah medzi zamestn\u00e1vate\u013eom a \u017eiakom. Pre \u017eiakov Od 1. septembra 2015 sa prostredn\u00edctvom z\u00e1kona o odbornom vzdel\u00e1van\u00ed a pr\u00edprave \u010d. 61\/2015 Z. z. zaviedol syst\u00e9m du\u00e1lneho vzdel\u00e1vania. Ide o model odborn\u00e9ho vzdel\u00e1vania a pr\u00edpravy na v\u00fdkon povolania, ktor\u00fdm sa z\u00edskavaj\u00fa vedomosti, schopnosti a [&hellip;]\" \/>\n<meta property=\"og:url\" content=\"https:\/\/archiv.siov.sk\/en\/vzdelavanie\/dualne-vzdelavanie\/uvod-dualne-vzdelavanie\/\" \/>\n<meta property=\"og:site_name\" content=\"\u0160IOV - \u0161t\u00e1tny in\u0161tit\u00fat odborn\u00e9ho vzdel\u00e1vania\" \/>\n<meta property=\"article:publisher\" content=\"https:\/\/www.facebook.com\/Statnyinstitutodbornehovzdelavania\" \/>\n<meta property=\"article:modified_time\" content=\"2024-05-03T19:11:40+00:00\" \/>\n<meta property=\"og:image\" content=\"https:\/\/archiv.siov.sk\/wp-content\/uploads\/2022\/09\/mojdual-top-img.png\" \/>\n<meta name=\"twitter:card\" content=\"summary_large_image\" \/>\n<meta name=\"twitter:label1\" content=\"Estimated reading time\" \/>\n\t<meta name=\"twitter:data1\" content=\"3 minutes\" \/>\n<script type=\"application\/ld+json\" class=\"yoast-schema-graph\">{\"@context\":\"https:\\\/\\\/schema.org\",\"@graph\":[{\"@type\":\"WebPage\",\"@id\":\"https:\\\/\\\/archiv.siov.sk\\\/vzdelavanie\\\/dualne-vzdelavanie\\\/uvod-dualne-vzdelavanie\\\/\",\"url\":\"https:\\\/\\\/archiv.siov.sk\\\/vzdelavanie\\\/dualne-vzdelavanie\\\/uvod-dualne-vzdelavanie\\\/\",\"name\":\"\u00davod - Du\u00e1lne vzdel\u00e1vanie - \u0160IOV - \u0161t\u00e1tny in\u0161tit\u00fat odborn\u00e9ho vzdel\u00e1vania\",\"isPartOf\":{\"@id\":\"https:\\\/\\\/archiv.siov.sk\\\/#website\"},\"primaryImageOfPage\":{\"@id\":\"https:\\\/\\\/archiv.siov.sk\\\/vzdelavanie\\\/dualne-vzdelavanie\\\/uvod-dualne-vzdelavanie\\\/#primaryimage\"},\"image\":{\"@id\":\"https:\\\/\\\/archiv.siov.sk\\\/vzdelavanie\\\/dualne-vzdelavanie\\\/uvod-dualne-vzdelavanie\\\/#primaryimage\"},\"thumbnailUrl\":\"https:\\\/\\\/archiv.siov.sk\\\/wp-content\\\/uploads\\\/2022\\\/09\\\/mojdual-top-img.png\",\"datePublished\":\"2022-09-22T07:03:54+00:00\",\"dateModified\":\"2024-05-03T19:11:40+00:00\",\"breadcrumb\":{\"@id\":\"https:\\\/\\\/archiv.siov.sk\\\/vzdelavanie\\\/dualne-vzdelavanie\\\/uvod-dualne-vzdelavanie\\\/#breadcrumb\"},\"inLanguage\":\"en-GB\",\"potentialAction\":[{\"@type\":\"ReadAction\",\"target\":[\"https:\\\/\\\/archiv.siov.sk\\\/vzdelavanie\\\/dualne-vzdelavanie\\\/uvod-dualne-vzdelavanie\\\/\"]}]},{\"@type\":\"ImageObject\",\"inLanguage\":\"en-GB\",\"@id\":\"https:\\\/\\\/archiv.siov.sk\\\/vzdelavanie\\\/dualne-vzdelavanie\\\/uvod-dualne-vzdelavanie\\\/#primaryimage\",\"url\":\"https:\\\/\\\/archiv.siov.sk\\\/wp-content\\\/uploads\\\/2022\\\/09\\\/mojdual-top-img.png\",\"contentUrl\":\"https:\\\/\\\/archiv.siov.sk\\\/wp-content\\\/uploads\\\/2022\\\/09\\\/mojdual-top-img.png\"},{\"@type\":\"BreadcrumbList\",\"@id\":\"https:\\\/\\\/archiv.siov.sk\\\/vzdelavanie\\\/dualne-vzdelavanie\\\/uvod-dualne-vzdelavanie\\\/#breadcrumb\",\"itemListElement\":[{\"@type\":\"ListItem\",\"position\":1,\"name\":\"Home\",\"item\":\"https:\\\/\\\/archiv.siov.sk\\\/\"},{\"@type\":\"ListItem\",\"position\":2,\"name\":\"Vzdel\u00e1vanie\",\"item\":\"https:\\\/\\\/archiv.siov.sk\\\/vzdelavanie\\\/\"},{\"@type\":\"ListItem\",\"position\":3,\"name\":\"Du\u00e1lne vzdel\u00e1vanie\",\"item\":\"https:\\\/\\\/archiv.siov.sk\\\/vzdelavanie\\\/dualne-vzdelavanie\\\/\"},{\"@type\":\"ListItem\",\"position\":4,\"name\":\"\u00davod &#8211; Du\u00e1lne vzdel\u00e1vanie\"}]},{\"@type\":\"WebSite\",\"@id\":\"https:\\\/\\\/archiv.siov.sk\\\/#website\",\"url\":\"https:\\\/\\\/archiv.siov.sk\\\/\",\"name\":\"\u0160IOV - \u0161t\u00e1tny in\u0161tit\u00fat odborn\u00e9ho vzdel\u00e1vania\",\"description\":\"\",\"publisher\":{\"@id\":\"https:\\\/\\\/archiv.siov.sk\\\/#organization\"},\"potentialAction\":[{\"@type\":\"SearchAction\",\"target\":{\"@type\":\"EntryPoint\",\"urlTemplate\":\"https:\\\/\\\/archiv.siov.sk\\\/?s={search_term_string}\"},\"query-input\":{\"@type\":\"PropertyValueSpecification\",\"valueRequired\":true,\"valueName\":\"search_term_string\"}}],\"inLanguage\":\"en-GB\"},{\"@type\":\"Organization\",\"@id\":\"https:\\\/\\\/archiv.siov.sk\\\/#organization\",\"name\":\"\u0160IOV - \u0161t\u00e1tny in\u0161tit\u00fat odborn\u00e9ho vzdel\u00e1vania\",\"url\":\"https:\\\/\\\/archiv.siov.sk\\\/\",\"logo\":{\"@type\":\"ImageObject\",\"inLanguage\":\"en-GB\",\"@id\":\"https:\\\/\\\/archiv.siov.sk\\\/#\\\/schema\\\/logo\\\/image\\\/\",\"url\":\"https:\\\/\\\/archiv.siov.sk\\\/wp-content\\\/uploads\\\/2024\\\/02\\\/logo-SIOV.png\",\"contentUrl\":\"https:\\\/\\\/archiv.siov.sk\\\/wp-content\\\/uploads\\\/2024\\\/02\\\/logo-SIOV.png\",\"width\":431,\"height\":143,\"caption\":\"\u0160IOV - \u0161t\u00e1tny in\u0161tit\u00fat odborn\u00e9ho vzdel\u00e1vania\"},\"image\":{\"@id\":\"https:\\\/\\\/archiv.siov.sk\\\/#\\\/schema\\\/logo\\\/image\\\/\"},\"sameAs\":[\"https:\\\/\\\/www.facebook.com\\\/Statnyinstitutodbornehovzdelavania\"]}]}<\/script>\n<!-- \/ Yoast SEO plugin. -->","yoast_head_json":{"title":"\u00davod - Du\u00e1lne vzdel\u00e1vanie - \u0160IOV - \u0161t\u00e1tny in\u0161tit\u00fat odborn\u00e9ho vzdel\u00e1vania","robots":{"index":"index","follow":"follow","max-snippet":"max-snippet:-1","max-image-preview":"max-image-preview:large","max-video-preview":"max-video-preview:-1"},"canonical":"https:\/\/archiv.siov.sk\/en\/vzdelavanie\/dualne-vzdelavanie\/uvod-dualne-vzdelavanie\/","og_locale":"en_GB","og_type":"article","og_title":"\u00davod - Du\u00e1lne vzdel\u00e1vanie - \u0160IOV - \u0161t\u00e1tny in\u0161tit\u00fat odborn\u00e9ho vzdel\u00e1vania","og_description":"Syst\u00e9m du\u00e1lneho vzdel\u00e1vania Syst\u00e9m du\u00e1lneho vzdel\u00e1vania je v\u00fdnimo\u010dn\u00fd t\u00fdm, \u017ee vytv\u00e1ra partnersk\u00fd vz\u0165ah medzi zamestn\u00e1vate\u013eom a \u017eiakom. Pre \u017eiakov Od 1. septembra 2015 sa prostredn\u00edctvom z\u00e1kona o odbornom vzdel\u00e1van\u00ed a pr\u00edprave \u010d. 61\/2015 Z. z. zaviedol syst\u00e9m du\u00e1lneho vzdel\u00e1vania. Ide o model odborn\u00e9ho vzdel\u00e1vania a pr\u00edpravy na v\u00fdkon povolania, ktor\u00fdm sa z\u00edskavaj\u00fa vedomosti, schopnosti a [&hellip;]","og_url":"https:\/\/archiv.siov.sk\/en\/vzdelavanie\/dualne-vzdelavanie\/uvod-dualne-vzdelavanie\/","og_site_name":"\u0160IOV - \u0161t\u00e1tny in\u0161tit\u00fat odborn\u00e9ho vzdel\u00e1vania","article_publisher":"https:\/\/www.facebook.com\/Statnyinstitutodbornehovzdelavania","article_modified_time":"2024-05-03T19:11:40+00:00","og_image":[{"url":"https:\/\/archiv.siov.sk\/wp-content\/uploads\/2022\/09\/mojdual-top-img.png","type":"","width":"","height":""}],"twitter_card":"summary_large_image","twitter_misc":{"Estimated reading time":"3 minutes"},"schema":{"@context":"https:\/\/schema.org","@graph":[{"@type":"WebPage","@id":"https:\/\/archiv.siov.sk\/vzdelavanie\/dualne-vzdelavanie\/uvod-dualne-vzdelavanie\/","url":"https:\/\/archiv.siov.sk\/vzdelavanie\/dualne-vzdelavanie\/uvod-dualne-vzdelavanie\/","name":"\u00davod - Du\u00e1lne vzdel\u00e1vanie - \u0160IOV - \u0161t\u00e1tny in\u0161tit\u00fat odborn\u00e9ho vzdel\u00e1vania","isPartOf":{"@id":"https:\/\/archiv.siov.sk\/#website"},"primaryImageOfPage":{"@id":"https:\/\/archiv.siov.sk\/vzdelavanie\/dualne-vzdelavanie\/uvod-dualne-vzdelavanie\/#primaryimage"},"image":{"@id":"https:\/\/archiv.siov.sk\/vzdelavanie\/dualne-vzdelavanie\/uvod-dualne-vzdelavanie\/#primaryimage"},"thumbnailUrl":"https:\/\/archiv.siov.sk\/wp-content\/uploads\/2022\/09\/mojdual-top-img.png","datePublished":"2022-09-22T07:03:54+00:00","dateModified":"2024-05-03T19:11:40+00:00","breadcrumb":{"@id":"https:\/\/archiv.siov.sk\/vzdelavanie\/dualne-vzdelavanie\/uvod-dualne-vzdelavanie\/#breadcrumb"},"inLanguage":"en-GB","potentialAction":[{"@type":"ReadAction","target":["https:\/\/archiv.siov.sk\/vzdelavanie\/dualne-vzdelavanie\/uvod-dualne-vzdelavanie\/"]}]},{"@type":"ImageObject","inLanguage":"en-GB","@id":"https:\/\/archiv.siov.sk\/vzdelavanie\/dualne-vzdelavanie\/uvod-dualne-vzdelavanie\/#primaryimage","url":"https:\/\/archiv.siov.sk\/wp-content\/uploads\/2022\/09\/mojdual-top-img.png","contentUrl":"https:\/\/archiv.siov.sk\/wp-content\/uploads\/2022\/09\/mojdual-top-img.png"},{"@type":"BreadcrumbList","@id":"https:\/\/archiv.siov.sk\/vzdelavanie\/dualne-vzdelavanie\/uvod-dualne-vzdelavanie\/#breadcrumb","itemListElement":[{"@type":"ListItem","position":1,"name":"Home","item":"https:\/\/archiv.siov.sk\/"},{"@type":"ListItem","position":2,"name":"Vzdel\u00e1vanie","item":"https:\/\/archiv.siov.sk\/vzdelavanie\/"},{"@type":"ListItem","position":3,"name":"Du\u00e1lne vzdel\u00e1vanie","item":"https:\/\/archiv.siov.sk\/vzdelavanie\/dualne-vzdelavanie\/"},{"@type":"ListItem","position":4,"name":"\u00davod &#8211; Du\u00e1lne vzdel\u00e1vanie"}]},{"@type":"WebSite","@id":"https:\/\/archiv.siov.sk\/#website","url":"https:\/\/archiv.siov.sk\/","name":"\u0160IOV - \u0161t\u00e1tny in\u0161tit\u00fat odborn\u00e9ho vzdel\u00e1vania","description":"","publisher":{"@id":"https:\/\/archiv.siov.sk\/#organization"},"potentialAction":[{"@type":"SearchAction","target":{"@type":"EntryPoint","urlTemplate":"https:\/\/archiv.siov.sk\/?s={search_term_string}"},"query-input":{"@type":"PropertyValueSpecification","valueRequired":true,"valueName":"search_term_string"}}],"inLanguage":"en-GB"},{"@type":"Organization","@id":"https:\/\/archiv.siov.sk\/#organization","name":"\u0160IOV - \u0161t\u00e1tny in\u0161tit\u00fat odborn\u00e9ho vzdel\u00e1vania","url":"https:\/\/archiv.siov.sk\/","logo":{"@type":"ImageObject","inLanguage":"en-GB","@id":"https:\/\/archiv.siov.sk\/#\/schema\/logo\/image\/","url":"https:\/\/archiv.siov.sk\/wp-content\/uploads\/2024\/02\/logo-SIOV.png","contentUrl":"https:\/\/archiv.siov.sk\/wp-content\/uploads\/2024\/02\/logo-SIOV.png","width":431,"height":143,"caption":"\u0160IOV - \u0161t\u00e1tny in\u0161tit\u00fat odborn\u00e9ho vzdel\u00e1vania"},"image":{"@id":"https:\/\/archiv.siov.sk\/#\/schema\/logo\/image\/"},"sameAs":["https:\/\/www.facebook.com\/Statnyinstitutodbornehovzdelavania"]}]}},"_links":{"self":[{"href":"https:\/\/archiv.siov.sk\/en\/wp-json\/wp\/v2\/pages\/12144","targetHints":{"allow":["GET"]}}],"collection":[{"href":"https:\/\/archiv.siov.sk\/en\/wp-json\/wp\/v2\/pages"}],"about":[{"href":"https:\/\/archiv.siov.sk\/en\/wp-json\/wp\/v2\/types\/page"}],"author":[{"embeddable":true,"href":"https:\/\/archiv.siov.sk\/en\/wp-json\/wp\/v2\/users\/1"}],"replies":[{"embeddable":true,"href":"https:\/\/archiv.siov.sk\/en\/wp-json\/wp\/v2\/comments?post=12144"}],"version-history":[{"count":44,"href":"https:\/\/archiv.siov.sk\/en\/wp-json\/wp\/v2\/pages\/12144\/revisions"}],"predecessor-version":[{"id":15349,"href":"https:\/\/archiv.siov.sk\/en\/wp-json\/wp\/v2\/pages\/12144\/revisions\/15349"}],"up":[{"embeddable":true,"href":"https:\/\/archiv.siov.sk\/en\/wp-json\/wp\/v2\/pages\/20"}],"wp:attachment":[{"href":"https:\/\/archiv.siov.sk\/en\/wp-json\/wp\/v2\/media?parent=12144"}],"curies":[{"name":"wp","href":"https:\/\/api.w.org\/{rel}","templated":true}]}}