{"id":12,"date":"2019-01-25T09:45:21","date_gmt":"2019-01-25T08:45:21","guid":{"rendered":"http:\/\/archiv.siov.sk\/?page_id=12"},"modified":"2025-05-13T13:21:21","modified_gmt":"2025-05-13T11:21:21","slug":"rada-vlady-pre-ovp","status":"publish","type":"page","link":"https:\/\/archiv.siov.sk\/en\/o-nas\/rada-vlady-pre-ovp\/","title":{"rendered":"Government Council for VET"},"content":{"rendered":"<div data-elementor-type=\"wp-page\" data-elementor-id=\"12\" class=\"elementor elementor-12\" data-elementor-post-type=\"page\">\n\t\t\t\t\t\t<section class=\"elementor-section elementor-top-section elementor-element elementor-element-bf773a1 elementor-section-boxed elementor-section-height-default elementor-section-height-default\" data-id=\"bf773a1\" data-element_type=\"section\" data-e-type=\"section\">\n\t\t\t\t\t\t<div class=\"elementor-container elementor-column-gap-default\">\n\t\t\t\t\t<div class=\"elementor-column elementor-col-100 elementor-top-column elementor-element elementor-element-9cdadad\" data-id=\"9cdadad\" data-element_type=\"column\" data-e-type=\"column\">\n\t\t\t<div class=\"elementor-widget-wrap elementor-element-populated\">\n\t\t\t\t\t\t<div class=\"elementor-element elementor-element-e4ade18 elementor-widget-divider--view-line elementor-widget elementor-widget-divider\" data-id=\"e4ade18\" data-element_type=\"widget\" data-e-type=\"widget\" data-widget_type=\"divider.default\">\n\t\t\t\t<div class=\"elementor-widget-container\">\n\t\t\t\t\t\t\t<div class=\"elementor-divider\">\n\t\t\t<span class=\"elementor-divider-separator\">\n\t\t\t\t\t\t<\/span>\n\t\t<\/div>\n\t\t\t\t\t\t<\/div>\n\t\t\t\t<\/div>\n\t\t\t\t<div class=\"elementor-element elementor-element-f483b91 elementor-widget elementor-widget-heading\" data-id=\"f483b91\" data-element_type=\"widget\" data-e-type=\"widget\" data-widget_type=\"heading.default\">\n\t\t\t\t<div class=\"elementor-widget-container\">\n\t\t\t\t\t<h2 class=\"elementor-heading-title elementor-size-default\">Government Council for VET<\/h2>\t\t\t\t<\/div>\n\t\t\t\t<\/div>\n\t\t\t\t\t<\/div>\n\t\t<\/div>\n\t\t\t\t\t<\/div>\n\t\t<\/section>\n\t\t\t\t<section class=\"elementor-section elementor-top-section elementor-element elementor-element-e68d8da elementor-section-boxed elementor-section-height-default elementor-section-height-default\" data-id=\"e68d8da\" data-element_type=\"section\" data-e-type=\"section\">\n\t\t\t\t\t\t<div class=\"elementor-container elementor-column-gap-default\">\n\t\t\t\t\t<div class=\"elementor-column elementor-col-100 elementor-top-column elementor-element elementor-element-524d6955\" data-id=\"524d6955\" data-element_type=\"column\" data-e-type=\"column\">\n\t\t\t<div class=\"elementor-widget-wrap elementor-element-populated\">\n\t\t\t\t\t\t<div class=\"elementor-element elementor-element-6696ac8a elementor-widget elementor-widget-text-editor\" data-id=\"6696ac8a\" data-element_type=\"widget\" data-e-type=\"widget\" data-widget_type=\"text-editor.default\">\n\t\t\t\t<div class=\"elementor-widget-container\">\n\t\t\t\t\t\t\t\t\t<p style=\"text-align: justify;\"><strong>Council of the Government of the Slovak Republic for Vocational Education and Training<\/strong> je poradn\u00fdm org\u00e1nom vl\u00e1dy Slovenskej republiky v oblasti odborn\u00e9ho vzdel\u00e1vania a pr\u00edpravy.<\/p><blockquote><p>In particular, the Government Council assesses strategic and conceptual documents in the field of vocational education and training in relation to the economic and social needs of the Slovak Republic, assesses the labour market needs plan in the field of vocational education and training.<\/p><\/blockquote><p style=\"text-align: justify;\">Prerok\u00fava odvetvov\u00e9 koncepcie odborn\u00e9ho vzdel\u00e1vania a pr\u00edpravy, vyprac\u00fava pl\u00e1n propag\u00e1cie odborn\u00e9ho vzdel\u00e1vania a pr\u00edpravy, prerok\u00fava a odpor\u00fa\u010da Ministerstvu \u0161kolstva, v\u00fdskumu, v\u00fdvoja a ml\u00e1de\u017ee Slovenskej republiky zaradenie\/vyradenie nov\u00e9ho \u0161tudijn\u00e9ho odboru alebo u\u010debn\u00e9ho odboru a ich zamerania do\/zo s\u00fastavy odborov vzdel\u00e1vania, prerok\u00fava zoznam \u0161tudijn\u00fdch odborov a u\u010debn\u00fdch odborov a ich zameran\u00ed, ktor\u00e9 s\u00fa nad rozsah pl\u00e1nu potrieb trhu pr\u00e1ce.<\/p><blockquote><p>It discusses state educational programmes for vocational education and training, comments on space, material and equipment standards, comments on the financing of vocational education and training and recommends measures in the field of vocational education and training.<\/p><\/blockquote><p>For more information, please visit <a href=\"http:\/\/www.radavladyovp.sk\" target=\"_blank\" rel=\"noopener\">www.radavladyovp.sk<\/a><\/p>\t\t\t\t\t\t\t\t<\/div>\n\t\t\t\t<\/div>\n\t\t\t\t\t<\/div>\n\t\t<\/div>\n\t\t\t\t\t<\/div>\n\t\t<\/section>\n\t\t\t\t<\/div>","protected":false},"excerpt":{"rendered":"<p>Rada vl\u00e1dy pre OVP Rada vl\u00e1dy Slovenskej republiky pre odborn\u00e9 vzdel\u00e1vanie a pr\u00edpravu je poradn\u00fdm org\u00e1nom vl\u00e1dy Slovenskej republiky v oblasti odborn\u00e9ho vzdel\u00e1vania a pr\u00edpravy. Rada vl\u00e1dy posudzuje najm\u00e4 strategick\u00e9 a koncep\u010dn\u00e9 dokumenty v oblasti odborn\u00e9ho vzdel\u00e1vania a pr\u00edpravy v nadv\u00e4znosti na hospod\u00e1rske a soci\u00e1lne potreby Slovenskej republiky, posudzuje pl\u00e1n potrieb trhu pr\u00e1ce v oblasti [&hellip;]<\/p>\n","protected":false},"author":1,"featured_media":0,"parent":8,"menu_order":0,"comment_status":"closed","ping_status":"closed","template":"","meta":{"site-sidebar-layout":"default","site-content-layout":"default","ast-site-content-layout":"default","site-content-style":"default","site-sidebar-style":"default","ast-global-header-display":"","ast-banner-title-visibility":"","ast-main-header-display":"","ast-hfb-above-header-display":"","ast-hfb-below-header-display":"","ast-hfb-mobile-header-display":"","site-post-title":"disabled","ast-breadcrumbs-content":"","ast-featured-img":"","footer-sml-layout":"","ast-disable-related-posts":"","theme-transparent-header-meta":"default","adv-header-id-meta":"","stick-header-meta":"","header-above-stick-meta":"","header-main-stick-meta":"","header-below-stick-meta":"","astra-migrate-meta-layouts":"default","ast-page-background-enabled":"default","ast-page-background-meta":{"desktop":{"background-color":"var(--ast-global-color-4)","background-image":"","background-repeat":"repeat","background-position":"center center","background-size":"auto","background-attachment":"scroll","background-type":"","background-media":"","overlay-type":"","overlay-color":"","overlay-opacity":"","overlay-gradient":""},"tablet":{"background-color":"","background-image":"","background-repeat":"repeat","background-position":"center center","background-size":"auto","background-attachment":"scroll","background-type":"","background-media":"","overlay-type":"","overlay-color":"","overlay-opacity":"","overlay-gradient":""},"mobile":{"background-color":"","background-image":"","background-repeat":"repeat","background-position":"center center","background-size":"auto","background-attachment":"scroll","background-type":"","background-media":"","overlay-type":"","overlay-color":"","overlay-opacity":"","overlay-gradient":""}},"ast-content-background-meta":{"desktop":{"background-color":"var(--ast-global-color-5)","background-image":"","background-repeat":"repeat","background-position":"center center","background-size":"auto","background-attachment":"scroll","background-type":"","background-media":"","overlay-type":"","overlay-color":"","overlay-opacity":"","overlay-gradient":""},"tablet":{"background-color":"var(--ast-global-color-5)","background-image":"","background-repeat":"repeat","background-position":"center center","background-size":"auto","background-attachment":"scroll","background-type":"","background-media":"","overlay-type":"","overlay-color":"","overlay-opacity":"","overlay-gradient":""},"mobile":{"background-color":"var(--ast-global-color-5)","background-image":"","background-repeat":"repeat","background-position":"center center","background-size":"auto","background-attachment":"scroll","background-type":"","background-media":"","overlay-type":"","overlay-color":"","overlay-opacity":"","overlay-gradient":""}},"footnotes":""},"class_list":["post-12","page","type-page","status-publish","hentry"],"yoast_head":"<!-- This site is optimized with the Yoast SEO plugin v27.5 - https:\/\/yoast.com\/product\/yoast-seo-wordpress\/ -->\n<title>Rada vl\u00e1dy pre OVP - \u0160IOV - \u0161t\u00e1tny in\u0161tit\u00fat odborn\u00e9ho vzdel\u00e1vania<\/title>\n<meta name=\"robots\" content=\"index, follow, max-snippet:-1, max-image-preview:large, max-video-preview:-1\" \/>\n<link rel=\"canonical\" href=\"https:\/\/archiv.siov.sk\/en\/o-nas\/rada-vlady-pre-ovp\/\" \/>\n<meta property=\"og:locale\" content=\"en_GB\" \/>\n<meta property=\"og:type\" content=\"article\" \/>\n<meta property=\"og:title\" content=\"Rada vl\u00e1dy pre OVP - \u0160IOV - \u0161t\u00e1tny in\u0161tit\u00fat odborn\u00e9ho vzdel\u00e1vania\" \/>\n<meta property=\"og:description\" content=\"Rada vl\u00e1dy pre OVP Rada vl\u00e1dy Slovenskej republiky pre odborn\u00e9 vzdel\u00e1vanie a pr\u00edpravu je poradn\u00fdm org\u00e1nom vl\u00e1dy Slovenskej republiky v oblasti odborn\u00e9ho vzdel\u00e1vania a pr\u00edpravy. Rada vl\u00e1dy posudzuje najm\u00e4 strategick\u00e9 a koncep\u010dn\u00e9 dokumenty v oblasti odborn\u00e9ho vzdel\u00e1vania a pr\u00edpravy v nadv\u00e4znosti na hospod\u00e1rske a soci\u00e1lne potreby Slovenskej republiky, posudzuje pl\u00e1n potrieb trhu pr\u00e1ce v oblasti [&hellip;]\" \/>\n<meta property=\"og:url\" content=\"https:\/\/archiv.siov.sk\/en\/o-nas\/rada-vlady-pre-ovp\/\" \/>\n<meta property=\"og:site_name\" content=\"\u0160IOV - \u0161t\u00e1tny in\u0161tit\u00fat odborn\u00e9ho vzdel\u00e1vania\" \/>\n<meta property=\"article:publisher\" content=\"https:\/\/www.facebook.com\/Statnyinstitutodbornehovzdelavania\" \/>\n<meta property=\"article:modified_time\" content=\"2025-05-13T11:21:21+00:00\" \/>\n<meta name=\"twitter:card\" content=\"summary_large_image\" \/>\n<meta name=\"twitter:label1\" content=\"Estimated reading time\" \/>\n\t<meta name=\"twitter:data1\" content=\"1 minute\" \/>\n<script type=\"application\/ld+json\" class=\"yoast-schema-graph\">{\"@context\":\"https:\\\/\\\/schema.org\",\"@graph\":[{\"@type\":\"WebPage\",\"@id\":\"https:\\\/\\\/archiv.siov.sk\\\/o-nas\\\/rada-vlady-pre-ovp\\\/\",\"url\":\"https:\\\/\\\/archiv.siov.sk\\\/o-nas\\\/rada-vlady-pre-ovp\\\/\",\"name\":\"Rada vl\u00e1dy pre OVP - \u0160IOV - \u0161t\u00e1tny in\u0161tit\u00fat odborn\u00e9ho vzdel\u00e1vania\",\"isPartOf\":{\"@id\":\"https:\\\/\\\/archiv.siov.sk\\\/#website\"},\"datePublished\":\"2019-01-25T08:45:21+00:00\",\"dateModified\":\"2025-05-13T11:21:21+00:00\",\"breadcrumb\":{\"@id\":\"https:\\\/\\\/archiv.siov.sk\\\/o-nas\\\/rada-vlady-pre-ovp\\\/#breadcrumb\"},\"inLanguage\":\"en-GB\",\"potentialAction\":[{\"@type\":\"ReadAction\",\"target\":[\"https:\\\/\\\/archiv.siov.sk\\\/o-nas\\\/rada-vlady-pre-ovp\\\/\"]}]},{\"@type\":\"BreadcrumbList\",\"@id\":\"https:\\\/\\\/archiv.siov.sk\\\/o-nas\\\/rada-vlady-pre-ovp\\\/#breadcrumb\",\"itemListElement\":[{\"@type\":\"ListItem\",\"position\":1,\"name\":\"Home\",\"item\":\"https:\\\/\\\/archiv.siov.sk\\\/\"},{\"@type\":\"ListItem\",\"position\":2,\"name\":\"O n\u00e1s\",\"item\":\"https:\\\/\\\/archiv.siov.sk\\\/o-nas\\\/\"},{\"@type\":\"ListItem\",\"position\":3,\"name\":\"Rada vl\u00e1dy pre OVP\"}]},{\"@type\":\"WebSite\",\"@id\":\"https:\\\/\\\/archiv.siov.sk\\\/#website\",\"url\":\"https:\\\/\\\/archiv.siov.sk\\\/\",\"name\":\"\u0160IOV - \u0161t\u00e1tny in\u0161tit\u00fat odborn\u00e9ho vzdel\u00e1vania\",\"description\":\"\",\"publisher\":{\"@id\":\"https:\\\/\\\/archiv.siov.sk\\\/#organization\"},\"potentialAction\":[{\"@type\":\"SearchAction\",\"target\":{\"@type\":\"EntryPoint\",\"urlTemplate\":\"https:\\\/\\\/archiv.siov.sk\\\/?s={search_term_string}\"},\"query-input\":{\"@type\":\"PropertyValueSpecification\",\"valueRequired\":true,\"valueName\":\"search_term_string\"}}],\"inLanguage\":\"en-GB\"},{\"@type\":\"Organization\",\"@id\":\"https:\\\/\\\/archiv.siov.sk\\\/#organization\",\"name\":\"\u0160IOV - \u0161t\u00e1tny in\u0161tit\u00fat odborn\u00e9ho vzdel\u00e1vania\",\"url\":\"https:\\\/\\\/archiv.siov.sk\\\/\",\"logo\":{\"@type\":\"ImageObject\",\"inLanguage\":\"en-GB\",\"@id\":\"https:\\\/\\\/archiv.siov.sk\\\/#\\\/schema\\\/logo\\\/image\\\/\",\"url\":\"https:\\\/\\\/archiv.siov.sk\\\/wp-content\\\/uploads\\\/2024\\\/02\\\/logo-SIOV.png\",\"contentUrl\":\"https:\\\/\\\/archiv.siov.sk\\\/wp-content\\\/uploads\\\/2024\\\/02\\\/logo-SIOV.png\",\"width\":431,\"height\":143,\"caption\":\"\u0160IOV - \u0161t\u00e1tny in\u0161tit\u00fat odborn\u00e9ho vzdel\u00e1vania\"},\"image\":{\"@id\":\"https:\\\/\\\/archiv.siov.sk\\\/#\\\/schema\\\/logo\\\/image\\\/\"},\"sameAs\":[\"https:\\\/\\\/www.facebook.com\\\/Statnyinstitutodbornehovzdelavania\"]}]}<\/script>\n<!-- \/ Yoast SEO plugin. -->","yoast_head_json":{"title":"Rada vl\u00e1dy pre OVP - \u0160IOV - \u0161t\u00e1tny in\u0161tit\u00fat odborn\u00e9ho vzdel\u00e1vania","robots":{"index":"index","follow":"follow","max-snippet":"max-snippet:-1","max-image-preview":"max-image-preview:large","max-video-preview":"max-video-preview:-1"},"canonical":"https:\/\/archiv.siov.sk\/en\/o-nas\/rada-vlady-pre-ovp\/","og_locale":"en_GB","og_type":"article","og_title":"Rada vl\u00e1dy pre OVP - \u0160IOV - \u0161t\u00e1tny in\u0161tit\u00fat odborn\u00e9ho vzdel\u00e1vania","og_description":"Rada vl\u00e1dy pre OVP Rada vl\u00e1dy Slovenskej republiky pre odborn\u00e9 vzdel\u00e1vanie a pr\u00edpravu je poradn\u00fdm org\u00e1nom vl\u00e1dy Slovenskej republiky v oblasti odborn\u00e9ho vzdel\u00e1vania a pr\u00edpravy. Rada vl\u00e1dy posudzuje najm\u00e4 strategick\u00e9 a koncep\u010dn\u00e9 dokumenty v oblasti odborn\u00e9ho vzdel\u00e1vania a pr\u00edpravy v nadv\u00e4znosti na hospod\u00e1rske a soci\u00e1lne potreby Slovenskej republiky, posudzuje pl\u00e1n potrieb trhu pr\u00e1ce v oblasti [&hellip;]","og_url":"https:\/\/archiv.siov.sk\/en\/o-nas\/rada-vlady-pre-ovp\/","og_site_name":"\u0160IOV - \u0161t\u00e1tny in\u0161tit\u00fat odborn\u00e9ho vzdel\u00e1vania","article_publisher":"https:\/\/www.facebook.com\/Statnyinstitutodbornehovzdelavania","article_modified_time":"2025-05-13T11:21:21+00:00","twitter_card":"summary_large_image","twitter_misc":{"Estimated reading time":"1 minute"},"schema":{"@context":"https:\/\/schema.org","@graph":[{"@type":"WebPage","@id":"https:\/\/archiv.siov.sk\/o-nas\/rada-vlady-pre-ovp\/","url":"https:\/\/archiv.siov.sk\/o-nas\/rada-vlady-pre-ovp\/","name":"Rada vl\u00e1dy pre OVP - \u0160IOV - \u0161t\u00e1tny in\u0161tit\u00fat odborn\u00e9ho vzdel\u00e1vania","isPartOf":{"@id":"https:\/\/archiv.siov.sk\/#website"},"datePublished":"2019-01-25T08:45:21+00:00","dateModified":"2025-05-13T11:21:21+00:00","breadcrumb":{"@id":"https:\/\/archiv.siov.sk\/o-nas\/rada-vlady-pre-ovp\/#breadcrumb"},"inLanguage":"en-GB","potentialAction":[{"@type":"ReadAction","target":["https:\/\/archiv.siov.sk\/o-nas\/rada-vlady-pre-ovp\/"]}]},{"@type":"BreadcrumbList","@id":"https:\/\/archiv.siov.sk\/o-nas\/rada-vlady-pre-ovp\/#breadcrumb","itemListElement":[{"@type":"ListItem","position":1,"name":"Home","item":"https:\/\/archiv.siov.sk\/"},{"@type":"ListItem","position":2,"name":"O n\u00e1s","item":"https:\/\/archiv.siov.sk\/o-nas\/"},{"@type":"ListItem","position":3,"name":"Rada vl\u00e1dy pre OVP"}]},{"@type":"WebSite","@id":"https:\/\/archiv.siov.sk\/#website","url":"https:\/\/archiv.siov.sk\/","name":"\u0160IOV - \u0161t\u00e1tny in\u0161tit\u00fat odborn\u00e9ho vzdel\u00e1vania","description":"","publisher":{"@id":"https:\/\/archiv.siov.sk\/#organization"},"potentialAction":[{"@type":"SearchAction","target":{"@type":"EntryPoint","urlTemplate":"https:\/\/archiv.siov.sk\/?s={search_term_string}"},"query-input":{"@type":"PropertyValueSpecification","valueRequired":true,"valueName":"search_term_string"}}],"inLanguage":"en-GB"},{"@type":"Organization","@id":"https:\/\/archiv.siov.sk\/#organization","name":"\u0160IOV - \u0161t\u00e1tny in\u0161tit\u00fat odborn\u00e9ho vzdel\u00e1vania","url":"https:\/\/archiv.siov.sk\/","logo":{"@type":"ImageObject","inLanguage":"en-GB","@id":"https:\/\/archiv.siov.sk\/#\/schema\/logo\/image\/","url":"https:\/\/archiv.siov.sk\/wp-content\/uploads\/2024\/02\/logo-SIOV.png","contentUrl":"https:\/\/archiv.siov.sk\/wp-content\/uploads\/2024\/02\/logo-SIOV.png","width":431,"height":143,"caption":"\u0160IOV - \u0161t\u00e1tny in\u0161tit\u00fat odborn\u00e9ho vzdel\u00e1vania"},"image":{"@id":"https:\/\/archiv.siov.sk\/#\/schema\/logo\/image\/"},"sameAs":["https:\/\/www.facebook.com\/Statnyinstitutodbornehovzdelavania"]}]}},"_links":{"self":[{"href":"https:\/\/archiv.siov.sk\/en\/wp-json\/wp\/v2\/pages\/12","targetHints":{"allow":["GET"]}}],"collection":[{"href":"https:\/\/archiv.siov.sk\/en\/wp-json\/wp\/v2\/pages"}],"about":[{"href":"https:\/\/archiv.siov.sk\/en\/wp-json\/wp\/v2\/types\/page"}],"author":[{"embeddable":true,"href":"https:\/\/archiv.siov.sk\/en\/wp-json\/wp\/v2\/users\/1"}],"replies":[{"embeddable":true,"href":"https:\/\/archiv.siov.sk\/en\/wp-json\/wp\/v2\/comments?post=12"}],"version-history":[{"count":9,"href":"https:\/\/archiv.siov.sk\/en\/wp-json\/wp\/v2\/pages\/12\/revisions"}],"predecessor-version":[{"id":18843,"href":"https:\/\/archiv.siov.sk\/en\/wp-json\/wp\/v2\/pages\/12\/revisions\/18843"}],"up":[{"embeddable":true,"href":"https:\/\/archiv.siov.sk\/en\/wp-json\/wp\/v2\/pages\/8"}],"wp:attachment":[{"href":"https:\/\/archiv.siov.sk\/en\/wp-json\/wp\/v2\/media?parent=12"}],"curies":[{"name":"wp","href":"https:\/\/api.w.org\/{rel}","templated":true}]}}