{"id":11943,"date":"2022-09-21T13:54:57","date_gmt":"2022-09-21T11:54:57","guid":{"rendered":"https:\/\/archiv.siov.sk\/?page_id=11943"},"modified":"2022-09-21T14:19:40","modified_gmt":"2022-09-21T12:19:40","slug":"dualne-vzdelavanie-18","status":"publish","type":"page","link":"https:\/\/archiv.siov.sk\/en\/vzdelavanie\/dualne-vzdelavanie\/dualne-vzdelavanie-18\/","title":{"rendered":"Dual education 18+"},"content":{"rendered":"<div data-elementor-type=\"wp-page\" data-elementor-id=\"11943\" class=\"elementor elementor-11943\" data-elementor-post-type=\"page\">\n\t\t\t\t\t\t<section class=\"elementor-section elementor-top-section elementor-element elementor-element-8540fbd elementor-section-boxed elementor-section-height-default elementor-section-height-default\" data-id=\"8540fbd\" data-element_type=\"section\" data-e-type=\"section\">\n\t\t\t\t\t\t<div class=\"elementor-container elementor-column-gap-default\">\n\t\t\t\t\t<div class=\"elementor-column elementor-col-100 elementor-top-column elementor-element elementor-element-e297c14\" data-id=\"e297c14\" data-element_type=\"column\" data-e-type=\"column\">\n\t\t\t<div class=\"elementor-widget-wrap elementor-element-populated\">\n\t\t\t\t\t\t<div class=\"elementor-element elementor-element-7a0e3c3 elementor-widget-divider--view-line elementor-widget elementor-widget-divider\" data-id=\"7a0e3c3\" data-element_type=\"widget\" data-e-type=\"widget\" data-widget_type=\"divider.default\">\n\t\t\t\t<div class=\"elementor-widget-container\">\n\t\t\t\t\t\t\t<div class=\"elementor-divider\">\n\t\t\t<span class=\"elementor-divider-separator\">\n\t\t\t\t\t\t<\/span>\n\t\t<\/div>\n\t\t\t\t\t\t<\/div>\n\t\t\t\t<\/div>\n\t\t\t\t<div class=\"elementor-element elementor-element-4fb3f9a elementor-widget elementor-widget-heading\" data-id=\"4fb3f9a\" data-element_type=\"widget\" data-e-type=\"widget\" data-widget_type=\"heading.default\">\n\t\t\t\t<div class=\"elementor-widget-container\">\n\t\t\t\t\t<h2 class=\"elementor-heading-title elementor-size-default\">Du\u00e1lne vzdel\u00e1vanie 18<\/h2>\t\t\t\t<\/div>\n\t\t\t\t<\/div>\n\t\t\t\t\t<\/div>\n\t\t<\/div>\n\t\t\t\t\t<\/div>\n\t\t<\/section>\n\t\t\t\t<section class=\"elementor-section elementor-top-section elementor-element elementor-element-0c5743b elementor-section-boxed elementor-section-height-default elementor-section-height-default\" data-id=\"0c5743b\" data-element_type=\"section\" data-e-type=\"section\">\n\t\t\t\t\t\t<div class=\"elementor-container elementor-column-gap-default\">\n\t\t\t\t\t<div class=\"elementor-column elementor-col-50 elementor-top-column elementor-element elementor-element-ab637d0\" data-id=\"ab637d0\" data-element_type=\"column\" data-e-type=\"column\">\n\t\t\t<div class=\"elementor-widget-wrap elementor-element-populated\">\n\t\t\t\t\t\t<div class=\"elementor-element elementor-element-d61f767 elementor-widget elementor-widget-text-editor\" data-id=\"d61f767\" data-element_type=\"widget\" data-e-type=\"widget\" data-widget_type=\"text-editor.default\">\n\t\t\t\t<div class=\"elementor-widget-container\">\n\t\t\t\t\t\t\t\t\t<p>Syst\u00e9m du\u00e1lneho vzdel\u00e1vania mo\u017eno vyu\u017ei\u0165 aj pri nadv\u00e4zuj\u00facich form\u00e1ch vzdel\u00e1vania, ktor\u00e9 upravuje \u00a7 45 z\u00e1kona \u010d. 245\/2008 Z. z. o v\u00fdchove a vzdel\u00e1van\u00ed (\u0161kolsk\u00fd z\u00e1kon). Na rozdiel od syst\u00e9mu du\u00e1lneho vzdel\u00e1vania, do ktor\u00e9ho vstupuj\u00fa absolventi z\u00e1kladnej \u0161koly vo veku 15 a\u017e 16 rokov, do nadv\u00e4zuj\u00faceho \u0161t\u00fadia vstupuj\u00fa absolventi predch\u00e1dzaj\u00faceho \u0161t\u00fadia vo veku 18 rokov a viac. Preto sa zjednodu\u0161ene toto \u0161t\u00fadium v syst\u00e9me du\u00e1lneho vzdel\u00e1vania ozna\u010duje aj ako \u201eDu\u00e1lne vzdel\u00e1vanie 18+\u201c.<\/p>\n<div id=\"pgc-257-2-0\" class=\"panel-grid-cell\" data-weight=\"0.5\">\n<div id=\"panel-257-2-0-0\" class=\"so-panel widget widget_sow-editor panel-first-child panel-last-child\" data-index=\"2\" data-style=\"{&quot;padding&quot;:&quot;0% 10% 0% 0%&quot;,&quot;background_image_attachment&quot;:false,&quot;background_display&quot;:&quot;tile&quot;}\">\n<div class=\"panel-widget-style panel-widget-style-for-257-2-0-0\">\n<div class=\"so-widget-sow-editor so-widget-sow-editor-base\">\n<div class=\"siteorigin-widget-tinymce textwidget\">\n<p>Du\u00e1lne vzdel\u00e1vania 18+ je vhodn\u00e9 aj pre zamestn\u00e1vate\u013eov poskytuj\u00facich praktick\u00e9 vyu\u010dovanie v r\u00e1mci odborn\u00e9ho vzdel\u00e1vania a pr\u00edpravy na povolania so zv\u00fd\u0161en\u00fdm rizikom po\u0161kodenia zdravia, ktor\u00e9 nie s\u00fa vhodn\u00e9 pre neplnolet\u00fdch \u017eiakov. <br><\/p><\/div><\/div><\/div><\/div><\/div>\n<p><\/p>\t\t\t\t\t\t\t\t<\/div>\n\t\t\t\t<\/div>\n\t\t\t\t\t<\/div>\n\t\t<\/div>\n\t\t\t\t<div class=\"elementor-column elementor-col-50 elementor-top-column elementor-element elementor-element-0fe94b3\" data-id=\"0fe94b3\" data-element_type=\"column\" data-e-type=\"column\">\n\t\t\t<div class=\"elementor-widget-wrap elementor-element-populated\">\n\t\t\t\t\t\t<div class=\"elementor-element elementor-element-af0f4f7 elementor-widget elementor-widget-heading\" data-id=\"af0f4f7\" data-element_type=\"widget\" data-e-type=\"widget\" data-widget_type=\"heading.default\">\n\t\t\t\t<div class=\"elementor-widget-container\">\n\t\t\t\t\t<h5 class=\"elementor-heading-title elementor-size-default\">Formy Du\u00e1lneho vzdel\u00e1vania 18+:<\/h5>\t\t\t\t<\/div>\n\t\t\t\t<\/div>\n\t\t\t\t<div class=\"elementor-element elementor-element-870c286 elementor-widget elementor-widget-text-editor\" data-id=\"870c286\" data-element_type=\"widget\" data-e-type=\"widget\" data-widget_type=\"text-editor.default\">\n\t\t\t\t<div class=\"elementor-widget-container\">\n\t\t\t\t\t\t\t\t\t<ul><li>Du\u00e1l 18+ formou 1-ro\u010dn\u00e9ho skr\u00e1ten\u00e9ho \u0161t\u00fadia<\/li><li>Du\u00e1l 18+ formou 2-ro\u010dn\u00e9ho pomaturitn\u00e9ho kvalifika\u010dn\u00e9ho \u0161t\u00fadia s odborn\u00fdm v\u00fdcvikom<\/li><li>Du\u00e1l 18+ formou 2-ro\u010dn\u00e9ho pomaturitn\u00e9ho kvalifika\u010dn\u00e9ho \u0161t\u00fadia s odbornou praxou<\/li><li>Du\u00e1l 18+ formou 2-ro\u010dn\u00e9ho skr\u00e1ten\u00e9ho \u0161t\u00fadia<br \/>Du\u00e1l 18+ formou vy\u0161\u0161ieho odborn\u00e9ho \u0161t\u00fadia<\/li><\/ul>\t\t\t\t\t\t\t\t<\/div>\n\t\t\t\t<\/div>\n\t\t\t\t\t<\/div>\n\t\t<\/div>\n\t\t\t\t\t<\/div>\n\t\t<\/section>\n\t\t\t\t<\/div>","protected":false},"excerpt":{"rendered":"<p>Du\u00e1lne vzdel\u00e1vanie 18 Syst\u00e9m du\u00e1lneho vzdel\u00e1vania mo\u017eno vyu\u017ei\u0165 aj pri nadv\u00e4zuj\u00facich form\u00e1ch vzdel\u00e1vania, ktor\u00e9 upravuje \u00a7 45 z\u00e1kona \u010d. 245\/2008 Z. z. o v\u00fdchove a vzdel\u00e1van\u00ed (\u0161kolsk\u00fd z\u00e1kon). Na rozdiel od syst\u00e9mu du\u00e1lneho vzdel\u00e1vania, do ktor\u00e9ho vstupuj\u00fa absolventi z\u00e1kladnej \u0161koly vo veku 15 a\u017e 16 rokov, do nadv\u00e4zuj\u00faceho \u0161t\u00fadia vstupuj\u00fa absolventi predch\u00e1dzaj\u00faceho \u0161t\u00fadia vo veku [&hellip;]<\/p>\n","protected":false},"author":1,"featured_media":0,"parent":20,"menu_order":0,"comment_status":"closed","ping_status":"closed","template":"","meta":{"site-sidebar-layout":"default","site-content-layout":"default","ast-site-content-layout":"default","site-content-style":"default","site-sidebar-style":"default","ast-global-header-display":"","ast-banner-title-visibility":"","ast-main-header-display":"","ast-hfb-above-header-display":"","ast-hfb-below-header-display":"","ast-hfb-mobile-header-display":"","site-post-title":"disabled","ast-breadcrumbs-content":"","ast-featured-img":"","footer-sml-layout":"","ast-disable-related-posts":"","theme-transparent-header-meta":"default","adv-header-id-meta":"","stick-header-meta":"","header-above-stick-meta":"","header-main-stick-meta":"","header-below-stick-meta":"","astra-migrate-meta-layouts":"default","ast-page-background-enabled":"default","ast-page-background-meta":{"desktop":{"background-color":"var(--ast-global-color-4)","background-image":"","background-repeat":"repeat","background-position":"center center","background-size":"auto","background-attachment":"scroll","background-type":"","background-media":"","overlay-type":"","overlay-color":"","overlay-opacity":"","overlay-gradient":""},"tablet":{"background-color":"","background-image":"","background-repeat":"repeat","background-position":"center center","background-size":"auto","background-attachment":"scroll","background-type":"","background-media":"","overlay-type":"","overlay-color":"","overlay-opacity":"","overlay-gradient":""},"mobile":{"background-color":"","background-image":"","background-repeat":"repeat","background-position":"center center","background-size":"auto","background-attachment":"scroll","background-type":"","background-media":"","overlay-type":"","overlay-color":"","overlay-opacity":"","overlay-gradient":""}},"ast-content-background-meta":{"desktop":{"background-color":"var(--ast-global-color-5)","background-image":"","background-repeat":"repeat","background-position":"center center","background-size":"auto","background-attachment":"scroll","background-type":"","background-media":"","overlay-type":"","overlay-color":"","overlay-opacity":"","overlay-gradient":""},"tablet":{"background-color":"var(--ast-global-color-5)","background-image":"","background-repeat":"repeat","background-position":"center center","background-size":"auto","background-attachment":"scroll","background-type":"","background-media":"","overlay-type":"","overlay-color":"","overlay-opacity":"","overlay-gradient":""},"mobile":{"background-color":"var(--ast-global-color-5)","background-image":"","background-repeat":"repeat","background-position":"center center","background-size":"auto","background-attachment":"scroll","background-type":"","background-media":"","overlay-type":"","overlay-color":"","overlay-opacity":"","overlay-gradient":""}},"footnotes":""},"class_list":["post-11943","page","type-page","status-publish","hentry"],"yoast_head":"<!-- This site is optimized with the Yoast SEO plugin v27.5 - https:\/\/yoast.com\/product\/yoast-seo-wordpress\/ -->\n<title>Du\u00e1lne vzdel\u00e1vanie 18+ - \u0160IOV - \u0161t\u00e1tny in\u0161tit\u00fat odborn\u00e9ho vzdel\u00e1vania<\/title>\n<meta name=\"robots\" content=\"index, follow, max-snippet:-1, max-image-preview:large, max-video-preview:-1\" \/>\n<link rel=\"canonical\" href=\"https:\/\/archiv.siov.sk\/en\/vzdelavanie\/dualne-vzdelavanie\/dualne-vzdelavanie-18\/\" \/>\n<meta property=\"og:locale\" content=\"en_GB\" \/>\n<meta property=\"og:type\" content=\"article\" \/>\n<meta property=\"og:title\" content=\"Du\u00e1lne vzdel\u00e1vanie 18+ - \u0160IOV - \u0161t\u00e1tny in\u0161tit\u00fat odborn\u00e9ho vzdel\u00e1vania\" \/>\n<meta property=\"og:description\" content=\"Du\u00e1lne vzdel\u00e1vanie 18 Syst\u00e9m du\u00e1lneho vzdel\u00e1vania mo\u017eno vyu\u017ei\u0165 aj pri nadv\u00e4zuj\u00facich form\u00e1ch vzdel\u00e1vania, ktor\u00e9 upravuje \u00a7 45 z\u00e1kona \u010d. 245\/2008 Z. z. o v\u00fdchove a vzdel\u00e1van\u00ed (\u0161kolsk\u00fd z\u00e1kon). Na rozdiel od syst\u00e9mu du\u00e1lneho vzdel\u00e1vania, do ktor\u00e9ho vstupuj\u00fa absolventi z\u00e1kladnej \u0161koly vo veku 15 a\u017e 16 rokov, do nadv\u00e4zuj\u00faceho \u0161t\u00fadia vstupuj\u00fa absolventi predch\u00e1dzaj\u00faceho \u0161t\u00fadia vo veku [&hellip;]\" \/>\n<meta property=\"og:url\" content=\"https:\/\/archiv.siov.sk\/en\/vzdelavanie\/dualne-vzdelavanie\/dualne-vzdelavanie-18\/\" \/>\n<meta property=\"og:site_name\" content=\"\u0160IOV - \u0161t\u00e1tny in\u0161tit\u00fat odborn\u00e9ho vzdel\u00e1vania\" \/>\n<meta property=\"article:publisher\" content=\"https:\/\/www.facebook.com\/Statnyinstitutodbornehovzdelavania\" \/>\n<meta property=\"article:modified_time\" content=\"2022-09-21T12:19:40+00:00\" \/>\n<meta name=\"twitter:card\" content=\"summary_large_image\" \/>\n<meta name=\"twitter:label1\" content=\"Estimated reading time\" \/>\n\t<meta name=\"twitter:data1\" content=\"1 minute\" \/>\n<script type=\"application\/ld+json\" class=\"yoast-schema-graph\">{\"@context\":\"https:\\\/\\\/schema.org\",\"@graph\":[{\"@type\":\"WebPage\",\"@id\":\"https:\\\/\\\/archiv.siov.sk\\\/vzdelavanie\\\/dualne-vzdelavanie\\\/dualne-vzdelavanie-18\\\/\",\"url\":\"https:\\\/\\\/archiv.siov.sk\\\/vzdelavanie\\\/dualne-vzdelavanie\\\/dualne-vzdelavanie-18\\\/\",\"name\":\"Du\u00e1lne vzdel\u00e1vanie 18+ - \u0160IOV - \u0161t\u00e1tny in\u0161tit\u00fat odborn\u00e9ho vzdel\u00e1vania\",\"isPartOf\":{\"@id\":\"https:\\\/\\\/archiv.siov.sk\\\/#website\"},\"datePublished\":\"2022-09-21T11:54:57+00:00\",\"dateModified\":\"2022-09-21T12:19:40+00:00\",\"breadcrumb\":{\"@id\":\"https:\\\/\\\/archiv.siov.sk\\\/vzdelavanie\\\/dualne-vzdelavanie\\\/dualne-vzdelavanie-18\\\/#breadcrumb\"},\"inLanguage\":\"en-GB\",\"potentialAction\":[{\"@type\":\"ReadAction\",\"target\":[\"https:\\\/\\\/archiv.siov.sk\\\/vzdelavanie\\\/dualne-vzdelavanie\\\/dualne-vzdelavanie-18\\\/\"]}]},{\"@type\":\"BreadcrumbList\",\"@id\":\"https:\\\/\\\/archiv.siov.sk\\\/vzdelavanie\\\/dualne-vzdelavanie\\\/dualne-vzdelavanie-18\\\/#breadcrumb\",\"itemListElement\":[{\"@type\":\"ListItem\",\"position\":1,\"name\":\"Home\",\"item\":\"https:\\\/\\\/archiv.siov.sk\\\/\"},{\"@type\":\"ListItem\",\"position\":2,\"name\":\"Vzdel\u00e1vanie\",\"item\":\"https:\\\/\\\/archiv.siov.sk\\\/vzdelavanie\\\/\"},{\"@type\":\"ListItem\",\"position\":3,\"name\":\"Du\u00e1lne vzdel\u00e1vanie\",\"item\":\"https:\\\/\\\/archiv.siov.sk\\\/vzdelavanie\\\/dualne-vzdelavanie\\\/\"},{\"@type\":\"ListItem\",\"position\":4,\"name\":\"Du\u00e1lne vzdel\u00e1vanie 18+\"}]},{\"@type\":\"WebSite\",\"@id\":\"https:\\\/\\\/archiv.siov.sk\\\/#website\",\"url\":\"https:\\\/\\\/archiv.siov.sk\\\/\",\"name\":\"\u0160IOV - \u0161t\u00e1tny in\u0161tit\u00fat odborn\u00e9ho vzdel\u00e1vania\",\"description\":\"\",\"publisher\":{\"@id\":\"https:\\\/\\\/archiv.siov.sk\\\/#organization\"},\"potentialAction\":[{\"@type\":\"SearchAction\",\"target\":{\"@type\":\"EntryPoint\",\"urlTemplate\":\"https:\\\/\\\/archiv.siov.sk\\\/?s={search_term_string}\"},\"query-input\":{\"@type\":\"PropertyValueSpecification\",\"valueRequired\":true,\"valueName\":\"search_term_string\"}}],\"inLanguage\":\"en-GB\"},{\"@type\":\"Organization\",\"@id\":\"https:\\\/\\\/archiv.siov.sk\\\/#organization\",\"name\":\"\u0160IOV - \u0161t\u00e1tny in\u0161tit\u00fat odborn\u00e9ho vzdel\u00e1vania\",\"url\":\"https:\\\/\\\/archiv.siov.sk\\\/\",\"logo\":{\"@type\":\"ImageObject\",\"inLanguage\":\"en-GB\",\"@id\":\"https:\\\/\\\/archiv.siov.sk\\\/#\\\/schema\\\/logo\\\/image\\\/\",\"url\":\"https:\\\/\\\/archiv.siov.sk\\\/wp-content\\\/uploads\\\/2024\\\/02\\\/logo-SIOV.png\",\"contentUrl\":\"https:\\\/\\\/archiv.siov.sk\\\/wp-content\\\/uploads\\\/2024\\\/02\\\/logo-SIOV.png\",\"width\":431,\"height\":143,\"caption\":\"\u0160IOV - \u0161t\u00e1tny in\u0161tit\u00fat odborn\u00e9ho vzdel\u00e1vania\"},\"image\":{\"@id\":\"https:\\\/\\\/archiv.siov.sk\\\/#\\\/schema\\\/logo\\\/image\\\/\"},\"sameAs\":[\"https:\\\/\\\/www.facebook.com\\\/Statnyinstitutodbornehovzdelavania\"]}]}<\/script>\n<!-- \/ Yoast SEO plugin. -->","yoast_head_json":{"title":"Du\u00e1lne vzdel\u00e1vanie 18+ - \u0160IOV - \u0161t\u00e1tny in\u0161tit\u00fat odborn\u00e9ho vzdel\u00e1vania","robots":{"index":"index","follow":"follow","max-snippet":"max-snippet:-1","max-image-preview":"max-image-preview:large","max-video-preview":"max-video-preview:-1"},"canonical":"https:\/\/archiv.siov.sk\/en\/vzdelavanie\/dualne-vzdelavanie\/dualne-vzdelavanie-18\/","og_locale":"en_GB","og_type":"article","og_title":"Du\u00e1lne vzdel\u00e1vanie 18+ - \u0160IOV - \u0161t\u00e1tny in\u0161tit\u00fat odborn\u00e9ho vzdel\u00e1vania","og_description":"Du\u00e1lne vzdel\u00e1vanie 18 Syst\u00e9m du\u00e1lneho vzdel\u00e1vania mo\u017eno vyu\u017ei\u0165 aj pri nadv\u00e4zuj\u00facich form\u00e1ch vzdel\u00e1vania, ktor\u00e9 upravuje \u00a7 45 z\u00e1kona \u010d. 245\/2008 Z. z. o v\u00fdchove a vzdel\u00e1van\u00ed (\u0161kolsk\u00fd z\u00e1kon). Na rozdiel od syst\u00e9mu du\u00e1lneho vzdel\u00e1vania, do ktor\u00e9ho vstupuj\u00fa absolventi z\u00e1kladnej \u0161koly vo veku 15 a\u017e 16 rokov, do nadv\u00e4zuj\u00faceho \u0161t\u00fadia vstupuj\u00fa absolventi predch\u00e1dzaj\u00faceho \u0161t\u00fadia vo veku [&hellip;]","og_url":"https:\/\/archiv.siov.sk\/en\/vzdelavanie\/dualne-vzdelavanie\/dualne-vzdelavanie-18\/","og_site_name":"\u0160IOV - \u0161t\u00e1tny in\u0161tit\u00fat odborn\u00e9ho vzdel\u00e1vania","article_publisher":"https:\/\/www.facebook.com\/Statnyinstitutodbornehovzdelavania","article_modified_time":"2022-09-21T12:19:40+00:00","twitter_card":"summary_large_image","twitter_misc":{"Estimated reading time":"1 minute"},"schema":{"@context":"https:\/\/schema.org","@graph":[{"@type":"WebPage","@id":"https:\/\/archiv.siov.sk\/vzdelavanie\/dualne-vzdelavanie\/dualne-vzdelavanie-18\/","url":"https:\/\/archiv.siov.sk\/vzdelavanie\/dualne-vzdelavanie\/dualne-vzdelavanie-18\/","name":"Du\u00e1lne vzdel\u00e1vanie 18+ - \u0160IOV - \u0161t\u00e1tny in\u0161tit\u00fat odborn\u00e9ho vzdel\u00e1vania","isPartOf":{"@id":"https:\/\/archiv.siov.sk\/#website"},"datePublished":"2022-09-21T11:54:57+00:00","dateModified":"2022-09-21T12:19:40+00:00","breadcrumb":{"@id":"https:\/\/archiv.siov.sk\/vzdelavanie\/dualne-vzdelavanie\/dualne-vzdelavanie-18\/#breadcrumb"},"inLanguage":"en-GB","potentialAction":[{"@type":"ReadAction","target":["https:\/\/archiv.siov.sk\/vzdelavanie\/dualne-vzdelavanie\/dualne-vzdelavanie-18\/"]}]},{"@type":"BreadcrumbList","@id":"https:\/\/archiv.siov.sk\/vzdelavanie\/dualne-vzdelavanie\/dualne-vzdelavanie-18\/#breadcrumb","itemListElement":[{"@type":"ListItem","position":1,"name":"Home","item":"https:\/\/archiv.siov.sk\/"},{"@type":"ListItem","position":2,"name":"Vzdel\u00e1vanie","item":"https:\/\/archiv.siov.sk\/vzdelavanie\/"},{"@type":"ListItem","position":3,"name":"Du\u00e1lne vzdel\u00e1vanie","item":"https:\/\/archiv.siov.sk\/vzdelavanie\/dualne-vzdelavanie\/"},{"@type":"ListItem","position":4,"name":"Du\u00e1lne vzdel\u00e1vanie 18+"}]},{"@type":"WebSite","@id":"https:\/\/archiv.siov.sk\/#website","url":"https:\/\/archiv.siov.sk\/","name":"\u0160IOV - \u0161t\u00e1tny in\u0161tit\u00fat odborn\u00e9ho vzdel\u00e1vania","description":"","publisher":{"@id":"https:\/\/archiv.siov.sk\/#organization"},"potentialAction":[{"@type":"SearchAction","target":{"@type":"EntryPoint","urlTemplate":"https:\/\/archiv.siov.sk\/?s={search_term_string}"},"query-input":{"@type":"PropertyValueSpecification","valueRequired":true,"valueName":"search_term_string"}}],"inLanguage":"en-GB"},{"@type":"Organization","@id":"https:\/\/archiv.siov.sk\/#organization","name":"\u0160IOV - \u0161t\u00e1tny in\u0161tit\u00fat odborn\u00e9ho vzdel\u00e1vania","url":"https:\/\/archiv.siov.sk\/","logo":{"@type":"ImageObject","inLanguage":"en-GB","@id":"https:\/\/archiv.siov.sk\/#\/schema\/logo\/image\/","url":"https:\/\/archiv.siov.sk\/wp-content\/uploads\/2024\/02\/logo-SIOV.png","contentUrl":"https:\/\/archiv.siov.sk\/wp-content\/uploads\/2024\/02\/logo-SIOV.png","width":431,"height":143,"caption":"\u0160IOV - \u0161t\u00e1tny in\u0161tit\u00fat odborn\u00e9ho vzdel\u00e1vania"},"image":{"@id":"https:\/\/archiv.siov.sk\/#\/schema\/logo\/image\/"},"sameAs":["https:\/\/www.facebook.com\/Statnyinstitutodbornehovzdelavania"]}]}},"_links":{"self":[{"href":"https:\/\/archiv.siov.sk\/en\/wp-json\/wp\/v2\/pages\/11943","targetHints":{"allow":["GET"]}}],"collection":[{"href":"https:\/\/archiv.siov.sk\/en\/wp-json\/wp\/v2\/pages"}],"about":[{"href":"https:\/\/archiv.siov.sk\/en\/wp-json\/wp\/v2\/types\/page"}],"author":[{"embeddable":true,"href":"https:\/\/archiv.siov.sk\/en\/wp-json\/wp\/v2\/users\/1"}],"replies":[{"embeddable":true,"href":"https:\/\/archiv.siov.sk\/en\/wp-json\/wp\/v2\/comments?post=11943"}],"version-history":[{"count":17,"href":"https:\/\/archiv.siov.sk\/en\/wp-json\/wp\/v2\/pages\/11943\/revisions"}],"predecessor-version":[{"id":11973,"href":"https:\/\/archiv.siov.sk\/en\/wp-json\/wp\/v2\/pages\/11943\/revisions\/11973"}],"up":[{"embeddable":true,"href":"https:\/\/archiv.siov.sk\/en\/wp-json\/wp\/v2\/pages\/20"}],"wp:attachment":[{"href":"https:\/\/archiv.siov.sk\/en\/wp-json\/wp\/v2\/media?parent=11943"}],"curies":[{"name":"wp","href":"https:\/\/api.w.org\/{rel}","templated":true}]}}