{"id":11593,"date":"2022-07-25T13:55:37","date_gmt":"2022-07-25T11:55:37","guid":{"rendered":"https:\/\/archiv.siov.sk\/?page_id=11593"},"modified":"2022-07-25T14:27:45","modified_gmt":"2022-07-25T12:27:45","slug":"include","status":"publish","type":"page","link":"https:\/\/archiv.siov.sk\/en\/include\/","title":{"rendered":"INCLUDE"},"content":{"rendered":"<div data-elementor-type=\"wp-page\" data-elementor-id=\"11593\" class=\"elementor elementor-11593\" data-elementor-post-type=\"page\">\n\t\t\t\t\t\t<section class=\"elementor-section elementor-top-section elementor-element elementor-element-625691f elementor-section-boxed elementor-section-height-default elementor-section-height-default\" data-id=\"625691f\" data-element_type=\"section\" data-e-type=\"section\">\n\t\t\t\t\t\t<div class=\"elementor-container elementor-column-gap-default\">\n\t\t\t\t\t<div class=\"elementor-column elementor-col-100 elementor-top-column elementor-element elementor-element-b50c7f5\" data-id=\"b50c7f5\" data-element_type=\"column\" data-e-type=\"column\">\n\t\t\t<div class=\"elementor-widget-wrap elementor-element-populated\">\n\t\t\t\t\t\t<div class=\"elementor-element elementor-element-2e1b53f elementor-widget-divider--view-line elementor-widget elementor-widget-divider\" data-id=\"2e1b53f\" data-element_type=\"widget\" data-e-type=\"widget\" data-widget_type=\"divider.default\">\n\t\t\t\t<div class=\"elementor-widget-container\">\n\t\t\t\t\t\t\t<div class=\"elementor-divider\">\n\t\t\t<span class=\"elementor-divider-separator\">\n\t\t\t\t\t\t<\/span>\n\t\t<\/div>\n\t\t\t\t\t\t<\/div>\n\t\t\t\t<\/div>\n\t\t\t\t<div class=\"elementor-element elementor-element-6d2b31e elementor-widget elementor-widget-heading\" data-id=\"6d2b31e\" data-element_type=\"widget\" data-e-type=\"widget\" data-widget_type=\"heading.default\">\n\t\t\t\t<div class=\"elementor-widget-container\">\n\t\t\t\t\t<h2 class=\"elementor-heading-title elementor-size-default\">INCLUDE<\/h2>\t\t\t\t<\/div>\n\t\t\t\t<\/div>\n\t\t\t\t\t<\/div>\n\t\t<\/div>\n\t\t\t\t\t<\/div>\n\t\t<\/section>\n\t\t\t\t<section class=\"elementor-section elementor-top-section elementor-element elementor-element-5c81663 elementor-section-boxed elementor-section-height-default elementor-section-height-default\" data-id=\"5c81663\" data-element_type=\"section\" data-e-type=\"section\">\n\t\t\t\t\t\t<div class=\"elementor-container elementor-column-gap-default\">\n\t\t\t\t\t<div class=\"elementor-column elementor-col-100 elementor-top-column elementor-element elementor-element-548e2ee\" data-id=\"548e2ee\" data-element_type=\"column\" data-e-type=\"column\">\n\t\t\t<div class=\"elementor-widget-wrap elementor-element-populated\">\n\t\t\t\t\t\t<div class=\"elementor-element elementor-element-ea0bd2f elementor-widget elementor-widget-text-editor\" data-id=\"ea0bd2f\" data-element_type=\"widget\" data-e-type=\"widget\" data-widget_type=\"text-editor.default\">\n\t\t\t\t<div class=\"elementor-widget-container\">\n\t\t\t\t\t\t\t\t\t<p>INCLUDE &#8211; KA210-VET- 6A713A02 &#8211; Small-scale partnerships in vocational education and training &#8211; je medzin\u00e1rodn\u00fd projekt programu ERASMUS+, ktor\u00e9ho hlavn\u00fdm cie\u013eom je rozvoj inov\u00e1ci\u00ed do konceptu cvi\u010dn\u00fdch firiem tvorbou<\/p><p>nadn\u00e1rodn\u00fdch pobo\u010diek cvi\u010dn\u00fdch firiem, \u010do umo\u017en\u00ed \u0161tudentom v\u00a0r\u00e1mci odborn\u00e9ho vzdel\u00e1vania a\u00a0pr\u00edpravy za\u017ei\u0165 spolupr\u00e1ci so \u0161tudentami z\u00a0in\u00fdch kraj\u00edn, prev\u00e1dzkovanie spolo\u010dn\u00e9ho podniku, pri\u010dom r\u00f4zne oddelenia tej istej cvi\u010dnej firmy bud\u00fa pracova\u0165 na \u0161kol\u00e1ch partnerov projektu. Odkaz na <a href=\"https:\/\/penworldwide.org\/project\/include\/\">https:\/\/penworldwide.org\/project\/include\/<\/a>, kde je podrobnej\u0161ie pop\u00edsan\u00fd projekt<\/p><p>Koordin\u00e1tor je Ma\u010farsko. Partnermi projektu je PEN Worldwide \u2013 Nemecko, \u00a0Rumunsko a\u00a0Slovensko &#8211; \u00a0\u0160IOV. Term\u00edn realiz\u00e1cie: 01. 04. 2022 \u2013 01. 12. 2023.<\/p>\t\t\t\t\t\t\t\t<\/div>\n\t\t\t\t<\/div>\n\t\t\t\t\t<\/div>\n\t\t<\/div>\n\t\t\t\t\t<\/div>\n\t\t<\/section>\n\t\t\t\t<\/div>","protected":false},"excerpt":{"rendered":"<p>INCLUDE INCLUDE &#8211; KA210-VET- 6A713A02 &#8211; Small-scale partnerships in vocational education and training &#8211; je medzin\u00e1rodn\u00fd projekt programu ERASMUS+, ktor\u00e9ho hlavn\u00fdm cie\u013eom je rozvoj inov\u00e1ci\u00ed do konceptu cvi\u010dn\u00fdch firiem tvorbou nadn\u00e1rodn\u00fdch pobo\u010diek cvi\u010dn\u00fdch firiem, \u010do umo\u017en\u00ed \u0161tudentom v&nbsp;r\u00e1mci odborn\u00e9ho vzdel\u00e1vania a&nbsp;pr\u00edpravy za\u017ei\u0165 spolupr\u00e1ci so \u0161tudentami z&nbsp;in\u00fdch kraj\u00edn, prev\u00e1dzkovanie spolo\u010dn\u00e9ho podniku, pri\u010dom r\u00f4zne oddelenia tej istej [&hellip;]<\/p>\n","protected":false},"author":4,"featured_media":0,"parent":0,"menu_order":0,"comment_status":"closed","ping_status":"closed","template":"","meta":{"site-sidebar-layout":"no-sidebar","site-content-layout":"page-builder","ast-site-content-layout":"default","site-content-style":"default","site-sidebar-style":"default","ast-global-header-display":"","ast-banner-title-visibility":"","ast-main-header-display":"","ast-hfb-above-header-display":"","ast-hfb-below-header-display":"","ast-hfb-mobile-header-display":"","site-post-title":"disabled","ast-breadcrumbs-content":"","ast-featured-img":"disabled","footer-sml-layout":"","ast-disable-related-posts":"","theme-transparent-header-meta":"default","adv-header-id-meta":"","stick-header-meta":"","header-above-stick-meta":"","header-main-stick-meta":"","header-below-stick-meta":"","astra-migrate-meta-layouts":"default","ast-page-background-enabled":"default","ast-page-background-meta":{"desktop":{"background-color":"var(--ast-global-color-4)","background-image":"","background-repeat":"repeat","background-position":"center center","background-size":"auto","background-attachment":"scroll","background-type":"","background-media":"","overlay-type":"","overlay-color":"","overlay-opacity":"","overlay-gradient":""},"tablet":{"background-color":"","background-image":"","background-repeat":"repeat","background-position":"center center","background-size":"auto","background-attachment":"scroll","background-type":"","background-media":"","overlay-type":"","overlay-color":"","overlay-opacity":"","overlay-gradient":""},"mobile":{"background-color":"","background-image":"","background-repeat":"repeat","background-position":"center center","background-size":"auto","background-attachment":"scroll","background-type":"","background-media":"","overlay-type":"","overlay-color":"","overlay-opacity":"","overlay-gradient":""}},"ast-content-background-meta":{"desktop":{"background-color":"var(--ast-global-color-5)","background-image":"","background-repeat":"repeat","background-position":"center center","background-size":"auto","background-attachment":"scroll","background-type":"","background-media":"","overlay-type":"","overlay-color":"","overlay-opacity":"","overlay-gradient":""},"tablet":{"background-color":"var(--ast-global-color-5)","background-image":"","background-repeat":"repeat","background-position":"center center","background-size":"auto","background-attachment":"scroll","background-type":"","background-media":"","overlay-type":"","overlay-color":"","overlay-opacity":"","overlay-gradient":""},"mobile":{"background-color":"var(--ast-global-color-5)","background-image":"","background-repeat":"repeat","background-position":"center center","background-size":"auto","background-attachment":"scroll","background-type":"","background-media":"","overlay-type":"","overlay-color":"","overlay-opacity":"","overlay-gradient":""}},"footnotes":""},"class_list":["post-11593","page","type-page","status-publish","hentry"],"yoast_head":"<!-- This site is optimized with the Yoast SEO plugin v27.5 - https:\/\/yoast.com\/product\/yoast-seo-wordpress\/ -->\n<title>INCLUDE - \u0160IOV - \u0161t\u00e1tny in\u0161tit\u00fat odborn\u00e9ho vzdel\u00e1vania<\/title>\n<meta name=\"description\" content=\"Projekt \u201eMULTINA\u201c je medzin\u00e1rodn\u00fd projekt programu Erasmus+, ktor\u00fd m\u00e1 za cie\u013e navrhn\u00fa\u0165 a vyvin\u00fa\u0165 inovat\u00edvny a inkluz\u00edvny model konceptu \u201eCvi\u010dn\u00e1 firma\u201c vytvoren\u00edm nadn\u00e1rodn\u00fdch pobo\u010diek cvi\u010dn\u00fdch firiem pre \u0161tudentov odborn\u00e9ho vzdel\u00e1vania a pr\u00edpravy, aby za\u017eili internacionaliz\u00e1cia@home.\" \/>\n<meta name=\"robots\" content=\"index, follow, max-snippet:-1, max-image-preview:large, max-video-preview:-1\" \/>\n<link rel=\"canonical\" href=\"https:\/\/archiv.siov.sk\/en\/include\/\" \/>\n<meta property=\"og:locale\" content=\"en_GB\" \/>\n<meta property=\"og:type\" content=\"article\" \/>\n<meta property=\"og:title\" content=\"INCLUDE - \u0160IOV - \u0161t\u00e1tny in\u0161tit\u00fat odborn\u00e9ho vzdel\u00e1vania\" \/>\n<meta property=\"og:description\" content=\"Projekt \u201eMULTINA\u201c je medzin\u00e1rodn\u00fd projekt programu Erasmus+, ktor\u00fd m\u00e1 za cie\u013e navrhn\u00fa\u0165 a vyvin\u00fa\u0165 inovat\u00edvny a inkluz\u00edvny model konceptu \u201eCvi\u010dn\u00e1 firma\u201c vytvoren\u00edm nadn\u00e1rodn\u00fdch pobo\u010diek cvi\u010dn\u00fdch firiem pre \u0161tudentov odborn\u00e9ho vzdel\u00e1vania a pr\u00edpravy, aby za\u017eili internacionaliz\u00e1cia@home.\" \/>\n<meta property=\"og:url\" content=\"https:\/\/archiv.siov.sk\/en\/include\/\" \/>\n<meta property=\"og:site_name\" content=\"\u0160IOV - \u0161t\u00e1tny in\u0161tit\u00fat odborn\u00e9ho vzdel\u00e1vania\" \/>\n<meta property=\"article:publisher\" content=\"https:\/\/www.facebook.com\/Statnyinstitutodbornehovzdelavania\" \/>\n<meta property=\"article:modified_time\" content=\"2022-07-25T12:27:45+00:00\" \/>\n<meta name=\"twitter:card\" content=\"summary_large_image\" \/>\n<meta name=\"twitter:label1\" content=\"Estimated reading time\" \/>\n\t<meta name=\"twitter:data1\" content=\"1 minute\" \/>\n<script type=\"application\/ld+json\" class=\"yoast-schema-graph\">{\"@context\":\"https:\\\/\\\/schema.org\",\"@graph\":[{\"@type\":\"WebPage\",\"@id\":\"https:\\\/\\\/archiv.siov.sk\\\/include\\\/\",\"url\":\"https:\\\/\\\/archiv.siov.sk\\\/include\\\/\",\"name\":\"INCLUDE - \u0160IOV - \u0161t\u00e1tny in\u0161tit\u00fat odborn\u00e9ho vzdel\u00e1vania\",\"isPartOf\":{\"@id\":\"https:\\\/\\\/archiv.siov.sk\\\/#website\"},\"datePublished\":\"2022-07-25T11:55:37+00:00\",\"dateModified\":\"2022-07-25T12:27:45+00:00\",\"description\":\"Projekt \u201eMULTINA\u201c je medzin\u00e1rodn\u00fd projekt programu Erasmus+, ktor\u00fd m\u00e1 za cie\u013e navrhn\u00fa\u0165 a vyvin\u00fa\u0165 inovat\u00edvny a inkluz\u00edvny model konceptu \u201eCvi\u010dn\u00e1 firma\u201c vytvoren\u00edm nadn\u00e1rodn\u00fdch pobo\u010diek cvi\u010dn\u00fdch firiem pre \u0161tudentov odborn\u00e9ho vzdel\u00e1vania a pr\u00edpravy, aby za\u017eili internacionaliz\u00e1cia@home.\",\"breadcrumb\":{\"@id\":\"https:\\\/\\\/archiv.siov.sk\\\/include\\\/#breadcrumb\"},\"inLanguage\":\"en-GB\",\"potentialAction\":[{\"@type\":\"ReadAction\",\"target\":[\"https:\\\/\\\/archiv.siov.sk\\\/include\\\/\"]}]},{\"@type\":\"BreadcrumbList\",\"@id\":\"https:\\\/\\\/archiv.siov.sk\\\/include\\\/#breadcrumb\",\"itemListElement\":[{\"@type\":\"ListItem\",\"position\":1,\"name\":\"Home\",\"item\":\"https:\\\/\\\/archiv.siov.sk\\\/\"},{\"@type\":\"ListItem\",\"position\":2,\"name\":\"INCLUDE\"}]},{\"@type\":\"WebSite\",\"@id\":\"https:\\\/\\\/archiv.siov.sk\\\/#website\",\"url\":\"https:\\\/\\\/archiv.siov.sk\\\/\",\"name\":\"\u0160IOV - \u0161t\u00e1tny in\u0161tit\u00fat odborn\u00e9ho vzdel\u00e1vania\",\"description\":\"\",\"publisher\":{\"@id\":\"https:\\\/\\\/archiv.siov.sk\\\/#organization\"},\"potentialAction\":[{\"@type\":\"SearchAction\",\"target\":{\"@type\":\"EntryPoint\",\"urlTemplate\":\"https:\\\/\\\/archiv.siov.sk\\\/?s={search_term_string}\"},\"query-input\":{\"@type\":\"PropertyValueSpecification\",\"valueRequired\":true,\"valueName\":\"search_term_string\"}}],\"inLanguage\":\"en-GB\"},{\"@type\":\"Organization\",\"@id\":\"https:\\\/\\\/archiv.siov.sk\\\/#organization\",\"name\":\"\u0160IOV - \u0161t\u00e1tny in\u0161tit\u00fat odborn\u00e9ho vzdel\u00e1vania\",\"url\":\"https:\\\/\\\/archiv.siov.sk\\\/\",\"logo\":{\"@type\":\"ImageObject\",\"inLanguage\":\"en-GB\",\"@id\":\"https:\\\/\\\/archiv.siov.sk\\\/#\\\/schema\\\/logo\\\/image\\\/\",\"url\":\"https:\\\/\\\/archiv.siov.sk\\\/wp-content\\\/uploads\\\/2024\\\/02\\\/logo-SIOV.png\",\"contentUrl\":\"https:\\\/\\\/archiv.siov.sk\\\/wp-content\\\/uploads\\\/2024\\\/02\\\/logo-SIOV.png\",\"width\":431,\"height\":143,\"caption\":\"\u0160IOV - \u0161t\u00e1tny in\u0161tit\u00fat odborn\u00e9ho vzdel\u00e1vania\"},\"image\":{\"@id\":\"https:\\\/\\\/archiv.siov.sk\\\/#\\\/schema\\\/logo\\\/image\\\/\"},\"sameAs\":[\"https:\\\/\\\/www.facebook.com\\\/Statnyinstitutodbornehovzdelavania\"]}]}<\/script>\n<!-- \/ Yoast SEO plugin. -->","yoast_head_json":{"title":"INCLUDE - \u0160IOV - \u0161t\u00e1tny in\u0161tit\u00fat odborn\u00e9ho vzdel\u00e1vania","description":"Projekt \u201eMULTINA\u201c je medzin\u00e1rodn\u00fd projekt programu Erasmus+, ktor\u00fd m\u00e1 za cie\u013e navrhn\u00fa\u0165 a vyvin\u00fa\u0165 inovat\u00edvny a inkluz\u00edvny model konceptu \u201eCvi\u010dn\u00e1 firma\u201c vytvoren\u00edm nadn\u00e1rodn\u00fdch pobo\u010diek cvi\u010dn\u00fdch firiem pre \u0161tudentov odborn\u00e9ho vzdel\u00e1vania a pr\u00edpravy, aby za\u017eili internacionaliz\u00e1cia@home.","robots":{"index":"index","follow":"follow","max-snippet":"max-snippet:-1","max-image-preview":"max-image-preview:large","max-video-preview":"max-video-preview:-1"},"canonical":"https:\/\/archiv.siov.sk\/en\/include\/","og_locale":"en_GB","og_type":"article","og_title":"INCLUDE - \u0160IOV - \u0161t\u00e1tny in\u0161tit\u00fat odborn\u00e9ho vzdel\u00e1vania","og_description":"Projekt \u201eMULTINA\u201c je medzin\u00e1rodn\u00fd projekt programu Erasmus+, ktor\u00fd m\u00e1 za cie\u013e navrhn\u00fa\u0165 a vyvin\u00fa\u0165 inovat\u00edvny a inkluz\u00edvny model konceptu \u201eCvi\u010dn\u00e1 firma\u201c vytvoren\u00edm nadn\u00e1rodn\u00fdch pobo\u010diek cvi\u010dn\u00fdch firiem pre \u0161tudentov odborn\u00e9ho vzdel\u00e1vania a pr\u00edpravy, aby za\u017eili internacionaliz\u00e1cia@home.","og_url":"https:\/\/archiv.siov.sk\/en\/include\/","og_site_name":"\u0160IOV - \u0161t\u00e1tny in\u0161tit\u00fat odborn\u00e9ho vzdel\u00e1vania","article_publisher":"https:\/\/www.facebook.com\/Statnyinstitutodbornehovzdelavania","article_modified_time":"2022-07-25T12:27:45+00:00","twitter_card":"summary_large_image","twitter_misc":{"Estimated reading time":"1 minute"},"schema":{"@context":"https:\/\/schema.org","@graph":[{"@type":"WebPage","@id":"https:\/\/archiv.siov.sk\/include\/","url":"https:\/\/archiv.siov.sk\/include\/","name":"INCLUDE - \u0160IOV - \u0161t\u00e1tny in\u0161tit\u00fat odborn\u00e9ho vzdel\u00e1vania","isPartOf":{"@id":"https:\/\/archiv.siov.sk\/#website"},"datePublished":"2022-07-25T11:55:37+00:00","dateModified":"2022-07-25T12:27:45+00:00","description":"Projekt \u201eMULTINA\u201c je medzin\u00e1rodn\u00fd projekt programu Erasmus+, ktor\u00fd m\u00e1 za cie\u013e navrhn\u00fa\u0165 a vyvin\u00fa\u0165 inovat\u00edvny a inkluz\u00edvny model konceptu \u201eCvi\u010dn\u00e1 firma\u201c vytvoren\u00edm nadn\u00e1rodn\u00fdch pobo\u010diek cvi\u010dn\u00fdch firiem pre \u0161tudentov odborn\u00e9ho vzdel\u00e1vania a pr\u00edpravy, aby za\u017eili internacionaliz\u00e1cia@home.","breadcrumb":{"@id":"https:\/\/archiv.siov.sk\/include\/#breadcrumb"},"inLanguage":"en-GB","potentialAction":[{"@type":"ReadAction","target":["https:\/\/archiv.siov.sk\/include\/"]}]},{"@type":"BreadcrumbList","@id":"https:\/\/archiv.siov.sk\/include\/#breadcrumb","itemListElement":[{"@type":"ListItem","position":1,"name":"Home","item":"https:\/\/archiv.siov.sk\/"},{"@type":"ListItem","position":2,"name":"INCLUDE"}]},{"@type":"WebSite","@id":"https:\/\/archiv.siov.sk\/#website","url":"https:\/\/archiv.siov.sk\/","name":"\u0160IOV - \u0161t\u00e1tny in\u0161tit\u00fat odborn\u00e9ho vzdel\u00e1vania","description":"","publisher":{"@id":"https:\/\/archiv.siov.sk\/#organization"},"potentialAction":[{"@type":"SearchAction","target":{"@type":"EntryPoint","urlTemplate":"https:\/\/archiv.siov.sk\/?s={search_term_string}"},"query-input":{"@type":"PropertyValueSpecification","valueRequired":true,"valueName":"search_term_string"}}],"inLanguage":"en-GB"},{"@type":"Organization","@id":"https:\/\/archiv.siov.sk\/#organization","name":"\u0160IOV - \u0161t\u00e1tny in\u0161tit\u00fat odborn\u00e9ho vzdel\u00e1vania","url":"https:\/\/archiv.siov.sk\/","logo":{"@type":"ImageObject","inLanguage":"en-GB","@id":"https:\/\/archiv.siov.sk\/#\/schema\/logo\/image\/","url":"https:\/\/archiv.siov.sk\/wp-content\/uploads\/2024\/02\/logo-SIOV.png","contentUrl":"https:\/\/archiv.siov.sk\/wp-content\/uploads\/2024\/02\/logo-SIOV.png","width":431,"height":143,"caption":"\u0160IOV - \u0161t\u00e1tny in\u0161tit\u00fat odborn\u00e9ho vzdel\u00e1vania"},"image":{"@id":"https:\/\/archiv.siov.sk\/#\/schema\/logo\/image\/"},"sameAs":["https:\/\/www.facebook.com\/Statnyinstitutodbornehovzdelavania"]}]}},"_links":{"self":[{"href":"https:\/\/archiv.siov.sk\/en\/wp-json\/wp\/v2\/pages\/11593","targetHints":{"allow":["GET"]}}],"collection":[{"href":"https:\/\/archiv.siov.sk\/en\/wp-json\/wp\/v2\/pages"}],"about":[{"href":"https:\/\/archiv.siov.sk\/en\/wp-json\/wp\/v2\/types\/page"}],"author":[{"embeddable":true,"href":"https:\/\/archiv.siov.sk\/en\/wp-json\/wp\/v2\/users\/4"}],"replies":[{"embeddable":true,"href":"https:\/\/archiv.siov.sk\/en\/wp-json\/wp\/v2\/comments?post=11593"}],"version-history":[{"count":4,"href":"https:\/\/archiv.siov.sk\/en\/wp-json\/wp\/v2\/pages\/11593\/revisions"}],"predecessor-version":[{"id":11597,"href":"https:\/\/archiv.siov.sk\/en\/wp-json\/wp\/v2\/pages\/11593\/revisions\/11597"}],"wp:attachment":[{"href":"https:\/\/archiv.siov.sk\/en\/wp-json\/wp\/v2\/media?parent=11593"}],"curies":[{"name":"wp","href":"https:\/\/api.w.org\/{rel}","templated":true}]}}