{"id":11575,"date":"2022-07-25T12:33:50","date_gmt":"2022-07-25T10:33:50","guid":{"rendered":"https:\/\/archiv.siov.sk\/?page_id=11575"},"modified":"2024-12-10T10:30:32","modified_gmt":"2024-12-10T09:30:32","slug":"medzinarodny-projekt-multina","status":"publish","type":"page","link":"https:\/\/archiv.siov.sk\/en\/projekty\/zrealizovane-projekty\/medzinarodny-projekt-multina\/","title":{"rendered":"MULTINA"},"content":{"rendered":"<div data-elementor-type=\"wp-page\" data-elementor-id=\"11575\" class=\"elementor elementor-11575\" data-elementor-post-type=\"page\">\n\t\t\t\t\t\t<section class=\"elementor-section elementor-top-section elementor-element elementor-element-625691f elementor-section-boxed elementor-section-height-default elementor-section-height-default\" data-id=\"625691f\" data-element_type=\"section\" data-e-type=\"section\">\n\t\t\t\t\t\t<div class=\"elementor-container elementor-column-gap-default\">\n\t\t\t\t\t<div class=\"elementor-column elementor-col-100 elementor-top-column elementor-element elementor-element-b50c7f5\" data-id=\"b50c7f5\" data-element_type=\"column\" data-e-type=\"column\">\n\t\t\t<div class=\"elementor-widget-wrap elementor-element-populated\">\n\t\t\t\t\t\t<div class=\"elementor-element elementor-element-2e1b53f elementor-widget-divider--view-line elementor-widget elementor-widget-divider\" data-id=\"2e1b53f\" data-element_type=\"widget\" data-e-type=\"widget\" data-widget_type=\"divider.default\">\n\t\t\t\t<div class=\"elementor-widget-container\">\n\t\t\t\t\t\t\t<div class=\"elementor-divider\">\n\t\t\t<span class=\"elementor-divider-separator\">\n\t\t\t\t\t\t<\/span>\n\t\t<\/div>\n\t\t\t\t\t\t<\/div>\n\t\t\t\t<\/div>\n\t\t\t\t<div class=\"elementor-element elementor-element-6d2b31e elementor-widget elementor-widget-heading\" data-id=\"6d2b31e\" data-element_type=\"widget\" data-e-type=\"widget\" data-widget_type=\"heading.default\">\n\t\t\t\t<div class=\"elementor-widget-container\">\n\t\t\t\t\t<h2 class=\"elementor-heading-title elementor-size-default\">MULTINA<\/h2>\t\t\t\t<\/div>\n\t\t\t\t<\/div>\n\t\t\t\t\t<\/div>\n\t\t<\/div>\n\t\t\t\t\t<\/div>\n\t\t<\/section>\n\t\t\t\t<section class=\"elementor-section elementor-top-section elementor-element elementor-element-e1de4d7 elementor-section-boxed elementor-section-height-default elementor-section-height-default\" data-id=\"e1de4d7\" data-element_type=\"section\" data-e-type=\"section\">\n\t\t\t\t\t\t<div class=\"elementor-container elementor-column-gap-default\">\n\t\t\t\t\t<div class=\"elementor-column elementor-col-50 elementor-top-column elementor-element elementor-element-9926032\" data-id=\"9926032\" data-element_type=\"column\" data-e-type=\"column\">\n\t\t\t<div class=\"elementor-widget-wrap elementor-element-populated\">\n\t\t\t\t\t\t<div class=\"elementor-element elementor-element-0eeab08 elementor-widget elementor-widget-image\" data-id=\"0eeab08\" data-element_type=\"widget\" data-e-type=\"widget\" data-widget_type=\"image.default\">\n\t\t\t\t<div class=\"elementor-widget-container\">\n\t\t\t\t\t\t\t\t\t\t\t\t\t\t\t<img fetchpriority=\"high\" decoding=\"async\" width=\"707\" height=\"707\" src=\"https:\/\/archiv.siov.sk\/wp-content\/uploads\/2022\/07\/multina.png\" class=\"attachment-large size-large wp-image-11576\" alt=\"\" srcset=\"https:\/\/archiv.siov.sk\/wp-content\/uploads\/2022\/07\/multina.png 707w, https:\/\/archiv.siov.sk\/wp-content\/uploads\/2022\/07\/multina-300x300.png 300w, https:\/\/archiv.siov.sk\/wp-content\/uploads\/2022\/07\/multina-150x150.png 150w\" sizes=\"(max-width: 707px) 100vw, 707px\" \/>\t\t\t\t\t\t\t\t\t\t\t\t\t\t\t<\/div>\n\t\t\t\t<\/div>\n\t\t\t\t\t<\/div>\n\t\t<\/div>\n\t\t\t\t<div class=\"elementor-column elementor-col-50 elementor-top-column elementor-element elementor-element-fe3ca40\" data-id=\"fe3ca40\" data-element_type=\"column\" data-e-type=\"column\">\n\t\t\t<div class=\"elementor-widget-wrap elementor-element-populated\">\n\t\t\t\t\t\t<div class=\"elementor-element elementor-element-be291b8 elementor-widget elementor-widget-image\" data-id=\"be291b8\" data-element_type=\"widget\" data-e-type=\"widget\" data-widget_type=\"image.default\">\n\t\t\t\t<div class=\"elementor-widget-container\">\n\t\t\t\t\t\t\t\t\t\t\t\t\t\t\t<img decoding=\"async\" width=\"468\" height=\"424\" src=\"https:\/\/archiv.siov.sk\/wp-content\/uploads\/2022\/09\/Co-Funded_EU_Logo.gif\" class=\"attachment-medium_large size-medium_large wp-image-12183\" alt=\"\" \/>\t\t\t\t\t\t\t\t\t\t\t\t\t\t\t<\/div>\n\t\t\t\t<\/div>\n\t\t\t\t\t<\/div>\n\t\t<\/div>\n\t\t\t\t\t<\/div>\n\t\t<\/section>\n\t\t\t\t<section class=\"elementor-section elementor-top-section elementor-element elementor-element-5c81663 elementor-section-boxed elementor-section-height-default elementor-section-height-default\" data-id=\"5c81663\" data-element_type=\"section\" data-e-type=\"section\">\n\t\t\t\t\t\t<div class=\"elementor-container elementor-column-gap-default\">\n\t\t\t\t\t<div class=\"elementor-column elementor-col-100 elementor-top-column elementor-element elementor-element-548e2ee\" data-id=\"548e2ee\" data-element_type=\"column\" data-e-type=\"column\">\n\t\t\t<div class=\"elementor-widget-wrap elementor-element-populated\">\n\t\t\t\t\t\t<div class=\"elementor-element elementor-element-ea0bd2f elementor-widget elementor-widget-text-editor\" data-id=\"ea0bd2f\" data-element_type=\"widget\" data-e-type=\"widget\" data-widget_type=\"text-editor.default\">\n\t\t\t\t<div class=\"elementor-widget-container\">\n\t\t\t\t\t\t\t\t\t<p>MULTINA: Internationalisation@Home with Multinational PE<\/p>\n<p>101049398 \u2014 MULTINA \u2014 ERASMUS-EDU-2021-PCOOP-ENGO &nbsp;<\/p>\n<p>Term\u00edn realiz\u00e1cie projektu: 01. 04. 2022 \u2013 31. 03. 2024<\/p>\n<p><a href=\"https:\/\/www.penworldwide.org\/project\/multina\/\">https:\/\/www.penworldwide.org\/project\/multina\/<\/a><\/p>\n<p>\u010c<a href=\"https:\/\/siov.sk\/vo-vystupoch-projektu-multina-najdete-vsetko-o-narodnej-cvicnej-firme\/\" target=\"_blank\" style=\"font-family: var( --e-global-typography-text-font-family ), Sans-serif; font-weight: var( --e-global-typography-text-font-weight ); font-size: 1rem;\">l\u00e1nok &#8211; Vo v\u00fdstupoch projektu MULTINA n\u00e1jdete v\u0161etko o nadn\u00e1rodnej cvi\u010dnej firme<\/a><\/p>\n<p>Projekt \u201eMULTINA\u201c je medzin\u00e1rodn\u00fd projekt programu Erasmus+, ktor\u00fd m\u00e1 za cie\u013e navrhn\u00fa\u0165 a vyvin\u00fa\u0165 inovat\u00edvny a inkluz\u00edvny model konceptu \u201eCvi\u010dn\u00e1 firma\u201c vytvoren\u00edm nadn\u00e1rodn\u00fdch pobo\u010diek cvi\u010dn\u00fdch firiem pre \u0161tudentov odborn\u00e9ho vzdel\u00e1vania a pr\u00edpravy, aby za\u017eili internacionaliz\u00e1cia@home. \u0160tudenti bud\u00fa pracova\u0165 a u\u010di\u0165 sa spolu na\u017eivo s rovesn\u00edkmi z in\u00fdch kraj\u00edn, \u010d\u00edm posilnia medzin\u00e1rodn\u00fa spolupr\u00e1cu, jazykov\u00e9 a digit\u00e1lne zru\u010dnosti, lep\u0161ie pochopia, ako funguje medzin\u00e1rodn\u00fd trh a umo\u017enia \u0161tudentom spolupracova\u0165 v medzin\u00e1rodnom prostred\u00ed.<\/p>\n<p>Nadn\u00e1rodn\u00e1 cvi\u010dn\u00e1 firma pon\u00faka st\u00e1\u017eistom pr\u00edle\u017eitos\u0165 virtu\u00e1lnej mobility prostredn\u00edctvom prev\u00e1dzkov\u00fdch spojen\u00ed s in\u00fdmi podnikmi ako prax \u0161tudentov z cel\u00e9ho sveta, \u010d\u00edm vytv\u00e1ra realistick\u00e9 medzin\u00e1rodn\u00e9 vzdel\u00e1vacie prostredie. Medzin\u00e1rodn\u00fd rozmer cvi\u010dnej firmy je v s\u00fa\u010dasnosti obzvl\u00e1\u0161\u0165 d\u00f4le\u017eit\u00fd, ke\u010f\u017ee in\u0161tit\u00facie odborn\u00e9ho vzdel\u00e1vania a pr\u00edpravy maj\u00fa ve\u013ek\u00e9 probl\u00e9my s mobilitn\u00fdmi aktivitami \u0161tudentov z ka\u017edej krajiny v d\u00f4sledku prebiehaj\u00facej celosvetovej zdravotnej kr\u00edzy.<\/p>\n<p>Cie\u013eom je &nbsp;posun\u00fa\u0165 flexibilitu a inkluz\u00edvnos\u0165 konceptu \u201eCvi\u010dn\u00e1 firma\u201c ako aj prisp\u00f4sobi\u0165 sa aktu\u00e1lnym zmen\u00e1m v oblasti vzdel\u00e1vania v d\u00f4sledku pand\u00e9mie a&nbsp;s\u00fa\u010dasnej situ\u00e1cii vo svete, potreba alternat\u00edvnych foriem mobility, kde m\u00f4\u017ee \u00fa\u010dastn\u00edk projektu za\u017ei\u0165 medzin\u00e1rodn\u00fa pr\u00e1cu a u\u010denie sa v bezpe\u010dnom prostred\u00ed.<\/p>\n<p>Projekt MULTINA umo\u017en\u00ed \u0161tudentom z\u00edska\u0165 preh\u013ead o medzin\u00e1rodnom obchode, medzin\u00e1rodnom marketingu a medzin\u00e1rodn\u00fdch z\u00e1konoch a predpisoch t\u00fdkaj\u00facich sa podnikov vytvoren\u00edm pobo\u010diek ich podnikania spolu so \u0161tudentmi OVP v inej \u00fa\u010dastn\u00edckej krajine. Umo\u017en\u00ed tie\u017e za\u017ei\u0165 realitu glob\u00e1lneho prepojen\u00e9ho obchodn\u00e9ho sveta, kde sa \u0161tudenti st\u00e1vaj\u00fa akt\u00edvnymi ob\u010danmi a za\u017eij\u00fa \u017eiv\u00e9 pracovn\u00e9 interakcie so svojimi medzin\u00e1rodn\u00fdmi rovesn\u00edkmi prostredn\u00edctvom kooperat\u00edvneho, inovat\u00edvneho a inkluz\u00edvneho modelu nadn\u00e1rodnej cvi\u010dnej firmy.<\/p>\n<p>Najv\u00e4\u010d\u0161\u00ed pr\u00ednos nadn\u00e1rodnej PE je<\/p>\n<ul>\n<li>inkl\u00fazia pre znev\u00fdhodnen\u00e9 skupiny (ekonomicky a geograficky), perspekt\u00edvny a do bud\u00facnosti pripraven\u00fd koncept, ktor\u00fd odr\u00e1\u017ea realitu \u2013 pr\u00edklady zo skuto\u010dn\u00fdch podnikov,<\/li>\n<li>zlep\u0161enie jazykov\u00fdch zru\u010dnost\u00ed,<\/li>\n<li>spolupr\u00e1ca na z\u00edskavan\u00ed m\u00e4kk\u00fdch zru\u010dnost\u00ed, podpora \u00fa\u010dastn\u00edkov so \u0161peci\u00e1lnymi potrebami,<\/li>\n<li>\u0161kolenie person\u00e1lu pre nadn\u00e1rodn\u00e9 PE. Firmy v re\u00e1lnom svete h\u013eadaj\u00fa bud\u00facich zamestnancov, ktor\u00ed s\u00fa zvyknut\u00ed pracova\u0165 v nadn\u00e1rodnom prostred\u00ed,<\/li>\n<li>mo\u017enos\u0165 zlep\u0161i\u0165 niektor\u00e9 z profesion\u00e1lnych zru\u010dnost\u00ed a kompetenci\u00ed v celosvetovom meradle.<\/li>\n<\/ul>\n<p>V\u0161etky aktivity projektu budeme zverej\u0148ova\u0165 aj na www.sccf.sk<\/p>\n<p><\/p>\t\t\t\t\t\t\t\t<\/div>\n\t\t\t\t<\/div>\n\t\t\t\t\t<\/div>\n\t\t<\/div>\n\t\t\t\t\t<\/div>\n\t\t<\/section>\n\t\t\t\t<\/div>","protected":false},"excerpt":{"rendered":"<p>MULTINA MULTINA: Internationalisation@Home with Multinational PE 101049398 \u2014 MULTINA \u2014 ERASMUS-EDU-2021-PCOOP-ENGO Term\u00edn realiz\u00e1cie projektu: 01. 04. 2022 \u2013 31. 03. 2024 https:\/\/www.penworldwide.org\/project\/multina\/ \u010cl\u00e1nok &#8211; Vo v\u00fdstupoch projektu MULTINA n\u00e1jdete v\u0161etko o nadn\u00e1rodnej cvi\u010dnej firme Projekt \u201eMULTINA\u201c je medzin\u00e1rodn\u00fd projekt programu Erasmus+, ktor\u00fd m\u00e1 za cie\u013e navrhn\u00fa\u0165 a vyvin\u00fa\u0165 inovat\u00edvny a inkluz\u00edvny model konceptu \u201eCvi\u010dn\u00e1 firma\u201c [&hellip;]<\/p>\n","protected":false},"author":4,"featured_media":0,"parent":55,"menu_order":0,"comment_status":"closed","ping_status":"closed","template":"","meta":{"site-sidebar-layout":"no-sidebar","site-content-layout":"page-builder","ast-site-content-layout":"full-width-container","site-content-style":"unboxed","site-sidebar-style":"unboxed","ast-global-header-display":"","ast-banner-title-visibility":"","ast-main-header-display":"","ast-hfb-above-header-display":"","ast-hfb-below-header-display":"","ast-hfb-mobile-header-display":"","site-post-title":"disabled","ast-breadcrumbs-content":"","ast-featured-img":"disabled","footer-sml-layout":"","ast-disable-related-posts":"","theme-transparent-header-meta":"default","adv-header-id-meta":"","stick-header-meta":"default","header-above-stick-meta":"","header-main-stick-meta":"","header-below-stick-meta":"","astra-migrate-meta-layouts":"set","ast-page-background-enabled":"default","ast-page-background-meta":{"desktop":{"background-color":"var(--ast-global-color-4)","background-image":"","background-repeat":"repeat","background-position":"center center","background-size":"auto","background-attachment":"scroll","background-type":"","background-media":"","overlay-type":"","overlay-color":"","overlay-opacity":"","overlay-gradient":""},"tablet":{"background-color":"","background-image":"","background-repeat":"repeat","background-position":"center center","background-size":"auto","background-attachment":"scroll","background-type":"","background-media":"","overlay-type":"","overlay-color":"","overlay-opacity":"","overlay-gradient":""},"mobile":{"background-color":"","background-image":"","background-repeat":"repeat","background-position":"center center","background-size":"auto","background-attachment":"scroll","background-type":"","background-media":"","overlay-type":"","overlay-color":"","overlay-opacity":"","overlay-gradient":""}},"ast-content-background-meta":{"desktop":{"background-color":"var(--ast-global-color-5)","background-image":"","background-repeat":"repeat","background-position":"center center","background-size":"auto","background-attachment":"scroll","background-type":"","background-media":"","overlay-type":"","overlay-color":"","overlay-opacity":"","overlay-gradient":""},"tablet":{"background-color":"var(--ast-global-color-5)","background-image":"","background-repeat":"repeat","background-position":"center center","background-size":"auto","background-attachment":"scroll","background-type":"","background-media":"","overlay-type":"","overlay-color":"","overlay-opacity":"","overlay-gradient":""},"mobile":{"background-color":"var(--ast-global-color-5)","background-image":"","background-repeat":"repeat","background-position":"center center","background-size":"auto","background-attachment":"scroll","background-type":"","background-media":"","overlay-type":"","overlay-color":"","overlay-opacity":"","overlay-gradient":""}},"footnotes":""},"class_list":["post-11575","page","type-page","status-publish","hentry"],"yoast_head":"<!-- This site is optimized with the Yoast SEO plugin v27.5 - https:\/\/yoast.com\/product\/yoast-seo-wordpress\/ -->\n<title>MULTINA - \u0160IOV - \u0161t\u00e1tny in\u0161tit\u00fat odborn\u00e9ho vzdel\u00e1vania<\/title>\n<meta name=\"description\" content=\"Projekt \u201eMULTINA\u201c je medzin\u00e1rodn\u00fd projekt programu Erasmus+, ktor\u00fd m\u00e1 za cie\u013e navrhn\u00fa\u0165 a vyvin\u00fa\u0165 inovat\u00edvny a inkluz\u00edvny model konceptu \u201eCvi\u010dn\u00e1 firma\u201c vytvoren\u00edm nadn\u00e1rodn\u00fdch pobo\u010diek cvi\u010dn\u00fdch firiem pre \u0161tudentov odborn\u00e9ho vzdel\u00e1vania a pr\u00edpravy, aby za\u017eili internacionaliz\u00e1cia@home.\" \/>\n<meta name=\"robots\" content=\"index, follow, max-snippet:-1, max-image-preview:large, max-video-preview:-1\" \/>\n<link rel=\"canonical\" href=\"https:\/\/archiv.siov.sk\/en\/projekty\/zrealizovane-projekty\/medzinarodny-projekt-multina\/\" \/>\n<meta property=\"og:locale\" content=\"en_GB\" \/>\n<meta property=\"og:type\" content=\"article\" \/>\n<meta property=\"og:title\" content=\"MULTINA - \u0160IOV - \u0161t\u00e1tny in\u0161tit\u00fat odborn\u00e9ho vzdel\u00e1vania\" \/>\n<meta property=\"og:description\" content=\"Projekt \u201eMULTINA\u201c je medzin\u00e1rodn\u00fd projekt programu Erasmus+, ktor\u00fd m\u00e1 za cie\u013e navrhn\u00fa\u0165 a vyvin\u00fa\u0165 inovat\u00edvny a inkluz\u00edvny model konceptu \u201eCvi\u010dn\u00e1 firma\u201c vytvoren\u00edm nadn\u00e1rodn\u00fdch pobo\u010diek cvi\u010dn\u00fdch firiem pre \u0161tudentov odborn\u00e9ho vzdel\u00e1vania a pr\u00edpravy, aby za\u017eili internacionaliz\u00e1cia@home.\" \/>\n<meta property=\"og:url\" content=\"https:\/\/archiv.siov.sk\/en\/projekty\/zrealizovane-projekty\/medzinarodny-projekt-multina\/\" \/>\n<meta property=\"og:site_name\" content=\"\u0160IOV - \u0161t\u00e1tny in\u0161tit\u00fat odborn\u00e9ho vzdel\u00e1vania\" \/>\n<meta property=\"article:publisher\" content=\"https:\/\/www.facebook.com\/Statnyinstitutodbornehovzdelavania\" \/>\n<meta property=\"article:modified_time\" content=\"2024-12-10T09:30:32+00:00\" \/>\n<meta property=\"og:image\" content=\"https:\/\/archiv.siov.sk\/wp-content\/uploads\/2022\/07\/multina.png\" \/>\n<meta name=\"twitter:card\" content=\"summary_large_image\" \/>\n<meta name=\"twitter:label1\" content=\"Estimated reading time\" \/>\n\t<meta name=\"twitter:data1\" content=\"3 minutes\" \/>\n<script type=\"application\/ld+json\" class=\"yoast-schema-graph\">{\"@context\":\"https:\\\/\\\/schema.org\",\"@graph\":[{\"@type\":\"WebPage\",\"@id\":\"https:\\\/\\\/archiv.siov.sk\\\/en\\\/projekty\\\/zrealizovane-projekty\\\/medzinarodny-projekt-multina\\\/\",\"url\":\"https:\\\/\\\/archiv.siov.sk\\\/en\\\/projekty\\\/zrealizovane-projekty\\\/medzinarodny-projekt-multina\\\/\",\"name\":\"MULTINA - \u0160IOV - \u0161t\u00e1tny in\u0161tit\u00fat odborn\u00e9ho vzdel\u00e1vania\",\"isPartOf\":{\"@id\":\"https:\\\/\\\/archiv.siov.sk\\\/#website\"},\"primaryImageOfPage\":{\"@id\":\"https:\\\/\\\/archiv.siov.sk\\\/en\\\/projekty\\\/zrealizovane-projekty\\\/medzinarodny-projekt-multina\\\/#primaryimage\"},\"image\":{\"@id\":\"https:\\\/\\\/archiv.siov.sk\\\/en\\\/projekty\\\/zrealizovane-projekty\\\/medzinarodny-projekt-multina\\\/#primaryimage\"},\"thumbnailUrl\":\"https:\\\/\\\/archiv.siov.sk\\\/wp-content\\\/uploads\\\/2022\\\/07\\\/multina.png\",\"datePublished\":\"2022-07-25T10:33:50+00:00\",\"dateModified\":\"2024-12-10T09:30:32+00:00\",\"description\":\"Projekt \u201eMULTINA\u201c je medzin\u00e1rodn\u00fd projekt programu Erasmus+, ktor\u00fd m\u00e1 za cie\u013e navrhn\u00fa\u0165 a vyvin\u00fa\u0165 inovat\u00edvny a inkluz\u00edvny model konceptu \u201eCvi\u010dn\u00e1 firma\u201c vytvoren\u00edm nadn\u00e1rodn\u00fdch pobo\u010diek cvi\u010dn\u00fdch firiem pre \u0161tudentov odborn\u00e9ho vzdel\u00e1vania a pr\u00edpravy, aby za\u017eili internacionaliz\u00e1cia@home.\",\"breadcrumb\":{\"@id\":\"https:\\\/\\\/archiv.siov.sk\\\/en\\\/projekty\\\/zrealizovane-projekty\\\/medzinarodny-projekt-multina\\\/#breadcrumb\"},\"inLanguage\":\"en-GB\",\"potentialAction\":[{\"@type\":\"ReadAction\",\"target\":[\"https:\\\/\\\/archiv.siov.sk\\\/en\\\/projekty\\\/zrealizovane-projekty\\\/medzinarodny-projekt-multina\\\/\"]}]},{\"@type\":\"ImageObject\",\"inLanguage\":\"en-GB\",\"@id\":\"https:\\\/\\\/archiv.siov.sk\\\/en\\\/projekty\\\/zrealizovane-projekty\\\/medzinarodny-projekt-multina\\\/#primaryimage\",\"url\":\"https:\\\/\\\/archiv.siov.sk\\\/wp-content\\\/uploads\\\/2022\\\/07\\\/multina.png\",\"contentUrl\":\"https:\\\/\\\/archiv.siov.sk\\\/wp-content\\\/uploads\\\/2022\\\/07\\\/multina.png\"},{\"@type\":\"BreadcrumbList\",\"@id\":\"https:\\\/\\\/archiv.siov.sk\\\/en\\\/projekty\\\/zrealizovane-projekty\\\/medzinarodny-projekt-multina\\\/#breadcrumb\",\"itemListElement\":[{\"@type\":\"ListItem\",\"position\":1,\"name\":\"Home\",\"item\":\"https:\\\/\\\/archiv.siov.sk\\\/\"},{\"@type\":\"ListItem\",\"position\":2,\"name\":\"Projekty\",\"item\":\"https:\\\/\\\/archiv.siov.sk\\\/en\\\/projekty\\\/\"},{\"@type\":\"ListItem\",\"position\":3,\"name\":\"Zrealizovan\u00e9 projekty\",\"item\":\"https:\\\/\\\/archiv.siov.sk\\\/en\\\/projekty\\\/zrealizovane-projekty\\\/\"},{\"@type\":\"ListItem\",\"position\":4,\"name\":\"MULTINA\"}]},{\"@type\":\"WebSite\",\"@id\":\"https:\\\/\\\/archiv.siov.sk\\\/#website\",\"url\":\"https:\\\/\\\/archiv.siov.sk\\\/\",\"name\":\"\u0160IOV - \u0161t\u00e1tny in\u0161tit\u00fat odborn\u00e9ho vzdel\u00e1vania\",\"description\":\"\",\"publisher\":{\"@id\":\"https:\\\/\\\/archiv.siov.sk\\\/#organization\"},\"potentialAction\":[{\"@type\":\"SearchAction\",\"target\":{\"@type\":\"EntryPoint\",\"urlTemplate\":\"https:\\\/\\\/archiv.siov.sk\\\/?s={search_term_string}\"},\"query-input\":{\"@type\":\"PropertyValueSpecification\",\"valueRequired\":true,\"valueName\":\"search_term_string\"}}],\"inLanguage\":\"en-GB\"},{\"@type\":\"Organization\",\"@id\":\"https:\\\/\\\/archiv.siov.sk\\\/#organization\",\"name\":\"\u0160IOV - \u0161t\u00e1tny in\u0161tit\u00fat odborn\u00e9ho vzdel\u00e1vania\",\"url\":\"https:\\\/\\\/archiv.siov.sk\\\/\",\"logo\":{\"@type\":\"ImageObject\",\"inLanguage\":\"en-GB\",\"@id\":\"https:\\\/\\\/archiv.siov.sk\\\/#\\\/schema\\\/logo\\\/image\\\/\",\"url\":\"https:\\\/\\\/archiv.siov.sk\\\/wp-content\\\/uploads\\\/2024\\\/02\\\/logo-SIOV.png\",\"contentUrl\":\"https:\\\/\\\/archiv.siov.sk\\\/wp-content\\\/uploads\\\/2024\\\/02\\\/logo-SIOV.png\",\"width\":431,\"height\":143,\"caption\":\"\u0160IOV - \u0161t\u00e1tny in\u0161tit\u00fat odborn\u00e9ho vzdel\u00e1vania\"},\"image\":{\"@id\":\"https:\\\/\\\/archiv.siov.sk\\\/#\\\/schema\\\/logo\\\/image\\\/\"},\"sameAs\":[\"https:\\\/\\\/www.facebook.com\\\/Statnyinstitutodbornehovzdelavania\"]}]}<\/script>\n<!-- \/ Yoast SEO plugin. -->","yoast_head_json":{"title":"MULTINA - \u0160IOV - \u0161t\u00e1tny in\u0161tit\u00fat odborn\u00e9ho vzdel\u00e1vania","description":"Projekt \u201eMULTINA\u201c je medzin\u00e1rodn\u00fd projekt programu Erasmus+, ktor\u00fd m\u00e1 za cie\u013e navrhn\u00fa\u0165 a vyvin\u00fa\u0165 inovat\u00edvny a inkluz\u00edvny model konceptu \u201eCvi\u010dn\u00e1 firma\u201c vytvoren\u00edm nadn\u00e1rodn\u00fdch pobo\u010diek cvi\u010dn\u00fdch firiem pre \u0161tudentov odborn\u00e9ho vzdel\u00e1vania a pr\u00edpravy, aby za\u017eili internacionaliz\u00e1cia@home.","robots":{"index":"index","follow":"follow","max-snippet":"max-snippet:-1","max-image-preview":"max-image-preview:large","max-video-preview":"max-video-preview:-1"},"canonical":"https:\/\/archiv.siov.sk\/en\/projekty\/zrealizovane-projekty\/medzinarodny-projekt-multina\/","og_locale":"en_GB","og_type":"article","og_title":"MULTINA - \u0160IOV - \u0161t\u00e1tny in\u0161tit\u00fat odborn\u00e9ho vzdel\u00e1vania","og_description":"Projekt \u201eMULTINA\u201c je medzin\u00e1rodn\u00fd projekt programu Erasmus+, ktor\u00fd m\u00e1 za cie\u013e navrhn\u00fa\u0165 a vyvin\u00fa\u0165 inovat\u00edvny a inkluz\u00edvny model konceptu \u201eCvi\u010dn\u00e1 firma\u201c vytvoren\u00edm nadn\u00e1rodn\u00fdch pobo\u010diek cvi\u010dn\u00fdch firiem pre \u0161tudentov odborn\u00e9ho vzdel\u00e1vania a pr\u00edpravy, aby za\u017eili internacionaliz\u00e1cia@home.","og_url":"https:\/\/archiv.siov.sk\/en\/projekty\/zrealizovane-projekty\/medzinarodny-projekt-multina\/","og_site_name":"\u0160IOV - \u0161t\u00e1tny in\u0161tit\u00fat odborn\u00e9ho vzdel\u00e1vania","article_publisher":"https:\/\/www.facebook.com\/Statnyinstitutodbornehovzdelavania","article_modified_time":"2024-12-10T09:30:32+00:00","og_image":[{"url":"https:\/\/archiv.siov.sk\/wp-content\/uploads\/2022\/07\/multina.png","type":"","width":"","height":""}],"twitter_card":"summary_large_image","twitter_misc":{"Estimated reading time":"3 minutes"},"schema":{"@context":"https:\/\/schema.org","@graph":[{"@type":"WebPage","@id":"https:\/\/archiv.siov.sk\/en\/projekty\/zrealizovane-projekty\/medzinarodny-projekt-multina\/","url":"https:\/\/archiv.siov.sk\/en\/projekty\/zrealizovane-projekty\/medzinarodny-projekt-multina\/","name":"MULTINA - \u0160IOV - \u0161t\u00e1tny in\u0161tit\u00fat odborn\u00e9ho vzdel\u00e1vania","isPartOf":{"@id":"https:\/\/archiv.siov.sk\/#website"},"primaryImageOfPage":{"@id":"https:\/\/archiv.siov.sk\/en\/projekty\/zrealizovane-projekty\/medzinarodny-projekt-multina\/#primaryimage"},"image":{"@id":"https:\/\/archiv.siov.sk\/en\/projekty\/zrealizovane-projekty\/medzinarodny-projekt-multina\/#primaryimage"},"thumbnailUrl":"https:\/\/archiv.siov.sk\/wp-content\/uploads\/2022\/07\/multina.png","datePublished":"2022-07-25T10:33:50+00:00","dateModified":"2024-12-10T09:30:32+00:00","description":"Projekt \u201eMULTINA\u201c je medzin\u00e1rodn\u00fd projekt programu Erasmus+, ktor\u00fd m\u00e1 za cie\u013e navrhn\u00fa\u0165 a vyvin\u00fa\u0165 inovat\u00edvny a inkluz\u00edvny model konceptu \u201eCvi\u010dn\u00e1 firma\u201c vytvoren\u00edm nadn\u00e1rodn\u00fdch pobo\u010diek cvi\u010dn\u00fdch firiem pre \u0161tudentov odborn\u00e9ho vzdel\u00e1vania a pr\u00edpravy, aby za\u017eili internacionaliz\u00e1cia@home.","breadcrumb":{"@id":"https:\/\/archiv.siov.sk\/en\/projekty\/zrealizovane-projekty\/medzinarodny-projekt-multina\/#breadcrumb"},"inLanguage":"en-GB","potentialAction":[{"@type":"ReadAction","target":["https:\/\/archiv.siov.sk\/en\/projekty\/zrealizovane-projekty\/medzinarodny-projekt-multina\/"]}]},{"@type":"ImageObject","inLanguage":"en-GB","@id":"https:\/\/archiv.siov.sk\/en\/projekty\/zrealizovane-projekty\/medzinarodny-projekt-multina\/#primaryimage","url":"https:\/\/archiv.siov.sk\/wp-content\/uploads\/2022\/07\/multina.png","contentUrl":"https:\/\/archiv.siov.sk\/wp-content\/uploads\/2022\/07\/multina.png"},{"@type":"BreadcrumbList","@id":"https:\/\/archiv.siov.sk\/en\/projekty\/zrealizovane-projekty\/medzinarodny-projekt-multina\/#breadcrumb","itemListElement":[{"@type":"ListItem","position":1,"name":"Home","item":"https:\/\/archiv.siov.sk\/"},{"@type":"ListItem","position":2,"name":"Projekty","item":"https:\/\/archiv.siov.sk\/en\/projekty\/"},{"@type":"ListItem","position":3,"name":"Zrealizovan\u00e9 projekty","item":"https:\/\/archiv.siov.sk\/en\/projekty\/zrealizovane-projekty\/"},{"@type":"ListItem","position":4,"name":"MULTINA"}]},{"@type":"WebSite","@id":"https:\/\/archiv.siov.sk\/#website","url":"https:\/\/archiv.siov.sk\/","name":"\u0160IOV - \u0161t\u00e1tny in\u0161tit\u00fat odborn\u00e9ho vzdel\u00e1vania","description":"","publisher":{"@id":"https:\/\/archiv.siov.sk\/#organization"},"potentialAction":[{"@type":"SearchAction","target":{"@type":"EntryPoint","urlTemplate":"https:\/\/archiv.siov.sk\/?s={search_term_string}"},"query-input":{"@type":"PropertyValueSpecification","valueRequired":true,"valueName":"search_term_string"}}],"inLanguage":"en-GB"},{"@type":"Organization","@id":"https:\/\/archiv.siov.sk\/#organization","name":"\u0160IOV - \u0161t\u00e1tny in\u0161tit\u00fat odborn\u00e9ho vzdel\u00e1vania","url":"https:\/\/archiv.siov.sk\/","logo":{"@type":"ImageObject","inLanguage":"en-GB","@id":"https:\/\/archiv.siov.sk\/#\/schema\/logo\/image\/","url":"https:\/\/archiv.siov.sk\/wp-content\/uploads\/2024\/02\/logo-SIOV.png","contentUrl":"https:\/\/archiv.siov.sk\/wp-content\/uploads\/2024\/02\/logo-SIOV.png","width":431,"height":143,"caption":"\u0160IOV - \u0161t\u00e1tny in\u0161tit\u00fat odborn\u00e9ho vzdel\u00e1vania"},"image":{"@id":"https:\/\/archiv.siov.sk\/#\/schema\/logo\/image\/"},"sameAs":["https:\/\/www.facebook.com\/Statnyinstitutodbornehovzdelavania"]}]}},"_links":{"self":[{"href":"https:\/\/archiv.siov.sk\/en\/wp-json\/wp\/v2\/pages\/11575","targetHints":{"allow":["GET"]}}],"collection":[{"href":"https:\/\/archiv.siov.sk\/en\/wp-json\/wp\/v2\/pages"}],"about":[{"href":"https:\/\/archiv.siov.sk\/en\/wp-json\/wp\/v2\/types\/page"}],"author":[{"embeddable":true,"href":"https:\/\/archiv.siov.sk\/en\/wp-json\/wp\/v2\/users\/4"}],"replies":[{"embeddable":true,"href":"https:\/\/archiv.siov.sk\/en\/wp-json\/wp\/v2\/comments?post=11575"}],"version-history":[{"count":44,"href":"https:\/\/archiv.siov.sk\/en\/wp-json\/wp\/v2\/pages\/11575\/revisions"}],"predecessor-version":[{"id":17491,"href":"https:\/\/archiv.siov.sk\/en\/wp-json\/wp\/v2\/pages\/11575\/revisions\/17491"}],"up":[{"embeddable":true,"href":"https:\/\/archiv.siov.sk\/en\/wp-json\/wp\/v2\/pages\/55"}],"wp:attachment":[{"href":"https:\/\/archiv.siov.sk\/en\/wp-json\/wp\/v2\/media?parent=11575"}],"curies":[{"name":"wp","href":"https:\/\/api.w.org\/{rel}","templated":true}]}}