{"id":105,"date":"2019-01-25T10:39:26","date_gmt":"2019-01-25T09:39:26","guid":{"rendered":"http:\/\/archiv.siov.sk\/?page_id=105"},"modified":"2021-08-03T10:41:10","modified_gmt":"2021-08-03T08:41:10","slug":"slovenske-centrum-cvicnych-firiem","status":"publish","type":"page","link":"https:\/\/archiv.siov.sk\/en\/cvicne-firmy\/slovenske-centrum-cvicnych-firiem\/","title":{"rendered":"Slovensk\u00e9 centrum cvi\u010dn\u00fdch firiem"},"content":{"rendered":"<div data-elementor-type=\"wp-page\" data-elementor-id=\"105\" class=\"elementor elementor-105\" data-elementor-post-type=\"page\">\n\t\t\t\t\t\t<section class=\"elementor-section elementor-top-section elementor-element elementor-element-8140e82 elementor-section-boxed elementor-section-height-default elementor-section-height-default\" data-id=\"8140e82\" data-element_type=\"section\" data-e-type=\"section\">\n\t\t\t\t\t\t<div class=\"elementor-container elementor-column-gap-default\">\n\t\t\t\t\t<div class=\"elementor-column elementor-col-100 elementor-top-column elementor-element elementor-element-04235c5\" data-id=\"04235c5\" data-element_type=\"column\" data-e-type=\"column\">\n\t\t\t<div class=\"elementor-widget-wrap elementor-element-populated\">\n\t\t\t\t\t\t<div class=\"elementor-element elementor-element-bc5a907 elementor-widget-divider--view-line elementor-widget elementor-widget-divider\" data-id=\"bc5a907\" data-element_type=\"widget\" data-e-type=\"widget\" data-widget_type=\"divider.default\">\n\t\t\t\t<div class=\"elementor-widget-container\">\n\t\t\t\t\t\t\t<div class=\"elementor-divider\">\n\t\t\t<span class=\"elementor-divider-separator\">\n\t\t\t\t\t\t<\/span>\n\t\t<\/div>\n\t\t\t\t\t\t<\/div>\n\t\t\t\t<\/div>\n\t\t\t\t<div class=\"elementor-element elementor-element-5669a7d elementor-widget elementor-widget-heading\" data-id=\"5669a7d\" data-element_type=\"widget\" data-e-type=\"widget\" data-widget_type=\"heading.default\">\n\t\t\t\t<div class=\"elementor-widget-container\">\n\t\t\t\t\t<h2 class=\"elementor-heading-title elementor-size-default\">SLOVENSK\u00c9 CENTRUM CVI\u010cN\u00ddCH FIRIEM<\/h2>\t\t\t\t<\/div>\n\t\t\t\t<\/div>\n\t\t\t\t\t<\/div>\n\t\t<\/div>\n\t\t\t\t\t<\/div>\n\t\t<\/section>\n\t\t\t\t<section class=\"elementor-section elementor-top-section elementor-element elementor-element-db30915 elementor-section-boxed elementor-section-height-default elementor-section-height-default\" data-id=\"db30915\" data-element_type=\"section\" data-e-type=\"section\">\n\t\t\t\t\t\t<div class=\"elementor-container elementor-column-gap-default\">\n\t\t\t\t\t<div class=\"elementor-column elementor-col-100 elementor-top-column elementor-element elementor-element-f7aad21\" data-id=\"f7aad21\" data-element_type=\"column\" data-e-type=\"column\">\n\t\t\t<div class=\"elementor-widget-wrap elementor-element-populated\">\n\t\t\t\t\t\t<div class=\"elementor-element elementor-element-5071f0f elementor-widget elementor-widget-text-editor\" data-id=\"5071f0f\" data-element_type=\"widget\" data-e-type=\"widget\" data-widget_type=\"text-editor.default\">\n\t\t\t\t<div class=\"elementor-widget-container\">\n\t\t\t\t\t\t\t\t\t<div id=\"pg-105-0\" class=\"panel-grid panel-no-style\"><div id=\"pgc-105-0-0\" class=\"panel-grid-cell\" data-weight=\"1\"><div id=\"panel-105-0-0-0\" class=\"so-panel widget widget_sow-editor panel-first-child panel-last-child\" data-index=\"0\" data-style=\"{&quot;background_image_attachment&quot;:false,&quot;background_display&quot;:&quot;tile&quot;}\"><div class=\"so-widget-sow-editor so-widget-sow-editor-base\"><div class=\"siteorigin-widget-tinymce textwidget\"><p style=\"font-size: 15px;\">Podnikate\u013esk\u00e9 vzdel\u00e1vanie cestou cvi\u010dn\u00fdch firiem (CF) je jedn\u00fdm z naj\u00fa\u010dinnej\u0161\u00edch n\u00e1strojov ako \u017eiakov vovies\u0165 do sveta podnikania a pripravi\u0165 z nich pr\u00e1vne a ekonomicky vzdelan\u00fdch jedincov.<\/p><p style=\"font-size: 15px;\">Predmet \u201eCvi\u010dn\u00e1 firma\u201c sl\u00fa\u017ei na komplexn\u00e9 osvojenie si zru\u010dnost\u00ed, schopnost\u00ed i odborn\u00fdch vedomost\u00ed s\u00favisiacich so zalo\u017een\u00edm a veden\u00edm re\u00e1lnej firmy. Vyu\u010duje sa v na\u0161ich \u0161kol\u00e1ch ako povinn\u00fd alebo volite\u013en\u00fd predmet. Integruje teoretick\u00e9 vedomosti z viacer\u00fdch ekonomick\u00fdch predmetov, je mostom medzi te\u00f3riou a praxou. V\u00fdhodou tejto formy integr\u00e1cie u\u010diva je snaha o maxim\u00e1lne pribl\u00ed\u017eenie sa re\u00e1lnej praxi \u2013 simul\u00e1cia re\u00e1lnej praxe vo vzdel\u00e1vacom prostred\u00ed cvi\u010dn\u00fdch firiem poskytuje vynikaj\u00facu pr\u00edpravu pre bud\u00face p\u00f4sobenie v zamestnan\u00ed alebo v podnikan\u00ed. Okrem odborn\u00fdch znalost\u00ed a zru\u010dnost\u00ed sprostredk\u00fava \u017eiakom i tzv. k\u013e\u00fa\u010dov\u00e9 kompetencie. U\u010deb\u0148a CF je zariaden\u00e1 ako re\u00e1lna firma, pracuje s re\u00e1lnymi dokladmi praxe, fikt\u00edvnym tovarom a fikt\u00edvnymi peniazmi. Vyu\u017e\u00edva alternat\u00edvne met\u00f3dy vyu\u010dovania, ako je simul\u00e1cia, \u010di inscena\u010dn\u00e1 met\u00f3da. U\u010dite\u013e vyu\u017e\u00edva front\u00e1lne vyu\u010dovanie minim\u00e1lne. Je viac star\u0161\u00edm kolegom, poradcom ako pedag\u00f3gom.<\/p><p style=\"font-size: 15px;\">Modern\u00e9 dejiny cvi\u010dn\u00fdch firiem maj\u00fa v \u0161t\u00e1toch vyspelej trhovej ekonomiky 50-ro\u010dn\u00fa trad\u00edciu. V s\u00fa\u010dasnosti p\u00f4sob\u00ed v r\u00e1mci siete EUROPEN PEN International, svetov\u00e9ho zdru\u017eenia cvi\u010dn\u00fdch firiem, pribli\u017ene 5 000 cvi\u010dn\u00fdch firiem v 46 \u0161t\u00e1toch sveta.<\/p><p style=\"font-size: 15px;\">My\u0161lienka cvi\u010dnej firmy pri\u0161la na Slovensko pr\u00e1ve z Nemecka. Na Slovensku dominuje \u0161kolsk\u00fd model, kde n\u00e1m bolo vzorom Rak\u00fasko. Cvi\u010dn\u00e1 firma sa vyu\u010duje ako predmet na slovensk\u00fdch stredn\u00fdch \u0161kol\u00e1ch od roku 1992.<\/p><p style=\"font-size: 15px;\">Sie\u0165 cvi\u010dn\u00fdch firiem v ka\u017edom \u0161t\u00e1te spravuje n\u00e1rodn\u00e1 centr\u00e1la cvi\u010dn\u00fdch firiem, ktor\u00e1 pre cvi\u010dn\u00e9 firmy simuluje org\u00e1ny \u0161t\u00e1tnej spr\u00e1vy (na Slovensku odbor \u017eivnostensk\u00e9ho podnikania, registrov\u00fd s\u00fad, soci\u00e1lnu a zdravotn\u00fa pois\u0165ov\u0148u, finan\u010dn\u00fd \u00farad, coln\u00fd \u00farad a cvi\u010dn\u00fa banku), organizuje vzdel\u00e1vacie podujatia pre u\u010dite\u013eov \/ lektorov cvi\u010dn\u00fdch firiem a aktivity pre \u017eiakov. Tieto \u010dinnosti na Slovensku zabezpe\u010duje Slovensk\u00e9 centrum cvi\u010dn\u00fdch firiem (\u010falej SCCF), ktor\u00e9 je organiza\u010dn\u00fdm \u00fatvarom \u0160t\u00e1tneho in\u0161tit\u00fatu odborn\u00e9ho vzdel\u00e1vania (\u010falej \u0160IOV) a pln\u00ed tieto hlavn\u00e9 \u00falohy:<\/p><ul class=\"check_links\" style=\"font-size: 15px;\"><li style=\"font-size: 15px;\">Simuluje odbor \u017eivnostensk\u00e9ho podnikania, registrov\u00fd s\u00fad, soci\u00e1lnu a zdravotn\u00fa pois\u0165ov\u0148u, finan\u010dn\u00fd\u00fd \u00farad, coln\u00fd \u00farad, po\u0161tov\u00fd \u00farad a banku.<\/li><li style=\"font-size: 15px;\">Organizuje vzdel\u00e1vacie podujatia \u2013 semin\u00e1re, kurzy a konferencie pre u\u010dite\u013eov\/lektorov cvi\u010dn\u00fdch firiem. Zabezpe\u010duje \u00fa\u010das\u0165 slovensk\u00fdch u\u010dite\u013eov aj na zahrani\u010dn\u00fdch semin\u00e1roch a konferenci\u00e1ch.<\/li><li style=\"font-size: 15px;\">Pripravuje a organizuje projekty odborn\u00e9ho vzdel\u00e1vania, kontrakta\u010dn\u00e9 dni, region\u00e1lne ve\u013etrhy a jeden celoslovensk\u00fd medzin\u00e1rodn\u00fd ve\u013etrh cvi\u010dn\u00fdch firiem, napom\u00e1ha a zabezpe\u010duje \u00fa\u010das\u0165 slovensk\u00fdch CF aj na zahrani\u010dn\u00fdch ve\u013etrhoch CF.<\/li><li style=\"font-size: 15px;\">SCCF reprezentuje Slovensko aj na medzin\u00e1rodnej \u00farovni a zabezpe\u010duje spolupr\u00e1cu so zahrani\u010dn\u00fdmi centr\u00e1lami a cvi\u010dn\u00fdmi firmami. V m\u00e1ji 2001 sa stalo pridru\u017een\u00fdm a v roku 2008 riadnym \u010dlenom svetovej centr\u00e1ly cvi\u010dn\u00fdch firiem EUROPEN PEN International so s\u00eddlom v Essene v Nemecku (www.penworldwide.org), \u010do umo\u017e\u0148uje aj slovensk\u00fdm firm\u00e1m on-line komunikova\u0165 cez datab\u00e1zy EUROPEN s ktorouko\u013evek cvi\u010dnou firmou v zahrani\u010d\u00ed.<\/li><\/ul><\/div><\/div><\/div><\/div><\/div><div id=\"pg-105-1\" class=\"panel-grid panel-no-style\" data-style=\"{&quot;background_image_attachment&quot;:false,&quot;background_display&quot;:&quot;tile&quot;,&quot;cell_alignment&quot;:&quot;flex-start&quot;}\"><div id=\"pgc-105-1-0\" class=\"panel-grid-cell\" data-weight=\"0.5\"><div id=\"panel-105-1-0-0\" class=\"so-panel widget widget_sow-editor panel-first-child panel-last-child\" data-index=\"1\" data-style=\"{&quot;background_image_attachment&quot;:false,&quot;background_display&quot;:&quot;tile&quot;}\"><div class=\"so-widget-sow-editor so-widget-sow-editor-base\"><div class=\"siteorigin-widget-tinymce textwidget\"><ul class=\"svp_links\" style=\"font-size: 15px;\"><li style=\"font-size: 15px;\"><a href=\"http:\/\/siov.sk\/cvicne-firmy\/aktuality-cvicne-firmy\/\">Najlep\u0161\u00ed podnikate\u013esk\u00fd z\u00e1mer<\/a><\/li><li style=\"font-size: 15px;\"><a href=\"http:\/\/siov.sk\/cvicne-firmy\/urady-sccf\/\">OfficesSCCF<\/a><\/li><li style=\"font-size: 15px;\"><a href=\"http:\/\/siov.sk\/cvicne-firmy\/sccf-online-a-navody\/\">SCCF online a n\u00e1vody<\/a><\/li><\/ul><\/div><\/div><\/div><\/div><div id=\"pgc-105-1-1\" class=\"panel-grid-cell\" data-weight=\"0.5\"><div id=\"panel-105-1-1-0\" class=\"so-panel widget widget_sow-editor panel-first-child panel-last-child\" data-index=\"2\" data-style=\"{&quot;background_image_attachment&quot;:false,&quot;background_display&quot;:&quot;tile&quot;}\"><div class=\"so-widget-sow-editor so-widget-sow-editor-base\"><div class=\"siteorigin-widget-tinymce textwidget\"><ul class=\"svp_links\" style=\"font-size: 15px;\"><li style=\"font-size: 15px;\"><a href=\"http:\/\/siov.sk\/cvicne-firmy\/veltrhy-a-sutaze\/\">Trade fairs and competitions<\/a><\/li><li style=\"font-size: 15px;\"><a href=\"http:\/\/siov.sk\/cvicne-firmy\/informacia-o-dolozke-k-vysvedceniu\/\">Dolo\u017eka k vysved\u010deniu<\/a><\/li><li style=\"font-size: 15px;\"><a href=\"https:\/\/penapps.penworldwide.org\/login\/login.aspx?ReturnUrl=%2f\" target=\"_blank\" rel=\"noopener\">Webov\u00e1 applik\u00e1cia<\/a><\/li><\/ul><\/div><\/div><\/div><\/div><\/div>\t\t\t\t\t\t\t\t<\/div>\n\t\t\t\t<\/div>\n\t\t\t\t\t<\/div>\n\t\t<\/div>\n\t\t\t\t\t<\/div>\n\t\t<\/section>\n\t\t\t\t<\/div>","protected":false},"excerpt":{"rendered":"<p>SLOVENSK\u00c9 CENTRUM CVI\u010cN\u00ddCH FIRIEM Podnikate\u013esk\u00e9 vzdel\u00e1vanie cestou cvi\u010dn\u00fdch firiem (CF) je jedn\u00fdm z naj\u00fa\u010dinnej\u0161\u00edch n\u00e1strojov ako \u017eiakov vovies\u0165 do sveta podnikania a pripravi\u0165 z nich pr\u00e1vne a ekonomicky vzdelan\u00fdch jedincov. Predmet \u201eCvi\u010dn\u00e1 firma\u201c sl\u00fa\u017ei na komplexn\u00e9 osvojenie si zru\u010dnost\u00ed, schopnost\u00ed i odborn\u00fdch vedomost\u00ed s\u00favisiacich so zalo\u017een\u00edm a veden\u00edm re\u00e1lnej firmy. Vyu\u010duje sa v na\u0161ich \u0161kol\u00e1ch [&hellip;]<\/p>\n","protected":false},"author":1,"featured_media":0,"parent":103,"menu_order":0,"comment_status":"closed","ping_status":"closed","template":"","meta":{"site-sidebar-layout":"default","site-content-layout":"default","ast-site-content-layout":"default","site-content-style":"default","site-sidebar-style":"default","ast-global-header-display":"","ast-banner-title-visibility":"","ast-main-header-display":"","ast-hfb-above-header-display":"","ast-hfb-below-header-display":"","ast-hfb-mobile-header-display":"","site-post-title":"disabled","ast-breadcrumbs-content":"","ast-featured-img":"","footer-sml-layout":"","ast-disable-related-posts":"","theme-transparent-header-meta":"default","adv-header-id-meta":"","stick-header-meta":"","header-above-stick-meta":"","header-main-stick-meta":"","header-below-stick-meta":"","astra-migrate-meta-layouts":"default","ast-page-background-enabled":"default","ast-page-background-meta":{"desktop":{"background-color":"var(--ast-global-color-4)","background-image":"","background-repeat":"repeat","background-position":"center center","background-size":"auto","background-attachment":"scroll","background-type":"","background-media":"","overlay-type":"","overlay-color":"","overlay-opacity":"","overlay-gradient":""},"tablet":{"background-color":"","background-image":"","background-repeat":"repeat","background-position":"center center","background-size":"auto","background-attachment":"scroll","background-type":"","background-media":"","overlay-type":"","overlay-color":"","overlay-opacity":"","overlay-gradient":""},"mobile":{"background-color":"","background-image":"","background-repeat":"repeat","background-position":"center center","background-size":"auto","background-attachment":"scroll","background-type":"","background-media":"","overlay-type":"","overlay-color":"","overlay-opacity":"","overlay-gradient":""}},"ast-content-background-meta":{"desktop":{"background-color":"var(--ast-global-color-5)","background-image":"","background-repeat":"repeat","background-position":"center center","background-size":"auto","background-attachment":"scroll","background-type":"","background-media":"","overlay-type":"","overlay-color":"","overlay-opacity":"","overlay-gradient":""},"tablet":{"background-color":"var(--ast-global-color-5)","background-image":"","background-repeat":"repeat","background-position":"center center","background-size":"auto","background-attachment":"scroll","background-type":"","background-media":"","overlay-type":"","overlay-color":"","overlay-opacity":"","overlay-gradient":""},"mobile":{"background-color":"var(--ast-global-color-5)","background-image":"","background-repeat":"repeat","background-position":"center center","background-size":"auto","background-attachment":"scroll","background-type":"","background-media":"","overlay-type":"","overlay-color":"","overlay-opacity":"","overlay-gradient":""}},"footnotes":""},"class_list":["post-105","page","type-page","status-publish","hentry"],"yoast_head":"<!-- This site is optimized with the Yoast SEO plugin v27.4 - https:\/\/yoast.com\/product\/yoast-seo-wordpress\/ -->\n<title>Slovensk\u00e9 centrum cvi\u010dn\u00fdch firiem - \u0160IOV - \u0161t\u00e1tny in\u0161tit\u00fat odborn\u00e9ho vzdel\u00e1vania<\/title>\n<meta name=\"robots\" content=\"index, follow, max-snippet:-1, max-image-preview:large, max-video-preview:-1\" \/>\n<link rel=\"canonical\" href=\"https:\/\/archiv.siov.sk\/en\/cvicne-firmy\/slovenske-centrum-cvicnych-firiem\/\" \/>\n<meta property=\"og:locale\" content=\"en_GB\" \/>\n<meta property=\"og:type\" content=\"article\" \/>\n<meta property=\"og:title\" content=\"Slovensk\u00e9 centrum cvi\u010dn\u00fdch firiem - \u0160IOV - \u0161t\u00e1tny in\u0161tit\u00fat odborn\u00e9ho vzdel\u00e1vania\" \/>\n<meta property=\"og:description\" content=\"SLOVENSK\u00c9 CENTRUM CVI\u010cN\u00ddCH FIRIEM Podnikate\u013esk\u00e9 vzdel\u00e1vanie cestou cvi\u010dn\u00fdch firiem (CF) je jedn\u00fdm z naj\u00fa\u010dinnej\u0161\u00edch n\u00e1strojov ako \u017eiakov vovies\u0165 do sveta podnikania a pripravi\u0165 z nich pr\u00e1vne a ekonomicky vzdelan\u00fdch jedincov. Predmet \u201eCvi\u010dn\u00e1 firma\u201c sl\u00fa\u017ei na komplexn\u00e9 osvojenie si zru\u010dnost\u00ed, schopnost\u00ed i odborn\u00fdch vedomost\u00ed s\u00favisiacich so zalo\u017een\u00edm a veden\u00edm re\u00e1lnej firmy. Vyu\u010duje sa v na\u0161ich \u0161kol\u00e1ch [&hellip;]\" \/>\n<meta property=\"og:url\" content=\"https:\/\/archiv.siov.sk\/en\/cvicne-firmy\/slovenske-centrum-cvicnych-firiem\/\" \/>\n<meta property=\"og:site_name\" content=\"\u0160IOV - \u0161t\u00e1tny in\u0161tit\u00fat odborn\u00e9ho vzdel\u00e1vania\" \/>\n<meta property=\"article:publisher\" content=\"https:\/\/www.facebook.com\/Statnyinstitutodbornehovzdelavania\" \/>\n<meta property=\"article:modified_time\" content=\"2021-08-03T08:41:10+00:00\" \/>\n<meta name=\"twitter:card\" content=\"summary_large_image\" \/>\n<meta name=\"twitter:label1\" content=\"Estimated reading time\" \/>\n\t<meta name=\"twitter:data1\" content=\"2 minutes\" \/>\n<script type=\"application\/ld+json\" class=\"yoast-schema-graph\">{\"@context\":\"https:\\\/\\\/schema.org\",\"@graph\":[{\"@type\":\"WebPage\",\"@id\":\"https:\\\/\\\/archiv.siov.sk\\\/cvicne-firmy\\\/slovenske-centrum-cvicnych-firiem\\\/\",\"url\":\"https:\\\/\\\/archiv.siov.sk\\\/cvicne-firmy\\\/slovenske-centrum-cvicnych-firiem\\\/\",\"name\":\"Slovensk\u00e9 centrum cvi\u010dn\u00fdch firiem - \u0160IOV - \u0161t\u00e1tny in\u0161tit\u00fat odborn\u00e9ho vzdel\u00e1vania\",\"isPartOf\":{\"@id\":\"https:\\\/\\\/archiv.siov.sk\\\/#website\"},\"datePublished\":\"2019-01-25T09:39:26+00:00\",\"dateModified\":\"2021-08-03T08:41:10+00:00\",\"breadcrumb\":{\"@id\":\"https:\\\/\\\/archiv.siov.sk\\\/cvicne-firmy\\\/slovenske-centrum-cvicnych-firiem\\\/#breadcrumb\"},\"inLanguage\":\"en-GB\",\"potentialAction\":[{\"@type\":\"ReadAction\",\"target\":[\"https:\\\/\\\/archiv.siov.sk\\\/cvicne-firmy\\\/slovenske-centrum-cvicnych-firiem\\\/\"]}]},{\"@type\":\"BreadcrumbList\",\"@id\":\"https:\\\/\\\/archiv.siov.sk\\\/cvicne-firmy\\\/slovenske-centrum-cvicnych-firiem\\\/#breadcrumb\",\"itemListElement\":[{\"@type\":\"ListItem\",\"position\":1,\"name\":\"Home\",\"item\":\"https:\\\/\\\/archiv.siov.sk\\\/\"},{\"@type\":\"ListItem\",\"position\":2,\"name\":\"SLOVENSK\u00c9 CENTRUM CVI\u010cN\u00ddCH FIRIEM\",\"item\":\"https:\\\/\\\/archiv.siov.sk\\\/cvicne-firmy\\\/\"},{\"@type\":\"ListItem\",\"position\":3,\"name\":\"Slovensk\u00e9 centrum cvi\u010dn\u00fdch firiem\"}]},{\"@type\":\"WebSite\",\"@id\":\"https:\\\/\\\/archiv.siov.sk\\\/#website\",\"url\":\"https:\\\/\\\/archiv.siov.sk\\\/\",\"name\":\"\u0160IOV - \u0161t\u00e1tny in\u0161tit\u00fat odborn\u00e9ho vzdel\u00e1vania\",\"description\":\"\",\"publisher\":{\"@id\":\"https:\\\/\\\/archiv.siov.sk\\\/#organization\"},\"potentialAction\":[{\"@type\":\"SearchAction\",\"target\":{\"@type\":\"EntryPoint\",\"urlTemplate\":\"https:\\\/\\\/archiv.siov.sk\\\/?s={search_term_string}\"},\"query-input\":{\"@type\":\"PropertyValueSpecification\",\"valueRequired\":true,\"valueName\":\"search_term_string\"}}],\"inLanguage\":\"en-GB\"},{\"@type\":\"Organization\",\"@id\":\"https:\\\/\\\/archiv.siov.sk\\\/#organization\",\"name\":\"\u0160IOV - \u0161t\u00e1tny in\u0161tit\u00fat odborn\u00e9ho vzdel\u00e1vania\",\"url\":\"https:\\\/\\\/archiv.siov.sk\\\/\",\"logo\":{\"@type\":\"ImageObject\",\"inLanguage\":\"en-GB\",\"@id\":\"https:\\\/\\\/archiv.siov.sk\\\/#\\\/schema\\\/logo\\\/image\\\/\",\"url\":\"https:\\\/\\\/archiv.siov.sk\\\/wp-content\\\/uploads\\\/2024\\\/02\\\/logo-SIOV.png\",\"contentUrl\":\"https:\\\/\\\/archiv.siov.sk\\\/wp-content\\\/uploads\\\/2024\\\/02\\\/logo-SIOV.png\",\"width\":431,\"height\":143,\"caption\":\"\u0160IOV - \u0161t\u00e1tny in\u0161tit\u00fat odborn\u00e9ho vzdel\u00e1vania\"},\"image\":{\"@id\":\"https:\\\/\\\/archiv.siov.sk\\\/#\\\/schema\\\/logo\\\/image\\\/\"},\"sameAs\":[\"https:\\\/\\\/www.facebook.com\\\/Statnyinstitutodbornehovzdelavania\"]}]}<\/script>\n<!-- \/ Yoast SEO plugin. -->","yoast_head_json":{"title":"Slovensk\u00e9 centrum cvi\u010dn\u00fdch firiem - \u0160IOV - \u0161t\u00e1tny in\u0161tit\u00fat odborn\u00e9ho vzdel\u00e1vania","robots":{"index":"index","follow":"follow","max-snippet":"max-snippet:-1","max-image-preview":"max-image-preview:large","max-video-preview":"max-video-preview:-1"},"canonical":"https:\/\/archiv.siov.sk\/en\/cvicne-firmy\/slovenske-centrum-cvicnych-firiem\/","og_locale":"en_GB","og_type":"article","og_title":"Slovensk\u00e9 centrum cvi\u010dn\u00fdch firiem - \u0160IOV - \u0161t\u00e1tny in\u0161tit\u00fat odborn\u00e9ho vzdel\u00e1vania","og_description":"SLOVENSK\u00c9 CENTRUM CVI\u010cN\u00ddCH FIRIEM Podnikate\u013esk\u00e9 vzdel\u00e1vanie cestou cvi\u010dn\u00fdch firiem (CF) je jedn\u00fdm z naj\u00fa\u010dinnej\u0161\u00edch n\u00e1strojov ako \u017eiakov vovies\u0165 do sveta podnikania a pripravi\u0165 z nich pr\u00e1vne a ekonomicky vzdelan\u00fdch jedincov. Predmet \u201eCvi\u010dn\u00e1 firma\u201c sl\u00fa\u017ei na komplexn\u00e9 osvojenie si zru\u010dnost\u00ed, schopnost\u00ed i odborn\u00fdch vedomost\u00ed s\u00favisiacich so zalo\u017een\u00edm a veden\u00edm re\u00e1lnej firmy. Vyu\u010duje sa v na\u0161ich \u0161kol\u00e1ch [&hellip;]","og_url":"https:\/\/archiv.siov.sk\/en\/cvicne-firmy\/slovenske-centrum-cvicnych-firiem\/","og_site_name":"\u0160IOV - \u0161t\u00e1tny in\u0161tit\u00fat odborn\u00e9ho vzdel\u00e1vania","article_publisher":"https:\/\/www.facebook.com\/Statnyinstitutodbornehovzdelavania","article_modified_time":"2021-08-03T08:41:10+00:00","twitter_card":"summary_large_image","twitter_misc":{"Estimated reading time":"2 minutes"},"schema":{"@context":"https:\/\/schema.org","@graph":[{"@type":"WebPage","@id":"https:\/\/archiv.siov.sk\/cvicne-firmy\/slovenske-centrum-cvicnych-firiem\/","url":"https:\/\/archiv.siov.sk\/cvicne-firmy\/slovenske-centrum-cvicnych-firiem\/","name":"Slovensk\u00e9 centrum cvi\u010dn\u00fdch firiem - \u0160IOV - \u0161t\u00e1tny in\u0161tit\u00fat odborn\u00e9ho vzdel\u00e1vania","isPartOf":{"@id":"https:\/\/archiv.siov.sk\/#website"},"datePublished":"2019-01-25T09:39:26+00:00","dateModified":"2021-08-03T08:41:10+00:00","breadcrumb":{"@id":"https:\/\/archiv.siov.sk\/cvicne-firmy\/slovenske-centrum-cvicnych-firiem\/#breadcrumb"},"inLanguage":"en-GB","potentialAction":[{"@type":"ReadAction","target":["https:\/\/archiv.siov.sk\/cvicne-firmy\/slovenske-centrum-cvicnych-firiem\/"]}]},{"@type":"BreadcrumbList","@id":"https:\/\/archiv.siov.sk\/cvicne-firmy\/slovenske-centrum-cvicnych-firiem\/#breadcrumb","itemListElement":[{"@type":"ListItem","position":1,"name":"Home","item":"https:\/\/archiv.siov.sk\/"},{"@type":"ListItem","position":2,"name":"SLOVENSK\u00c9 CENTRUM CVI\u010cN\u00ddCH FIRIEM","item":"https:\/\/archiv.siov.sk\/cvicne-firmy\/"},{"@type":"ListItem","position":3,"name":"Slovensk\u00e9 centrum cvi\u010dn\u00fdch firiem"}]},{"@type":"WebSite","@id":"https:\/\/archiv.siov.sk\/#website","url":"https:\/\/archiv.siov.sk\/","name":"\u0160IOV - \u0161t\u00e1tny in\u0161tit\u00fat odborn\u00e9ho vzdel\u00e1vania","description":"","publisher":{"@id":"https:\/\/archiv.siov.sk\/#organization"},"potentialAction":[{"@type":"SearchAction","target":{"@type":"EntryPoint","urlTemplate":"https:\/\/archiv.siov.sk\/?s={search_term_string}"},"query-input":{"@type":"PropertyValueSpecification","valueRequired":true,"valueName":"search_term_string"}}],"inLanguage":"en-GB"},{"@type":"Organization","@id":"https:\/\/archiv.siov.sk\/#organization","name":"\u0160IOV - \u0161t\u00e1tny in\u0161tit\u00fat odborn\u00e9ho vzdel\u00e1vania","url":"https:\/\/archiv.siov.sk\/","logo":{"@type":"ImageObject","inLanguage":"en-GB","@id":"https:\/\/archiv.siov.sk\/#\/schema\/logo\/image\/","url":"https:\/\/archiv.siov.sk\/wp-content\/uploads\/2024\/02\/logo-SIOV.png","contentUrl":"https:\/\/archiv.siov.sk\/wp-content\/uploads\/2024\/02\/logo-SIOV.png","width":431,"height":143,"caption":"\u0160IOV - \u0161t\u00e1tny in\u0161tit\u00fat odborn\u00e9ho vzdel\u00e1vania"},"image":{"@id":"https:\/\/archiv.siov.sk\/#\/schema\/logo\/image\/"},"sameAs":["https:\/\/www.facebook.com\/Statnyinstitutodbornehovzdelavania"]}]}},"_links":{"self":[{"href":"https:\/\/archiv.siov.sk\/en\/wp-json\/wp\/v2\/pages\/105","targetHints":{"allow":["GET"]}}],"collection":[{"href":"https:\/\/archiv.siov.sk\/en\/wp-json\/wp\/v2\/pages"}],"about":[{"href":"https:\/\/archiv.siov.sk\/en\/wp-json\/wp\/v2\/types\/page"}],"author":[{"embeddable":true,"href":"https:\/\/archiv.siov.sk\/en\/wp-json\/wp\/v2\/users\/1"}],"replies":[{"embeddable":true,"href":"https:\/\/archiv.siov.sk\/en\/wp-json\/wp\/v2\/comments?post=105"}],"version-history":[{"count":12,"href":"https:\/\/archiv.siov.sk\/en\/wp-json\/wp\/v2\/pages\/105\/revisions"}],"predecessor-version":[{"id":9254,"href":"https:\/\/archiv.siov.sk\/en\/wp-json\/wp\/v2\/pages\/105\/revisions\/9254"}],"up":[{"embeddable":true,"href":"https:\/\/archiv.siov.sk\/en\/wp-json\/wp\/v2\/pages\/103"}],"wp:attachment":[{"href":"https:\/\/archiv.siov.sk\/en\/wp-json\/wp\/v2\/media?parent=105"}],"curies":[{"name":"wp","href":"https:\/\/api.w.org\/{rel}","templated":true}]}}