{"id":1013,"date":"2019-02-05T11:47:43","date_gmt":"2019-02-05T10:47:43","guid":{"rendered":"http:\/\/archiv.siov.sk\/?page_id=1013"},"modified":"2026-01-20T15:41:05","modified_gmt":"2026-01-20T14:41:05","slug":"skupina-odborov-76","status":"publish","type":"page","link":"https:\/\/archiv.siov.sk\/en\/vzdelavanie\/odborne-vzdelavanie-a-priprava\/skupina-odborov-76\/","title":{"rendered":"Skupina odborov 76"},"content":{"rendered":"<div id=\"pl-1013\"  class=\"panel-layout\" >\n<div id=\"pg-1013-0\"  class=\"panel-grid panel-no-style\"  data-style=\"{&quot;background_image_attachment&quot;:false,&quot;background_display&quot;:&quot;tile&quot;,&quot;full_height&quot;:&quot;&quot;,&quot;cell_alignment&quot;:&quot;flex-start&quot;}\" >\n<div id=\"pgc-1013-0-0\"  class=\"panel-grid-cell\"  data-weight=\"1\" >\n<div id=\"panel-1013-0-0-0\" class=\"so-panel widget widget_custom_html panel-first-child\" data-index=\"0\" data-style=\"{&quot;background_image_attachment&quot;:false,&quot;background_display&quot;:&quot;tile&quot;,&quot;background_image_size&quot;:&quot;full&quot;,&quot;background_image_opacity&quot;:&quot;100&quot;,&quot;border_thickness&quot;:&quot;1px&quot;}\" >[siteorigin_widget class=&#8220;WP_Widget_Custom_HTML&#8220;]<input type=\"hidden\" value=\"{&quot;instance&quot;:{&quot;title&quot;:&quot;&quot;,&quot;content&quot;:&quot;&lt;a href=\\&quot;\\\/\\\/siov.sk\\\/vzdelavanie\\\/odborne-vzdelavanie-a-priprava\\\/\\&quot;&gt;&amp;larr; Nasp\u00e4\u0165 na skupiny odborov \u0160VP&lt;\\\/a&gt;&quot;,&quot;so_sidebar_emulator_id&quot;:&quot;custom_html-101310000&quot;,&quot;option_name&quot;:&quot;widget_custom_html&quot;},&quot;args&quot;:{&quot;before_widget&quot;:&quot;&lt;div id=\\&quot;panel-1013-0-0-0\\&quot; class=\\&quot;so-panel widget widget_custom_html panel-first-child\\&quot; data-index=\\&quot;0\\&quot; data-style=\\&quot;{&amp;quot;background_image_attachment&amp;quot;:false,&amp;quot;background_display&amp;quot;:&amp;quot;tile&amp;quot;,&amp;quot;background_image_size&amp;quot;:&amp;quot;full&amp;quot;,&amp;quot;background_image_opacity&amp;quot;:&amp;quot;100&amp;quot;,&amp;quot;border_thickness&amp;quot;:&amp;quot;1px&amp;quot;}\\&quot; &gt;&quot;,&quot;after_widget&quot;:&quot;&lt;\\\/div&gt;&quot;,&quot;before_title&quot;:&quot;&lt;h3 class=\\&quot;widget-title\\&quot;&gt;&quot;,&quot;after_title&quot;:&quot;&lt;\\\/h3&gt;&quot;,&quot;widget_id&quot;:&quot;widget-0-0-0&quot;}}\" \/>[\/siteorigin_widget]<\/div>\n<div id=\"panel-1013-0-0-1\" class=\"so-panel widget widget_sow-tabs panel-last-child\" data-index=\"1\" data-style=\"{&quot;background_image_attachment&quot;:false,&quot;background_display&quot;:&quot;tile&quot;,&quot;background_image_size&quot;:&quot;full&quot;,&quot;background_image_opacity&quot;:&quot;100&quot;,&quot;border_thickness&quot;:&quot;1px&quot;}\" >[siteorigin_widget class=&#8220;SiteOrigin_Widget_Tabs_Widget&#8220;]<input type=\"hidden\" value=\"{&quot;instance&quot;:{&quot;title&quot;:&quot;&quot;,&quot;tabs&quot;:[{&quot;title&quot;:&quot;\u0160VP&quot;,&quot;content_text&quot;:&quot;&lt;p&gt;&lt;b&gt;1. september 2013&lt;\\\/b&gt;&lt;\\\/p&gt;\\n&lt;p&gt;&lt;a href=\\&quot;http:\\\/\\\/siov.sk\\\/wp-content\\\/uploads\\\/2019\\\/02\\\/SVP_76_Ucitelstvo.pdf\\&quot; target=\\&quot;_blank\\&quot; rel=\\&quot;noopener\\&quot;&gt;&lt;strong&gt;\u0160t\u00e1tny vzdel\u00e1vac\u00ed program&lt;\\\/strong&gt;&lt;\\\/a&gt;&lt;\\\/p&gt;\\n&lt;p&gt;&lt;a href=\\&quot;https:\\\/\\\/siov.sk\\\/wp-content\\\/uploads\\\/2025\\\/05\\\/76_U.zip\\&quot; target=\\&quot;_blank\\&quot; rel=\\&quot;noopener\\&quot;&gt;&lt;strong&gt;Inovovan\u00fd \u0161t\u00e1tny vzdel\u00e1vac\u00ed program pre skupinu u\u010debn\u00fdch a \u0161tudijn\u00fdch odborov 76 U\u010dite\u013estvo&lt;\\\/strong&gt;&lt;\\\/a&gt;&lt;\\\/p&gt;\\n&quot;,&quot;content_text_selected_editor&quot;:&quot;tmce&quot;},{&quot;title&quot;:&quot;Dodatky&quot;,&quot;content_text&quot;:&quot;&lt;p&gt;Dodatok \u010d. 1&lt;\\\/p&gt;\\n&lt;p&gt;&lt;b&gt;1. september 2015&lt;\\\/b&gt;&lt;\\\/p&gt;\\n&lt;p&gt;&lt;a href=\\&quot;http:\\\/\\\/siov.sk\\\/wp-content\\\/uploads\\\/2019\\\/02\\\/Dodatok_1-k_SVP_76_Ucitelstvo.pdf\\&quot; target=\\&quot;_blank\\&quot; rel=\\&quot;noopener\\&quot;&gt;&lt;strong&gt;Dodatok \u010d. 1&lt;\\\/strong&gt;&lt;\\\/a&gt;&lt;\\\/p&gt;\\n&lt;p&gt;Aktualiz\u00e1cia \u0160VP pre \u0161tudijn\u00e9 odbory vychov\u00e1vate\u013esko-opatrovate\u013esk\u00e1 \u010dinnos\u0165, starostlivos\u0165 o seniorov v soci\u00e1lnych slu\u017eb\u00e1ch, doplnenie vstupn\u00fdch po\u017eiadaviek na \u0161t\u00fadium v \u0161tudijnom odbore u\u010dite\u013estvo pre matersk\u00e9 \u0161koly a vychov\u00e1vate\u013estvo \u2013 pomaturitn\u00e9 kvalifika\u010dn\u00e9 \u0161t\u00fadium&lt;\\\/p&gt;\\n&lt;hr \\\/&gt;\\n&lt;p&gt;Dodatok \u010d. 2&lt;\\\/p&gt;\\n&lt;p&gt;&lt;b&gt;1. september 2016&lt;\\\/b&gt;&lt;\\\/p&gt;\\n&lt;p&gt;&lt;a href=\\&quot;http:\\\/\\\/siov.sk\\\/wp-content\\\/uploads\\\/2019\\\/02\\\/Dodatok_2_k_SVP_76_Ucitelstvo.pdf\\&quot; target=\\&quot;_blank\\&quot; rel=\\&quot;noopener\\&quot;&gt;&lt;strong&gt;Dodatok \u010d. 2&lt;\\\/strong&gt;&lt;\\\/a&gt;&lt;\\\/p&gt;\\n&lt;p&gt;\u0160VP pre \u0161tudijn\u00fd odbor pedagogick\u00fd asistent&lt;\\\/p&gt;\\n&lt;hr \\\/&gt;\\n&lt;p&gt;Dodatok \u010d. 3&lt;\\\/p&gt;\\n&lt;p&gt;&lt;b&gt;1. september 2017&lt;\\\/b&gt;&lt;\\\/p&gt;\\n&lt;p&gt;&lt;a href=\\&quot;http:\\\/\\\/siov.sk\\\/wp-content\\\/uploads\\\/2019\\\/02\\\/Dodatok_3_k_SVP_76_Ucitelstvo.pdf\\&quot; target=\\&quot;_blank\\&quot; rel=\\&quot;noopener\\&quot;&gt;&lt;strong&gt;Dodatok \u010d. 3&lt;\\\/strong&gt;&lt;\\\/a&gt;&lt;\\\/p&gt;\\n&lt;p&gt;Aktualiz\u00e1cia obsahu \u0160VP v \u010dasti \u201eu\u010dite\u013estvo pre matersk\u00e9 \u0161koly a vychov\u00e1vate\u013estvo\u201c. Vypustenie povinn\u00e9ho predmetu cudz\u00ed jazyk v odbore pre v\u0161etky \u0161tudijn\u00e9 odbory pomaturitn\u00e9ho kvalifika\u010dn\u00e9ho \u0161t\u00fadia. Aktualiz\u00e1cia r\u00e1mcov\u00fdch u\u010debn\u00fdch pl\u00e1nov pre extern\u00fa formu \u0161t\u00fadia. Odstr\u00e1nenie Pr\u00edlohy 1 a Pr\u00edlohy 2 \u0161t\u00e1tneho vzdel\u00e1vacieho programu.&lt;\\\/p&gt;\\n&lt;hr \\\/&gt;\\n&lt;p&gt;Dodatok \u010d. 1&lt;\\\/p&gt;\\n&lt;p&gt;&lt;b&gt;1. september 2017&lt;\\\/b&gt;&lt;\\\/p&gt;\\n&lt;p&gt;&lt;a href=\\&quot;http:\\\/\\\/siov.sk\\\/wp-content\\\/uploads\\\/2019\\\/02\\\/\u0160VP_ON_pre_skupinu_76.pdf\\&quot; target=\\&quot;_blank\\&quot; rel=\\&quot;noopener\\&quot;&gt;&lt;strong&gt;Dodatok \u010d. 1&lt;\\\/strong&gt;&lt;\\\/a&gt;&lt;\\\/p&gt;\\n&lt;p&gt;Vzdel\u00e1vacie \u0161tandardy predmetu ob\u010dianska n\u00e1uka&lt;\\\/p&gt;\\n&lt;hr \\\/&gt;\\n&lt;p&gt;Dodatok \u010d. 4&lt;\\\/p&gt;\\n&lt;p&gt;&lt;strong&gt;1. september 2020&lt;\\\/strong&gt;&lt;\\\/p&gt;\\n&lt;p&gt;&lt;a href=\\&quot;http:\\\/\\\/siov.sk\\\/wp-content\\\/uploads\\\/2019\\\/02\\\/Dodatok_4_k_SVP_76.pdf\\&quot; target=\\&quot;_blank\\&quot; rel=\\&quot;noopener\\&quot;&gt;&lt;strong&gt;Dodatok \u010d. 4&lt;\\\/strong&gt;&lt;\\\/a&gt;&lt;\\\/p&gt;\\n&lt;p&gt;R\u00e1mcov\u00e9 u\u010debn\u00e9 pl\u00e1ny&lt;\\\/p&gt;\\n&lt;p&gt;&lt;strong&gt;Zmena \u00fa\u010dinnosti r\u00e1mcov\u00fdch u\u010debn\u00fdch pl\u00e1nov:&lt;\\\/strong&gt;&lt;\\\/p&gt;\\n&lt;p&gt;&lt;strong&gt;\u00a0&lt;\\\/strong&gt;&lt;strong&gt;Ministerstvo \u0161kolstva, vedy, v\u00fdskumu a\u00a0\u0161portu Slovenskej republiky rozhodnut\u00edm d\u0148a 8.\u00a0febru\u00e1ra 2021 pod \u010d\u00edslom 2021\\\/9630:4-A2220 &lt;u&gt;zru\u0161ilo \u00fa\u010dinnos\u0165 a platnos\u0165 dodatku \u010d. 4&lt;\\\/u&gt;\u00a0k\u00a0\u0161t\u00e1tnemu vzdel\u00e1vaciemu programu.&lt;\\\/strong&gt;&lt;\\\/p&gt;\\n&lt;hr \\\/&gt;\\n&lt;p&gt;Dodatok \u010d. 5&lt;\\\/p&gt;\\n&lt;p&gt;&lt;strong&gt;1. september 2022&lt;\\\/strong&gt;&lt;\\\/p&gt;\\n&lt;p&gt;&lt;a href=\\&quot;https:\\\/\\\/siov.sk\\\/wp-content\\\/uploads\\\/2022\\\/01\\\/Dodatok_c_5_k_SVP_76_Ucitelstvo.pdf\\&quot; target=\\&quot;_blank\\&quot; rel=\\&quot;noopener\\&quot;&gt;&lt;strong&gt;Dodatok \u010d. 5&lt;\\\/strong&gt;&lt;\\\/a&gt;&lt;\\\/p&gt;\\n&lt;hr \\\/&gt;\\n&lt;p&gt;Dodatok \u010d. 6&lt;\\\/p&gt;\\n&lt;p&gt;&lt;strong&gt;1. september 2023&lt;\\\/strong&gt;&lt;\\\/p&gt;\\n&lt;p&gt;&lt;a href=\\&quot;https:\\\/\\\/siov.sk\\\/wp-content\\\/uploads\\\/2023\\\/07\\\/Dodatok_c._6_k_-SVP_76.pdf\\&quot; target=\\&quot;_blank\\&quot; rel=\\&quot;noopener\\&quot;&gt;&lt;strong&gt;Dodatok \u010d. 6&lt;\\\/strong&gt;&lt;\\\/a&gt;&lt;\\\/p&gt;\\n&quot;,&quot;content_text_selected_editor&quot;:&quot;tmce&quot;},{&quot;title&quot;:&quot;Normat\u00edv&quot;,&quot;content_text&quot;:&quot;&lt;p&gt;&lt;a href=\\&quot;http:\\\/\\\/siov.sk\\\/wp-content\\\/uploads\\\/2019\\\/03\\\/7646_M_vychovavatelsko-opatrovatelska_cinnost.pdf\\&quot; target=\\&quot;_blank\\&quot; rel=\\&quot;noopener\\&quot;&gt;7646 M vychov\u00e1vate\u013esko-opatrovate\u013esk\u00e1 \u010dinnos\u0165&lt;\\\/a&gt;&lt;\\\/p&gt;\\n&lt;p&gt;&lt;a href=\\&quot;http:\\\/\\\/siov.sk\\\/wp-content\\\/uploads\\\/2019\\\/03\\\/7649_M_ucitelstvo_pre_materske_skoly_a_vychovavatelstvo.pdf\\&quot; target=\\&quot;_blank\\&quot; rel=\\&quot;noopener\\&quot;&gt;7649 M u\u010dite\u013estvo pre matersk\u00e9 \u0161koly a vychov\u00e1vate\u013estvo&lt;\\\/a&gt;&lt;\\\/p&gt;\\n&lt;p&gt;&lt;a href=\\&quot;http:\\\/\\\/siov.sk\\\/wp-content\\\/uploads\\\/2019\\\/03\\\/7661_M_N_socialno-vychovny_pracovnik.pdf\\&quot; target=\\&quot;_blank\\&quot; rel=\\&quot;noopener\\&quot;&gt;7661 M N soci\u00e1lno-v\u00fdchovn\u00fd pracovn\u00edk&lt;\\\/a&gt;&lt;\\\/p&gt;\\n&lt;p&gt;&lt;a href=\\&quot;http:\\\/\\\/siov.sk\\\/wp-content\\\/uploads\\\/2019\\\/03\\\/7662_M_animator_volneho_casu.pdf\\&quot; target=\\&quot;_blank\\&quot; rel=\\&quot;noopener\\&quot;&gt;7662 M anim\u00e1tor vo\u013en\u00e9ho \u010dasu&lt;\\\/a&gt;&lt;\\\/p&gt;\\n&lt;p&gt;&lt;a href=\\&quot;http:\\\/\\\/siov.sk\\\/wp-content\\\/uploads\\\/2019\\\/03\\\/7667_N_starostlivost_o_seniorov_v_socialnych_sluzbach.pdf\\&quot; target=\\&quot;_blank\\&quot; rel=\\&quot;noopener\\&quot;&gt;7667 N starostlivos\u0165 o seniorov v soci\u00e1lnych slu\u017eb\u00e1ch&lt;\\\/a&gt;&lt;\\\/p&gt;\\n&lt;p&gt;&lt;a href=\\&quot;http:\\\/\\\/siov.sk\\\/wp-content\\\/uploads\\\/2019\\\/03\\\/7670_M_pedagogicky_asistent.pdf\\&quot; target=\\&quot;_blank\\&quot; rel=\\&quot;noopener\\&quot;&gt;7670 M pedagogick\u00fd asistent&lt;\\\/a&gt;&lt;\\\/p&gt;\\n&lt;p&gt;&lt;a href=\\&quot;https:\\\/\\\/siov.sk\\\/wp-content\\\/uploads\\\/2023\\\/08\\\/N_7666_Q_starostlivost_v_socialnych_sluzbach_a_terenna_prax.pdf\\&quot; target=\\&quot;_blank\\&quot; rel=\\&quot;noopener\\&quot;&gt;7666 Q starostlivos\u0165 v soci\u00e1lnych slu\u017eb\u00e1ch a ter\u00e9nna prax&lt;\\\/a&gt;&lt;\\\/p&gt;\\n&lt;p&gt;&lt;a href=\\&quot;https:\\\/\\\/siov.sk\\\/wp-content\\\/uploads\\\/2026\\\/01\\\/N_7691_N-_majster_odbornej_vychovy_majsterka_odbornej_vychovy.pdf\\&quot; target=\\&quot;_blank\\&quot; rel=\\&quot;noopener\\&quot;&gt;7691 N majster odbornej v\u00fdchovy, majsterka odbornej v\u00fdchovy&lt;\\\/a&gt;&lt;\\\/p&gt;\\n&quot;,&quot;content_text_selected_editor&quot;:&quot;tmce&quot;}],&quot;initial_tab_position&quot;:1,&quot;design&quot;:{&quot;tabs_container&quot;:{&quot;background_color&quot;:&quot;#587bb8&quot;,&quot;border_color&quot;:&quot;&quot;,&quot;border_width&quot;:&quot;&quot;,&quot;border_width_unit&quot;:&quot;px&quot;,&quot;so_field_container_state&quot;:&quot;closed&quot;},&quot;tabs&quot;:{&quot;background_color&quot;:&quot;#f6f8f9&quot;,&quot;background_hover_color&quot;:&quot;#ffffff&quot;,&quot;title_color&quot;:&quot;#2e5aa6&quot;,&quot;title_hover_color&quot;:&quot;#3dbbed&quot;,&quot;border_color&quot;:&quot;#828282&quot;,&quot;border_hover_color&quot;:&quot;#F9F9F9&quot;,&quot;border_width&quot;:&quot;&quot;,&quot;border_width_unit&quot;:&quot;px&quot;,&quot;border_hover_width&quot;:&quot;&quot;,&quot;border_hover_width_unit&quot;:&quot;px&quot;,&quot;so_field_container_state&quot;:&quot;closed&quot;},&quot;panels&quot;:{&quot;background_color&quot;:&quot;#f9f9f9&quot;,&quot;font_color&quot;:&quot;&quot;,&quot;border_color&quot;:&quot;&quot;,&quot;border_width&quot;:&quot;&quot;,&quot;border_width_unit&quot;:&quot;px&quot;,&quot;so_field_container_state&quot;:&quot;open&quot;},&quot;so_field_container_state&quot;:&quot;open&quot;},&quot;_sow_form_id&quot;:&quot;9953951155c4edfe4a1b26811337721&quot;,&quot;_sow_form_timestamp&quot;:1768920065221,&quot;so_sidebar_emulator_id&quot;:&quot;sow-tabs-101310001&quot;,&quot;option_name&quot;:&quot;widget_sow-tabs&quot;},&quot;args&quot;:{&quot;before_widget&quot;:&quot;&lt;div id=\\&quot;panel-1013-0-0-1\\&quot; class=\\&quot;so-panel widget widget_sow-tabs panel-last-child\\&quot; data-index=\\&quot;1\\&quot; data-style=\\&quot;{&amp;quot;background_image_attachment&amp;quot;:false,&amp;quot;background_display&amp;quot;:&amp;quot;tile&amp;quot;,&amp;quot;background_image_size&amp;quot;:&amp;quot;full&amp;quot;,&amp;quot;background_image_opacity&amp;quot;:&amp;quot;100&amp;quot;,&amp;quot;border_thickness&amp;quot;:&amp;quot;1px&amp;quot;}\\&quot; &gt;&quot;,&quot;after_widget&quot;:&quot;&lt;\\\/div&gt;&quot;,&quot;before_title&quot;:&quot;&lt;h3 class=\\&quot;widget-title\\&quot;&gt;&quot;,&quot;after_title&quot;:&quot;&lt;\\\/h3&gt;&quot;,&quot;widget_id&quot;:&quot;widget-0-0-1&quot;}}\" \/>[\/siteorigin_widget]<\/div>\n<\/div>\n<\/div>\n<\/div>\n<style type=\"text\/css\" class=\"panels-style\" data-panels-style-for-post=\"1013\">@import url(https:\/\/archiv.siov.sk\/wp-content\/plugins\/siteorigin-panels\/css\/front-flex.min.css); #pgc-1013-0-0 { width:100%;width:calc(100% - ( 0 * 30px ) ) } #pl-1013 .so-panel { margin-bottom:30px } #pl-1013 .so-panel:last-of-type { margin-bottom:0px } #pg-1013-0.panel-has-style > .panel-row-style, #pg-1013-0.panel-no-style { -webkit-align-items:flex-start;align-items:flex-start } @media (max-width:780px){ #pg-1013-0.panel-no-style, #pg-1013-0.panel-has-style > .panel-row-style, #pg-1013-0 { -webkit-flex-direction:column;-ms-flex-direction:column;flex-direction:column } #pg-1013-0 > .panel-grid-cell , #pg-1013-0 > .panel-row-style > .panel-grid-cell { width:100%;margin-right:0 } #pl-1013 .panel-grid-cell { padding:0 } #pl-1013 .panel-grid .panel-grid-cell-empty { display:none } #pl-1013 .panel-grid .panel-grid-cell-mobile-last { margin-bottom:0px }  } <\/style>\n","protected":false},"excerpt":{"rendered":"<p>[siteorigin_widget class=&#8220;WP_Widget_Custom_HTML&#8220;][\/siteorigin_widget] [siteorigin_widget class=&#8220;SiteOrigin_Widget_Tabs_Widget&#8220;][\/siteorigin_widget]<\/p>\n","protected":false},"author":1,"featured_media":0,"parent":18,"menu_order":0,"comment_status":"closed","ping_status":"closed","template":"","meta":{"site-sidebar-layout":"default","site-content-layout":"default","ast-site-content-layout":"default","site-content-style":"default","site-sidebar-style":"default","ast-global-header-display":"","ast-banner-title-visibility":"","ast-main-header-display":"","ast-hfb-above-header-display":"","ast-hfb-below-header-display":"","ast-hfb-mobile-header-display":"","site-post-title":"","ast-breadcrumbs-content":"","ast-featured-img":"","footer-sml-layout":"","ast-disable-related-posts":"","theme-transparent-header-meta":"default","adv-header-id-meta":"","stick-header-meta":"default","header-above-stick-meta":"","header-main-stick-meta":"","header-below-stick-meta":"","astra-migrate-meta-layouts":"set","ast-page-background-enabled":"default","ast-page-background-meta":{"desktop":{"background-color":"var(--ast-global-color-4)","background-image":"","background-repeat":"repeat","background-position":"center center","background-size":"auto","background-attachment":"scroll","background-type":"","background-media":"","overlay-type":"","overlay-color":"","overlay-opacity":"","overlay-gradient":""},"tablet":{"background-color":"","background-image":"","background-repeat":"repeat","background-position":"center center","background-size":"auto","background-attachment":"scroll","background-type":"","background-media":"","overlay-type":"","overlay-color":"","overlay-opacity":"","overlay-gradient":""},"mobile":{"background-color":"","background-image":"","background-repeat":"repeat","background-position":"center center","background-size":"auto","background-attachment":"scroll","background-type":"","background-media":"","overlay-type":"","overlay-color":"","overlay-opacity":"","overlay-gradient":""}},"ast-content-background-meta":{"desktop":{"background-color":"var(--ast-global-color-5)","background-image":"","background-repeat":"repeat","background-position":"center center","background-size":"auto","background-attachment":"scroll","background-type":"","background-media":"","overlay-type":"","overlay-color":"","overlay-opacity":"","overlay-gradient":""},"tablet":{"background-color":"var(--ast-global-color-5)","background-image":"","background-repeat":"repeat","background-position":"center center","background-size":"auto","background-attachment":"scroll","background-type":"","background-media":"","overlay-type":"","overlay-color":"","overlay-opacity":"","overlay-gradient":""},"mobile":{"background-color":"var(--ast-global-color-5)","background-image":"","background-repeat":"repeat","background-position":"center center","background-size":"auto","background-attachment":"scroll","background-type":"","background-media":"","overlay-type":"","overlay-color":"","overlay-opacity":"","overlay-gradient":""}},"footnotes":""},"class_list":["post-1013","page","type-page","status-publish","hentry"],"yoast_head":"<!-- This site is optimized with the Yoast SEO plugin v27.4 - https:\/\/yoast.com\/product\/yoast-seo-wordpress\/ -->\n<title>Skupina odborov 76 - \u0160IOV - \u0161t\u00e1tny in\u0161tit\u00fat odborn\u00e9ho vzdel\u00e1vania<\/title>\n<meta name=\"robots\" content=\"index, follow, max-snippet:-1, max-image-preview:large, max-video-preview:-1\" \/>\n<link rel=\"canonical\" href=\"https:\/\/archiv.siov.sk\/en\/vzdelavanie\/odborne-vzdelavanie-a-priprava\/skupina-odborov-76\/\" \/>\n<meta property=\"og:locale\" content=\"en_GB\" \/>\n<meta property=\"og:type\" content=\"article\" \/>\n<meta property=\"og:title\" content=\"Skupina odborov 76 - \u0160IOV - \u0161t\u00e1tny in\u0161tit\u00fat odborn\u00e9ho vzdel\u00e1vania\" \/>\n<meta property=\"og:description\" content=\"[siteorigin_widget class=&#8220;WP_Widget_Custom_HTML&#8220;][\/siteorigin_widget] [siteorigin_widget class=&#8220;SiteOrigin_Widget_Tabs_Widget&#8220;][\/siteorigin_widget]\" \/>\n<meta property=\"og:url\" content=\"https:\/\/archiv.siov.sk\/en\/vzdelavanie\/odborne-vzdelavanie-a-priprava\/skupina-odborov-76\/\" \/>\n<meta property=\"og:site_name\" content=\"\u0160IOV - \u0161t\u00e1tny in\u0161tit\u00fat odborn\u00e9ho vzdel\u00e1vania\" \/>\n<meta property=\"article:publisher\" content=\"https:\/\/www.facebook.com\/Statnyinstitutodbornehovzdelavania\" \/>\n<meta property=\"article:modified_time\" content=\"2026-01-20T14:41:05+00:00\" \/>\n<meta name=\"twitter:card\" content=\"summary_large_image\" \/>\n<meta name=\"twitter:label1\" content=\"Estimated reading time\" \/>\n\t<meta name=\"twitter:data1\" content=\"2 minutes\" \/>\n<script type=\"application\/ld+json\" class=\"yoast-schema-graph\">{\"@context\":\"https:\\\/\\\/schema.org\",\"@graph\":[{\"@type\":\"WebPage\",\"@id\":\"https:\\\/\\\/archiv.siov.sk\\\/vzdelavanie\\\/odborne-vzdelavanie-a-priprava\\\/skupina-odborov-76\\\/\",\"url\":\"https:\\\/\\\/archiv.siov.sk\\\/vzdelavanie\\\/odborne-vzdelavanie-a-priprava\\\/skupina-odborov-76\\\/\",\"name\":\"Skupina odborov 76 - \u0160IOV - \u0161t\u00e1tny in\u0161tit\u00fat odborn\u00e9ho vzdel\u00e1vania\",\"isPartOf\":{\"@id\":\"https:\\\/\\\/archiv.siov.sk\\\/#website\"},\"datePublished\":\"2019-02-05T10:47:43+00:00\",\"dateModified\":\"2026-01-20T14:41:05+00:00\",\"breadcrumb\":{\"@id\":\"https:\\\/\\\/archiv.siov.sk\\\/vzdelavanie\\\/odborne-vzdelavanie-a-priprava\\\/skupina-odborov-76\\\/#breadcrumb\"},\"inLanguage\":\"en-GB\",\"potentialAction\":[{\"@type\":\"ReadAction\",\"target\":[\"https:\\\/\\\/archiv.siov.sk\\\/vzdelavanie\\\/odborne-vzdelavanie-a-priprava\\\/skupina-odborov-76\\\/\"]}]},{\"@type\":\"BreadcrumbList\",\"@id\":\"https:\\\/\\\/archiv.siov.sk\\\/vzdelavanie\\\/odborne-vzdelavanie-a-priprava\\\/skupina-odborov-76\\\/#breadcrumb\",\"itemListElement\":[{\"@type\":\"ListItem\",\"position\":1,\"name\":\"Home\",\"item\":\"https:\\\/\\\/archiv.siov.sk\\\/\"},{\"@type\":\"ListItem\",\"position\":2,\"name\":\"Vzdel\u00e1vanie\",\"item\":\"https:\\\/\\\/archiv.siov.sk\\\/vzdelavanie\\\/\"},{\"@type\":\"ListItem\",\"position\":3,\"name\":\"Odborn\u00e9 vzdel\u00e1vanie a pr\u00edprava\",\"item\":\"https:\\\/\\\/archiv.siov.sk\\\/en\\\/vzdelavanie\\\/odborne-vzdelavanie-a-priprava\\\/\"},{\"@type\":\"ListItem\",\"position\":4,\"name\":\"Skupina odborov 76\"}]},{\"@type\":\"WebSite\",\"@id\":\"https:\\\/\\\/archiv.siov.sk\\\/#website\",\"url\":\"https:\\\/\\\/archiv.siov.sk\\\/\",\"name\":\"\u0160IOV - \u0161t\u00e1tny in\u0161tit\u00fat odborn\u00e9ho vzdel\u00e1vania\",\"description\":\"\",\"publisher\":{\"@id\":\"https:\\\/\\\/archiv.siov.sk\\\/#organization\"},\"potentialAction\":[{\"@type\":\"SearchAction\",\"target\":{\"@type\":\"EntryPoint\",\"urlTemplate\":\"https:\\\/\\\/archiv.siov.sk\\\/?s={search_term_string}\"},\"query-input\":{\"@type\":\"PropertyValueSpecification\",\"valueRequired\":true,\"valueName\":\"search_term_string\"}}],\"inLanguage\":\"en-GB\"},{\"@type\":\"Organization\",\"@id\":\"https:\\\/\\\/archiv.siov.sk\\\/#organization\",\"name\":\"\u0160IOV - \u0161t\u00e1tny in\u0161tit\u00fat odborn\u00e9ho vzdel\u00e1vania\",\"url\":\"https:\\\/\\\/archiv.siov.sk\\\/\",\"logo\":{\"@type\":\"ImageObject\",\"inLanguage\":\"en-GB\",\"@id\":\"https:\\\/\\\/archiv.siov.sk\\\/#\\\/schema\\\/logo\\\/image\\\/\",\"url\":\"https:\\\/\\\/archiv.siov.sk\\\/wp-content\\\/uploads\\\/2024\\\/02\\\/logo-SIOV.png\",\"contentUrl\":\"https:\\\/\\\/archiv.siov.sk\\\/wp-content\\\/uploads\\\/2024\\\/02\\\/logo-SIOV.png\",\"width\":431,\"height\":143,\"caption\":\"\u0160IOV - \u0161t\u00e1tny in\u0161tit\u00fat odborn\u00e9ho vzdel\u00e1vania\"},\"image\":{\"@id\":\"https:\\\/\\\/archiv.siov.sk\\\/#\\\/schema\\\/logo\\\/image\\\/\"},\"sameAs\":[\"https:\\\/\\\/www.facebook.com\\\/Statnyinstitutodbornehovzdelavania\"]}]}<\/script>\n<!-- \/ Yoast SEO plugin. -->","yoast_head_json":{"title":"Skupina odborov 76 - \u0160IOV - \u0161t\u00e1tny in\u0161tit\u00fat odborn\u00e9ho vzdel\u00e1vania","robots":{"index":"index","follow":"follow","max-snippet":"max-snippet:-1","max-image-preview":"max-image-preview:large","max-video-preview":"max-video-preview:-1"},"canonical":"https:\/\/archiv.siov.sk\/en\/vzdelavanie\/odborne-vzdelavanie-a-priprava\/skupina-odborov-76\/","og_locale":"en_GB","og_type":"article","og_title":"Skupina odborov 76 - \u0160IOV - \u0161t\u00e1tny in\u0161tit\u00fat odborn\u00e9ho vzdel\u00e1vania","og_description":"[siteorigin_widget class=&#8220;WP_Widget_Custom_HTML&#8220;][\/siteorigin_widget] [siteorigin_widget class=&#8220;SiteOrigin_Widget_Tabs_Widget&#8220;][\/siteorigin_widget]","og_url":"https:\/\/archiv.siov.sk\/en\/vzdelavanie\/odborne-vzdelavanie-a-priprava\/skupina-odborov-76\/","og_site_name":"\u0160IOV - \u0161t\u00e1tny in\u0161tit\u00fat odborn\u00e9ho vzdel\u00e1vania","article_publisher":"https:\/\/www.facebook.com\/Statnyinstitutodbornehovzdelavania","article_modified_time":"2026-01-20T14:41:05+00:00","twitter_card":"summary_large_image","twitter_misc":{"Estimated reading time":"2 minutes"},"schema":{"@context":"https:\/\/schema.org","@graph":[{"@type":"WebPage","@id":"https:\/\/archiv.siov.sk\/vzdelavanie\/odborne-vzdelavanie-a-priprava\/skupina-odborov-76\/","url":"https:\/\/archiv.siov.sk\/vzdelavanie\/odborne-vzdelavanie-a-priprava\/skupina-odborov-76\/","name":"Skupina odborov 76 - \u0160IOV - \u0161t\u00e1tny in\u0161tit\u00fat odborn\u00e9ho vzdel\u00e1vania","isPartOf":{"@id":"https:\/\/archiv.siov.sk\/#website"},"datePublished":"2019-02-05T10:47:43+00:00","dateModified":"2026-01-20T14:41:05+00:00","breadcrumb":{"@id":"https:\/\/archiv.siov.sk\/vzdelavanie\/odborne-vzdelavanie-a-priprava\/skupina-odborov-76\/#breadcrumb"},"inLanguage":"en-GB","potentialAction":[{"@type":"ReadAction","target":["https:\/\/archiv.siov.sk\/vzdelavanie\/odborne-vzdelavanie-a-priprava\/skupina-odborov-76\/"]}]},{"@type":"BreadcrumbList","@id":"https:\/\/archiv.siov.sk\/vzdelavanie\/odborne-vzdelavanie-a-priprava\/skupina-odborov-76\/#breadcrumb","itemListElement":[{"@type":"ListItem","position":1,"name":"Home","item":"https:\/\/archiv.siov.sk\/"},{"@type":"ListItem","position":2,"name":"Vzdel\u00e1vanie","item":"https:\/\/archiv.siov.sk\/vzdelavanie\/"},{"@type":"ListItem","position":3,"name":"Odborn\u00e9 vzdel\u00e1vanie a pr\u00edprava","item":"https:\/\/archiv.siov.sk\/en\/vzdelavanie\/odborne-vzdelavanie-a-priprava\/"},{"@type":"ListItem","position":4,"name":"Skupina odborov 76"}]},{"@type":"WebSite","@id":"https:\/\/archiv.siov.sk\/#website","url":"https:\/\/archiv.siov.sk\/","name":"\u0160IOV - \u0161t\u00e1tny in\u0161tit\u00fat odborn\u00e9ho vzdel\u00e1vania","description":"","publisher":{"@id":"https:\/\/archiv.siov.sk\/#organization"},"potentialAction":[{"@type":"SearchAction","target":{"@type":"EntryPoint","urlTemplate":"https:\/\/archiv.siov.sk\/?s={search_term_string}"},"query-input":{"@type":"PropertyValueSpecification","valueRequired":true,"valueName":"search_term_string"}}],"inLanguage":"en-GB"},{"@type":"Organization","@id":"https:\/\/archiv.siov.sk\/#organization","name":"\u0160IOV - \u0161t\u00e1tny in\u0161tit\u00fat odborn\u00e9ho vzdel\u00e1vania","url":"https:\/\/archiv.siov.sk\/","logo":{"@type":"ImageObject","inLanguage":"en-GB","@id":"https:\/\/archiv.siov.sk\/#\/schema\/logo\/image\/","url":"https:\/\/archiv.siov.sk\/wp-content\/uploads\/2024\/02\/logo-SIOV.png","contentUrl":"https:\/\/archiv.siov.sk\/wp-content\/uploads\/2024\/02\/logo-SIOV.png","width":431,"height":143,"caption":"\u0160IOV - \u0161t\u00e1tny in\u0161tit\u00fat odborn\u00e9ho vzdel\u00e1vania"},"image":{"@id":"https:\/\/archiv.siov.sk\/#\/schema\/logo\/image\/"},"sameAs":["https:\/\/www.facebook.com\/Statnyinstitutodbornehovzdelavania"]}]}},"_links":{"self":[{"href":"https:\/\/archiv.siov.sk\/en\/wp-json\/wp\/v2\/pages\/1013","targetHints":{"allow":["GET"]}}],"collection":[{"href":"https:\/\/archiv.siov.sk\/en\/wp-json\/wp\/v2\/pages"}],"about":[{"href":"https:\/\/archiv.siov.sk\/en\/wp-json\/wp\/v2\/types\/page"}],"author":[{"embeddable":true,"href":"https:\/\/archiv.siov.sk\/en\/wp-json\/wp\/v2\/users\/1"}],"replies":[{"embeddable":true,"href":"https:\/\/archiv.siov.sk\/en\/wp-json\/wp\/v2\/comments?post=1013"}],"version-history":[{"count":41,"href":"https:\/\/archiv.siov.sk\/en\/wp-json\/wp\/v2\/pages\/1013\/revisions"}],"predecessor-version":[{"id":22276,"href":"https:\/\/archiv.siov.sk\/en\/wp-json\/wp\/v2\/pages\/1013\/revisions\/22276"}],"up":[{"embeddable":true,"href":"https:\/\/archiv.siov.sk\/en\/wp-json\/wp\/v2\/pages\/18"}],"wp:attachment":[{"href":"https:\/\/archiv.siov.sk\/en\/wp-json\/wp\/v2\/media?parent=1013"}],"curies":[{"name":"wp","href":"https:\/\/api.w.org\/{rel}","templated":true}]}}