{"id":1001,"date":"2019-02-05T11:45:45","date_gmt":"2019-02-05T10:45:45","guid":{"rendered":"http:\/\/archiv.siov.sk\/?page_id=1001"},"modified":"2019-02-25T08:58:43","modified_gmt":"2019-02-25T07:58:43","slug":"skupina-odborov-62","status":"publish","type":"page","link":"https:\/\/archiv.siov.sk\/en\/vzdelavanie\/odborne-vzdelavanie-a-priprava\/skupina-odborov-62\/","title":{"rendered":"Skupina odborov 62"},"content":{"rendered":"<div id=\"pl-1001\"  class=\"panel-layout\" >\n<div id=\"pg-1001-0\"  class=\"panel-grid panel-no-style\"  data-style=\"{&quot;background_image_attachment&quot;:false,&quot;background_display&quot;:&quot;tile&quot;,&quot;cell_alignment&quot;:&quot;flex-start&quot;}\"  data-ratio=\"1\"  data-ratio-direction=\"right\" >\n<div id=\"pgc-1001-0-0\"  class=\"panel-grid-cell\"  data-weight=\"1\" >\n<div id=\"panel-1001-0-0-0\" class=\"so-panel widget widget_sow-tabs panel-first-child panel-last-child\" data-index=\"0\" data-style=\"{&quot;background_image_attachment&quot;:false,&quot;background_display&quot;:&quot;tile&quot;}\" >[siteorigin_widget class=&#8220;SiteOrigin_Widget_Tabs_Widget&#8220;]<input type=\"hidden\" value=\"{&quot;instance&quot;:{&quot;title&quot;:&quot;&quot;,&quot;tabs&quot;:[{&quot;title&quot;:&quot;62 - \\u0160VP&quot;,&quot;content_text&quot;:&quot;&lt;p&gt;&lt;a href=\\&quot;http:\\\/\\\/siov.sk\\\/wp-content\\\/uploads\\\/2019\\\/02\\\/SVP_62_Ekonomicke_vedy_63-64_Ekonomika_a_organizacia_obchod_a_sluzby.pdf\\&quot; target=\\&quot;_blank\\&quot; rel=\\&quot;noopener\\&quot;&gt;&lt;strong&gt;\\u0160t\\u00e1tny vzdel\\u00e1vac\\u00ed program pre skupinu u\\u010debn\\u00fdch a \\u0161tudijn\\u00fdch odborov 62 Ekonomick\\u00e9 vedy, 63, 64 Ekonomika a organiz\\u00e1cia, obchod a slu\\u017eby I, II&lt;\\\/strong&gt;&lt;\\\/a&gt;&lt;\\\/p&gt;\\n&lt;p&gt;Rie\\u0161ite\\u013e: \\u0160t\\u00e1tny in\\u0161tit\\u00fat odborn\\u00e9ho vzdel\\u00e1vania&lt;br \\\/&gt;\\n3. revidovan\\u00e9 vydanie&lt;\\\/p&gt;\\n&quot;,&quot;content_text_selected_editor&quot;:&quot;tmce&quot;},{&quot;title&quot;:&quot;62 - Dodatky \\\/ VUP \\\/ VUO&quot;,&quot;content_text&quot;:&quot;&lt;p&gt;Dodatok \\u010d. 1&lt;\\\/p&gt;\\n&lt;p&gt;Skupina 62&lt;\\\/p&gt;\\n&lt;p&gt;&lt;b&gt;1. september 2016 \\u00b7 Ministerstvo \\u0161kolstva, vedy, v\\u00fdskumu a \\u0161portu Slovenskej republiky&lt;\\\/b&gt;&lt;\\\/p&gt;\\n&lt;p&gt;&lt;a href=\\&quot;http:\\\/\\\/siov.sk\\\/wp-content\\\/uploads\\\/2019\\\/02\\\/Dodatok_1-k_SVP_62_Ekonomicke_vedy_63-64_Ekonomika_a_organizacia_obchod_a_sluzby.pdf\\&quot; target=\\&quot;_blank\\&quot; rel=\\&quot;noopener\\&quot;&gt;&lt;strong&gt;Dodatok \\u010d. 1, ktor\\u00fdm sa men\\u00ed \\u0160t\\u00e1tny vzdel\\u00e1vac\\u00ed program pre odborn\\u00e9 vzdel\\u00e1vanie a pr\\u00edpravu pre skupinu \\u0161tudijn\\u00fdch a u\\u010debn\\u00fdch odborov 62 Ekonomick\\u00e9 vedy, 63,64 Ekonomika a organiz\\u00e1cia, obchod a slu\\u017eby&lt;\\\/strong&gt;&lt;\\\/a&gt;&lt;\\\/p&gt;\\n&lt;p&gt;Charakteristika skupiny odborov vzdel\\u00e1vania, Profil absolventa, RUP, Vzdel\\u00e1vacie oblasti pre ni\\u017e\\u0161ie stredn\\u00e9 odborn\\u00e9 vzdelanie&lt;\\\/p&gt;\\n&lt;p&gt;&amp;nbsp;&lt;\\\/p&gt;\\n&lt;p&gt;Dodatok \\u010d. 2&lt;\\\/p&gt;\\n&lt;p&gt;Skupina 62&lt;\\\/p&gt;\\n&lt;p&gt;&lt;b&gt;1. september 2016 \\u00b7 Ministerstvo \\u0161kolstva, vedy, v\\u00fdskumu a \\u0161portu Slovenskej republiky&lt;\\\/b&gt;&lt;\\\/p&gt;\\n&lt;p&gt;&lt;a href=\\&quot;http:\\\/\\\/siov.sk\\\/wp-content\\\/uploads\\\/2019\\\/02\\\/Dodatok_2_k_SVP_62_Ekonomicke_vedy_63-64_Ekonomika_a_organizacia_obchod_a_sluzby.pdf\\&quot; target=\\&quot;_blank\\&quot; rel=\\&quot;noopener\\&quot;&gt;&lt;strong&gt;Dodatok \\u010d. 2, ktor\\u00fdm sa men\\u00ed \\u0160t\\u00e1tny vzdel\\u00e1vac\\u00ed program pre odborn\\u00e9 vzdel\\u00e1vanie a pr\\u00edpravu pre skupinu \\u0161tudijn\\u00fdch a u\\u010debn\\u00fdch odborov 62 Ekonomick\\u00e9 vedy, 63,64 Ekonomika a organiz\\u00e1cia, obchod a slu\\u017eby&lt;\\\/strong&gt;&lt;\\\/a&gt;&lt;\\\/p&gt;\\n&lt;p&gt;VUP a VUO \\u010da\\u0161n\\u00edk, serv\\u00edrka, hostinsk\\u00fd, hostinsk\\u00e1, pracovn\\u00edk marketingu, obchodn\\u00fd pracovn\\u00edk, kuch\\u00e1r&lt;\\\/p&gt;\\n&lt;p&gt;&amp;nbsp;&lt;\\\/p&gt;\\n&lt;p&gt;Dodatok \\u010d. 3&lt;\\\/p&gt;\\n&lt;p&gt;Skupina 62&lt;\\\/p&gt;\\n&lt;p&gt;&lt;b&gt;1. september 2016 \\u00b7 Ministerstvo \\u0161kolstva, vedy, v\\u00fdskumu a \\u0161portu Slovenskej republiky&lt;\\\/b&gt;&lt;\\\/p&gt;\\n&lt;p&gt;&lt;a href=\\&quot;http:\\\/\\\/siov.sk\\\/wp-content\\\/uploads\\\/2019\\\/02\\\/Dodatok_3_k_SVP_62_Ekonomicke_vedy_63-64_Ekonomika_a_organizacia_obchod_a_sluzby.pdf\\&quot; target=\\&quot;_blank\\&quot; rel=\\&quot;noopener\\&quot;&gt;&lt;strong&gt;Dodatok \\u010d. 3, ktor\\u00fdm sa men\\u00ed \\u0160t\\u00e1tny vzdel\\u00e1vac\\u00ed program pre odborn\\u00e9 vzdel\\u00e1vanie a pr\\u00edpravu pre skupinu \\u0161tudijn\\u00fdch a u\\u010debn\\u00fdch odborov 62 Ekonomick\\u00e9 vedy, 63,64 Ekonomika a organiz\\u00e1cia, obchod a slu\\u017eby&lt;\\\/strong&gt;&lt;\\\/a&gt;&lt;\\\/p&gt;\\n&lt;p&gt;VUP a VUO \\u010da\\u0161n\\u00edk - serv\\u00edrka, hostinsk\\u00fd, hostinsk\\u00e1, kuch\\u00e1r, kadern\\u00edk, predava\\u010d; skr\\u00e1ten\\u00e9 \\u0161t\\u00fadium v 1- a 2- ro\\u010dnom vzdel\\u00e1vacom programe&lt;\\\/p&gt;\\n&lt;p&gt;&amp;nbsp;&lt;\\\/p&gt;\\n&lt;p&gt;Dodatok \\u010d. 4&lt;\\\/p&gt;\\n&lt;p&gt;Skupina 62&lt;\\\/p&gt;\\n&lt;p&gt;&lt;a href=\\&quot;http:\\\/\\\/siov.sk\\\/wp-content\\\/uploads\\\/2019\\\/02\\\/Dodatok_4_k_SVP_62_63_64_Ekonomicke_vedy_Ekonomika_a_organizacia_obchod_a_sluzby.pdf\\&quot; target=\\&quot;_blank\\&quot; rel=\\&quot;noopener\\&quot;&gt;&lt;strong&gt;Dodatok \\u010d. 4, ktor\\u00fdm sa men\\u00ed \\u0160t\\u00e1tny vzdel\\u00e1vac\\u00ed program pre odborn\\u00e9 vzdel\\u00e1vanie a pr\\u00edpravu pre skupinu \\u0161tudijn\\u00fdch a u\\u010debn\\u00fdch odborov 62 Ekonomick\\u00e9 vedy, 63,64 Ekonomika a organiz\\u00e1cia, obchod a slu\\u017eby&lt;\\\/strong&gt;&lt;\\\/a&gt;&lt;\\\/p&gt;\\n&lt;p&gt;Vlo\\u017eenie \\u0161pecifick\\u00fdch vzdel\\u00e1vac\\u00edch \\u0161tandardov pre \\u0161tudijn\\u00fd odbor kadern\\u00edk \\u2013 viz\\u00e1\\u017eista. VUP a VUO pre \\u0161tudijn\\u00e9 odbory 6445 K kuch\\u00e1r, 6444 K \\u010da\\u0161n\\u00edk, serv\\u00edrka&lt;\\\/p&gt;\\n&lt;p&gt;&amp;nbsp;&lt;\\\/p&gt;\\n&lt;p&gt;Dodatok \\u010d. 5&lt;\\\/p&gt;\\n&lt;p&gt;Skupina 62&lt;\\\/p&gt;\\n&lt;p&gt;&lt;strong&gt;1. september 2018 \\u00b7 Ministerstvo \\u0161kolstva, vedy, v\\u00fdskumu a \\u0161portu Slovenskej republiky&lt;\\\/strong&gt;&lt;\\\/p&gt;\\n&lt;p&gt;&lt;a href=\\&quot;http:\\\/\\\/siov.sk\\\/wp-content\\\/uploads\\\/2019\\\/02\\\/Dodatok_5_SVP_62_Ekonomicke_vedy_63_64_Ekonomika_a_organizacia_obchod_a_sluzby_I_II-1.pdf\\&quot; target=\\&quot;_blank\\&quot; rel=\\&quot;noopener\\&quot;&gt;&lt;strong&gt;Dodatok \\u010d. 5, ktor\\u00fdm sa men\\u00ed \\u0160t\\u00e1tny vzdel\\u00e1vac\\u00ed program pre odborn\\u00e9 vzdel\\u00e1vanie a pr\\u00edpravu pre skupinu \\u0161tudijn\\u00fdch a u\\u010debn\\u00fdch odborov 62 Ekonomick\\u00e9 vedy, 63,64 Ekonomika a organiz\\u00e1cia, obchod a slu\\u017eby&lt;\\\/strong&gt;&lt;\\\/a&gt;&lt;\\\/p&gt;\\n&lt;p&gt;Aktualiz\\u00e1cia r\\u00e1mcov\\u00fdch u\\u010debn\\u00fdch pl\\u00e1nov pre 2-ro\\u010dn\\u00e9 nadstavbov\\u00e9 \\u0161tudijn\\u00e9 odbory. Vlo\\u017eenie vzorov\\u00e9ho u\\u010debn\\u00e9ho pl\\u00e1nu a vzorov\\u00fdch u\\u010debn\\u00fdch osnov u\\u010debn\\u00e9ho odboru 6424 H manik\\u00e9r \\u2013 pedik\\u00e9r. Vlo\\u017eenie \\u0161pecifick\\u00fdch vzdel\\u00e1vac\\u00edch \\u0161tandardov pre \\u0161tudijn\\u00fd odbor 6337 M informa\\u010dn\\u00e9 technol\\u00f3gie a informa\\u010dn\\u00e9 slu\\u017eby v obchode.&lt;\\\/p&gt;\\n&lt;p&gt;&amp;nbsp;&lt;\\\/p&gt;\\n&lt;p&gt;Dodatok \\u010d. 6&lt;\\\/p&gt;\\n&lt;p&gt;Skupina 62&lt;\\\/p&gt;\\n&lt;p&gt;&lt;strong&gt;1. september 2020 \\u00b7Ministerstvo \\u0161kolstva, vedy, v\\u00fdskumu a \\u0161portu Slovenskej republiky&lt;\\\/strong&gt;&lt;\\\/p&gt;\\n&lt;p&gt;&lt;a href=\\&quot;http:\\\/\\\/siov.icondesign.sk\\\/wp-content\\\/uploads\\\/2019\\\/02\\\/Dodatok_6_k_SVP_62_63_64.pdf\\&quot; target=\\&quot;_blank\\&quot; rel=\\&quot;noopener\\&quot;&gt;&lt;strong&gt;Dodatok \\u010d. 6, ktor\\u00fdm sa men\\u00ed \\u0160t\\u00e1tny vzdel\\u00e1vac\\u00ed program pre odborn\\u00e9 vzdel\\u00e1vanie a pr\\u00edpravu pre skupinu \\u0161tudijn\\u00fdch a u\\u010debn\\u00fdch odborov 62 Ekonomick\\u00e9 vedy, 63, 64 Ekonomika a organiz\\u00e1cia, obchod a slu\\u017eby I, II&lt;\\\/strong&gt;&lt;\\\/a&gt;&lt;\\\/p&gt;\\n&lt;p&gt;R\\u00e1mcov\\u00e9 u\\u010debn\\u00e9 pl\\u00e1ny s \\u00fa\\u010dinnos\\u0165ou od 1.9.2020&lt;\\\/p&gt;\\n&lt;p&gt;&amp;nbsp;&lt;\\\/p&gt;\\n&quot;,&quot;content_text_selected_editor&quot;:&quot;tmce&quot;},{&quot;title&quot;:&quot;62 - Normat\\u00edv&quot;,&quot;content_text&quot;:&quot;&lt;p&gt;&lt;a href=\\&quot;http:\\\/\\\/siov.sk\\\/wp-content\\\/uploads\\\/2019\\\/02\\\/6292_N_hospodarska_informatika.pdf\\&quot; target=\\&quot;_blank\\&quot; rel=\\&quot;noopener\\&quot;&gt;Normat\\u00edv 6292 N hospod\\u00e1rska informatika&lt;\\\/a&gt;&lt;\\\/p&gt;\\n&lt;p&gt;&amp;nbsp;&lt;\\\/p&gt;\\n&quot;,&quot;content_text_selected_editor&quot;:&quot;tmce&quot;}],&quot;initial_tab_position&quot;:1,&quot;design&quot;:{&quot;tabs_container&quot;:{&quot;background_color&quot;:&quot;#587bb8&quot;,&quot;border_color&quot;:false,&quot;border_width&quot;:false,&quot;border_width_unit&quot;:&quot;px&quot;,&quot;so_field_container_state&quot;:&quot;closed&quot;},&quot;tabs&quot;:{&quot;background_color&quot;:&quot;#f6f8f9&quot;,&quot;background_hover_color&quot;:&quot;#ffffff&quot;,&quot;title_color&quot;:&quot;#2e5aa6&quot;,&quot;title_hover_color&quot;:&quot;#3dbbed&quot;,&quot;border_color&quot;:&quot;#828282&quot;,&quot;border_hover_color&quot;:&quot;#F9F9F9&quot;,&quot;border_width&quot;:false,&quot;border_width_unit&quot;:&quot;px&quot;,&quot;border_hover_width&quot;:false,&quot;border_hover_width_unit&quot;:&quot;px&quot;,&quot;so_field_container_state&quot;:&quot;closed&quot;},&quot;panels&quot;:{&quot;background_color&quot;:&quot;#f9f9f9&quot;,&quot;font_color&quot;:false,&quot;border_color&quot;:false,&quot;border_width&quot;:false,&quot;border_width_unit&quot;:&quot;px&quot;,&quot;so_field_container_state&quot;:&quot;open&quot;},&quot;so_field_container_state&quot;:&quot;open&quot;},&quot;_sow_form_id&quot;:&quot;9953951155c4edfe4a1b26811337721&quot;,&quot;_sow_form_timestamp&quot;:&quot;1551081522558&quot;,&quot;so_sidebar_emulator_id&quot;:&quot;sow-tabs-100110000&quot;,&quot;option_name&quot;:&quot;widget_sow-tabs&quot;},&quot;args&quot;:{&quot;before_widget&quot;:&quot;&lt;div id=\\&quot;panel-1001-0-0-0\\&quot; class=\\&quot;so-panel widget widget_sow-tabs panel-first-child panel-last-child\\&quot; data-index=\\&quot;0\\&quot; data-style=\\&quot;{&amp;quot;background_image_attachment&amp;quot;:false,&amp;quot;background_display&amp;quot;:&amp;quot;tile&amp;quot;}\\&quot; &gt;&quot;,&quot;after_widget&quot;:&quot;&lt;\\\/div&gt;&quot;,&quot;before_title&quot;:&quot;&lt;h3 class=\\&quot;widget-title\\&quot;&gt;&quot;,&quot;after_title&quot;:&quot;&lt;\\\/h3&gt;&quot;,&quot;widget_id&quot;:&quot;widget-0-0-0&quot;}}\" \/>[\/siteorigin_widget]<\/div>\n<\/div>\n<\/div>\n<\/div>\n<style type=\"text\/css\" class=\"panels-style\" data-panels-style-for-post=\"1001\">@import url(https:\/\/archiv.siov.sk\/wp-content\/plugins\/siteorigin-panels\/css\/front-flex.min.css); #pgc-1001-0-0 { width:100%;width:calc(100% - ( 0 * 30px ) ) } #pl-1001 #panel-1001-0-0-0 {  } #pl-1001 .so-panel { margin-bottom:30px } #pl-1001 .so-panel:last-child { margin-bottom:0px } #pg-1001-0.panel-no-style, #pg-1001-0.panel-has-style > .panel-row-style { -webkit-align-items:flex-start;align-items:flex-start } @media (max-width:780px){ #pg-1001-0.panel-no-style, #pg-1001-0.panel-has-style > .panel-row-style { -webkit-flex-direction:column;-ms-flex-direction:column;flex-direction:column } #pg-1001-0 .panel-grid-cell { margin-right:0 } #pg-1001-0 .panel-grid-cell { width:100% } #pl-1001 .panel-grid-cell { padding:0 } #pl-1001 .panel-grid .panel-grid-cell-empty { display:none } #pl-1001 .panel-grid .panel-grid-cell-mobile-last { margin-bottom:0px }  } <\/style>\n","protected":false},"excerpt":{"rendered":"<p>[siteorigin_widget class=&#8220;SiteOrigin_Widget_Tabs_Widget&#8220;][\/siteorigin_widget]<\/p>\n","protected":false},"author":1,"featured_media":0,"parent":18,"menu_order":0,"comment_status":"closed","ping_status":"closed","template":"","meta":{"site-sidebar-layout":"default","site-content-layout":"","ast-site-content-layout":"default","site-content-style":"default","site-sidebar-style":"default","ast-global-header-display":"","ast-banner-title-visibility":"","ast-main-header-display":"","ast-hfb-above-header-display":"","ast-hfb-below-header-display":"","ast-hfb-mobile-header-display":"","site-post-title":"","ast-breadcrumbs-content":"","ast-featured-img":"","footer-sml-layout":"","ast-disable-related-posts":"","theme-transparent-header-meta":"","adv-header-id-meta":"","stick-header-meta":"","header-above-stick-meta":"","header-main-stick-meta":"","header-below-stick-meta":"","astra-migrate-meta-layouts":"default","ast-page-background-enabled":"default","ast-page-background-meta":{"desktop":{"background-color":"var(--ast-global-color-4)","background-image":"","background-repeat":"repeat","background-position":"center center","background-size":"auto","background-attachment":"scroll","background-type":"","background-media":"","overlay-type":"","overlay-color":"","overlay-opacity":"","overlay-gradient":""},"tablet":{"background-color":"","background-image":"","background-repeat":"repeat","background-position":"center center","background-size":"auto","background-attachment":"scroll","background-type":"","background-media":"","overlay-type":"","overlay-color":"","overlay-opacity":"","overlay-gradient":""},"mobile":{"background-color":"","background-image":"","background-repeat":"repeat","background-position":"center center","background-size":"auto","background-attachment":"scroll","background-type":"","background-media":"","overlay-type":"","overlay-color":"","overlay-opacity":"","overlay-gradient":""}},"ast-content-background-meta":{"desktop":{"background-color":"var(--ast-global-color-5)","background-image":"","background-repeat":"repeat","background-position":"center center","background-size":"auto","background-attachment":"scroll","background-type":"","background-media":"","overlay-type":"","overlay-color":"","overlay-opacity":"","overlay-gradient":""},"tablet":{"background-color":"var(--ast-global-color-5)","background-image":"","background-repeat":"repeat","background-position":"center center","background-size":"auto","background-attachment":"scroll","background-type":"","background-media":"","overlay-type":"","overlay-color":"","overlay-opacity":"","overlay-gradient":""},"mobile":{"background-color":"var(--ast-global-color-5)","background-image":"","background-repeat":"repeat","background-position":"center center","background-size":"auto","background-attachment":"scroll","background-type":"","background-media":"","overlay-type":"","overlay-color":"","overlay-opacity":"","overlay-gradient":""}},"footnotes":""},"class_list":["post-1001","page","type-page","status-publish","hentry"],"yoast_head":"<!-- This site is optimized with the Yoast SEO plugin v27.4 - https:\/\/yoast.com\/product\/yoast-seo-wordpress\/ -->\n<title>Skupina odborov 62 - \u0160IOV - \u0161t\u00e1tny in\u0161tit\u00fat odborn\u00e9ho vzdel\u00e1vania<\/title>\n<meta name=\"robots\" content=\"index, follow, max-snippet:-1, max-image-preview:large, max-video-preview:-1\" \/>\n<link rel=\"canonical\" href=\"https:\/\/archiv.siov.sk\/en\/vzdelavanie\/odborne-vzdelavanie-a-priprava\/skupina-odborov-62\/\" \/>\n<meta property=\"og:locale\" content=\"en_GB\" \/>\n<meta property=\"og:type\" content=\"article\" \/>\n<meta property=\"og:title\" content=\"Skupina odborov 62 - \u0160IOV - \u0161t\u00e1tny in\u0161tit\u00fat odborn\u00e9ho vzdel\u00e1vania\" \/>\n<meta property=\"og:description\" content=\"[siteorigin_widget class=&#8220;SiteOrigin_Widget_Tabs_Widget&#8220;][\/siteorigin_widget]\" \/>\n<meta property=\"og:url\" content=\"https:\/\/archiv.siov.sk\/en\/vzdelavanie\/odborne-vzdelavanie-a-priprava\/skupina-odborov-62\/\" \/>\n<meta property=\"og:site_name\" content=\"\u0160IOV - \u0161t\u00e1tny in\u0161tit\u00fat odborn\u00e9ho vzdel\u00e1vania\" \/>\n<meta property=\"article:publisher\" content=\"https:\/\/www.facebook.com\/Statnyinstitutodbornehovzdelavania\" \/>\n<meta property=\"article:modified_time\" content=\"2019-02-25T07:58:43+00:00\" \/>\n<meta name=\"twitter:card\" content=\"summary_large_image\" \/>\n<script type=\"application\/ld+json\" class=\"yoast-schema-graph\">{\"@context\":\"https:\\\/\\\/schema.org\",\"@graph\":[{\"@type\":\"WebPage\",\"@id\":\"https:\\\/\\\/archiv.siov.sk\\\/vzdelavanie\\\/odborne-vzdelavanie-a-priprava\\\/skupina-odborov-62\\\/\",\"url\":\"https:\\\/\\\/archiv.siov.sk\\\/vzdelavanie\\\/odborne-vzdelavanie-a-priprava\\\/skupina-odborov-62\\\/\",\"name\":\"Skupina odborov 62 - \u0160IOV - \u0161t\u00e1tny in\u0161tit\u00fat odborn\u00e9ho vzdel\u00e1vania\",\"isPartOf\":{\"@id\":\"https:\\\/\\\/archiv.siov.sk\\\/#website\"},\"datePublished\":\"2019-02-05T10:45:45+00:00\",\"dateModified\":\"2019-02-25T07:58:43+00:00\",\"breadcrumb\":{\"@id\":\"https:\\\/\\\/archiv.siov.sk\\\/vzdelavanie\\\/odborne-vzdelavanie-a-priprava\\\/skupina-odborov-62\\\/#breadcrumb\"},\"inLanguage\":\"en-GB\",\"potentialAction\":[{\"@type\":\"ReadAction\",\"target\":[\"https:\\\/\\\/archiv.siov.sk\\\/vzdelavanie\\\/odborne-vzdelavanie-a-priprava\\\/skupina-odborov-62\\\/\"]}]},{\"@type\":\"BreadcrumbList\",\"@id\":\"https:\\\/\\\/archiv.siov.sk\\\/vzdelavanie\\\/odborne-vzdelavanie-a-priprava\\\/skupina-odborov-62\\\/#breadcrumb\",\"itemListElement\":[{\"@type\":\"ListItem\",\"position\":1,\"name\":\"Home\",\"item\":\"https:\\\/\\\/archiv.siov.sk\\\/\"},{\"@type\":\"ListItem\",\"position\":2,\"name\":\"Vzdel\u00e1vanie\",\"item\":\"https:\\\/\\\/archiv.siov.sk\\\/vzdelavanie\\\/\"},{\"@type\":\"ListItem\",\"position\":3,\"name\":\"Odborn\u00e9 vzdel\u00e1vanie a pr\u00edprava\",\"item\":\"https:\\\/\\\/archiv.siov.sk\\\/en\\\/vzdelavanie\\\/odborne-vzdelavanie-a-priprava\\\/\"},{\"@type\":\"ListItem\",\"position\":4,\"name\":\"Skupina odborov 62\"}]},{\"@type\":\"WebSite\",\"@id\":\"https:\\\/\\\/archiv.siov.sk\\\/#website\",\"url\":\"https:\\\/\\\/archiv.siov.sk\\\/\",\"name\":\"\u0160IOV - \u0161t\u00e1tny in\u0161tit\u00fat odborn\u00e9ho vzdel\u00e1vania\",\"description\":\"\",\"publisher\":{\"@id\":\"https:\\\/\\\/archiv.siov.sk\\\/#organization\"},\"potentialAction\":[{\"@type\":\"SearchAction\",\"target\":{\"@type\":\"EntryPoint\",\"urlTemplate\":\"https:\\\/\\\/archiv.siov.sk\\\/?s={search_term_string}\"},\"query-input\":{\"@type\":\"PropertyValueSpecification\",\"valueRequired\":true,\"valueName\":\"search_term_string\"}}],\"inLanguage\":\"en-GB\"},{\"@type\":\"Organization\",\"@id\":\"https:\\\/\\\/archiv.siov.sk\\\/#organization\",\"name\":\"\u0160IOV - \u0161t\u00e1tny in\u0161tit\u00fat odborn\u00e9ho vzdel\u00e1vania\",\"url\":\"https:\\\/\\\/archiv.siov.sk\\\/\",\"logo\":{\"@type\":\"ImageObject\",\"inLanguage\":\"en-GB\",\"@id\":\"https:\\\/\\\/archiv.siov.sk\\\/#\\\/schema\\\/logo\\\/image\\\/\",\"url\":\"https:\\\/\\\/archiv.siov.sk\\\/wp-content\\\/uploads\\\/2024\\\/02\\\/logo-SIOV.png\",\"contentUrl\":\"https:\\\/\\\/archiv.siov.sk\\\/wp-content\\\/uploads\\\/2024\\\/02\\\/logo-SIOV.png\",\"width\":431,\"height\":143,\"caption\":\"\u0160IOV - \u0161t\u00e1tny in\u0161tit\u00fat odborn\u00e9ho vzdel\u00e1vania\"},\"image\":{\"@id\":\"https:\\\/\\\/archiv.siov.sk\\\/#\\\/schema\\\/logo\\\/image\\\/\"},\"sameAs\":[\"https:\\\/\\\/www.facebook.com\\\/Statnyinstitutodbornehovzdelavania\"]}]}<\/script>\n<!-- \/ Yoast SEO plugin. -->","yoast_head_json":{"title":"Skupina odborov 62 - \u0160IOV - \u0161t\u00e1tny in\u0161tit\u00fat odborn\u00e9ho vzdel\u00e1vania","robots":{"index":"index","follow":"follow","max-snippet":"max-snippet:-1","max-image-preview":"max-image-preview:large","max-video-preview":"max-video-preview:-1"},"canonical":"https:\/\/archiv.siov.sk\/en\/vzdelavanie\/odborne-vzdelavanie-a-priprava\/skupina-odborov-62\/","og_locale":"en_GB","og_type":"article","og_title":"Skupina odborov 62 - \u0160IOV - \u0161t\u00e1tny in\u0161tit\u00fat odborn\u00e9ho vzdel\u00e1vania","og_description":"[siteorigin_widget class=&#8220;SiteOrigin_Widget_Tabs_Widget&#8220;][\/siteorigin_widget]","og_url":"https:\/\/archiv.siov.sk\/en\/vzdelavanie\/odborne-vzdelavanie-a-priprava\/skupina-odborov-62\/","og_site_name":"\u0160IOV - \u0161t\u00e1tny in\u0161tit\u00fat odborn\u00e9ho vzdel\u00e1vania","article_publisher":"https:\/\/www.facebook.com\/Statnyinstitutodbornehovzdelavania","article_modified_time":"2019-02-25T07:58:43+00:00","twitter_card":"summary_large_image","schema":{"@context":"https:\/\/schema.org","@graph":[{"@type":"WebPage","@id":"https:\/\/archiv.siov.sk\/vzdelavanie\/odborne-vzdelavanie-a-priprava\/skupina-odborov-62\/","url":"https:\/\/archiv.siov.sk\/vzdelavanie\/odborne-vzdelavanie-a-priprava\/skupina-odborov-62\/","name":"Skupina odborov 62 - \u0160IOV - \u0161t\u00e1tny in\u0161tit\u00fat odborn\u00e9ho vzdel\u00e1vania","isPartOf":{"@id":"https:\/\/archiv.siov.sk\/#website"},"datePublished":"2019-02-05T10:45:45+00:00","dateModified":"2019-02-25T07:58:43+00:00","breadcrumb":{"@id":"https:\/\/archiv.siov.sk\/vzdelavanie\/odborne-vzdelavanie-a-priprava\/skupina-odborov-62\/#breadcrumb"},"inLanguage":"en-GB","potentialAction":[{"@type":"ReadAction","target":["https:\/\/archiv.siov.sk\/vzdelavanie\/odborne-vzdelavanie-a-priprava\/skupina-odborov-62\/"]}]},{"@type":"BreadcrumbList","@id":"https:\/\/archiv.siov.sk\/vzdelavanie\/odborne-vzdelavanie-a-priprava\/skupina-odborov-62\/#breadcrumb","itemListElement":[{"@type":"ListItem","position":1,"name":"Home","item":"https:\/\/archiv.siov.sk\/"},{"@type":"ListItem","position":2,"name":"Vzdel\u00e1vanie","item":"https:\/\/archiv.siov.sk\/vzdelavanie\/"},{"@type":"ListItem","position":3,"name":"Odborn\u00e9 vzdel\u00e1vanie a pr\u00edprava","item":"https:\/\/archiv.siov.sk\/en\/vzdelavanie\/odborne-vzdelavanie-a-priprava\/"},{"@type":"ListItem","position":4,"name":"Skupina odborov 62"}]},{"@type":"WebSite","@id":"https:\/\/archiv.siov.sk\/#website","url":"https:\/\/archiv.siov.sk\/","name":"\u0160IOV - \u0161t\u00e1tny in\u0161tit\u00fat odborn\u00e9ho vzdel\u00e1vania","description":"","publisher":{"@id":"https:\/\/archiv.siov.sk\/#organization"},"potentialAction":[{"@type":"SearchAction","target":{"@type":"EntryPoint","urlTemplate":"https:\/\/archiv.siov.sk\/?s={search_term_string}"},"query-input":{"@type":"PropertyValueSpecification","valueRequired":true,"valueName":"search_term_string"}}],"inLanguage":"en-GB"},{"@type":"Organization","@id":"https:\/\/archiv.siov.sk\/#organization","name":"\u0160IOV - \u0161t\u00e1tny in\u0161tit\u00fat odborn\u00e9ho vzdel\u00e1vania","url":"https:\/\/archiv.siov.sk\/","logo":{"@type":"ImageObject","inLanguage":"en-GB","@id":"https:\/\/archiv.siov.sk\/#\/schema\/logo\/image\/","url":"https:\/\/archiv.siov.sk\/wp-content\/uploads\/2024\/02\/logo-SIOV.png","contentUrl":"https:\/\/archiv.siov.sk\/wp-content\/uploads\/2024\/02\/logo-SIOV.png","width":431,"height":143,"caption":"\u0160IOV - \u0161t\u00e1tny in\u0161tit\u00fat odborn\u00e9ho vzdel\u00e1vania"},"image":{"@id":"https:\/\/archiv.siov.sk\/#\/schema\/logo\/image\/"},"sameAs":["https:\/\/www.facebook.com\/Statnyinstitutodbornehovzdelavania"]}]}},"_links":{"self":[{"href":"https:\/\/archiv.siov.sk\/en\/wp-json\/wp\/v2\/pages\/1001","targetHints":{"allow":["GET"]}}],"collection":[{"href":"https:\/\/archiv.siov.sk\/en\/wp-json\/wp\/v2\/pages"}],"about":[{"href":"https:\/\/archiv.siov.sk\/en\/wp-json\/wp\/v2\/types\/page"}],"author":[{"embeddable":true,"href":"https:\/\/archiv.siov.sk\/en\/wp-json\/wp\/v2\/users\/1"}],"replies":[{"embeddable":true,"href":"https:\/\/archiv.siov.sk\/en\/wp-json\/wp\/v2\/comments?post=1001"}],"version-history":[{"count":21,"href":"https:\/\/archiv.siov.sk\/en\/wp-json\/wp\/v2\/pages\/1001\/revisions"}],"predecessor-version":[{"id":1271,"href":"https:\/\/archiv.siov.sk\/en\/wp-json\/wp\/v2\/pages\/1001\/revisions\/1271"}],"up":[{"embeddable":true,"href":"https:\/\/archiv.siov.sk\/en\/wp-json\/wp\/v2\/pages\/18"}],"wp:attachment":[{"href":"https:\/\/archiv.siov.sk\/en\/wp-json\/wp\/v2\/media?parent=1001"}],"curies":[{"name":"wp","href":"https:\/\/api.w.org\/{rel}","templated":true}]}}