{"id":100,"date":"2019-01-25T10:35:59","date_gmt":"2019-01-25T09:35:59","guid":{"rendered":"http:\/\/archiv.siov.sk\/?page_id=100"},"modified":"2021-07-23T07:56:46","modified_gmt":"2021-07-23T05:56:46","slug":"mobility-for-quality","status":"publish","type":"page","link":"https:\/\/archiv.siov.sk\/en\/medzinarodna-spolupraca\/medzinarodne-projekty\/mobility-for-quality\/","title":{"rendered":"Mobility for Quality"},"content":{"rendered":"<div data-elementor-type=\"wp-page\" data-elementor-id=\"100\" class=\"elementor elementor-100\" data-elementor-post-type=\"page\">\n\t\t\t\t\t\t<section class=\"elementor-section elementor-top-section elementor-element elementor-element-ec15fdf elementor-section-boxed elementor-section-height-default elementor-section-height-default\" data-id=\"ec15fdf\" data-element_type=\"section\" data-e-type=\"section\">\n\t\t\t\t\t\t<div class=\"elementor-container elementor-column-gap-default\">\n\t\t\t\t\t<div class=\"elementor-column elementor-col-100 elementor-top-column elementor-element elementor-element-43ad3f6\" data-id=\"43ad3f6\" data-element_type=\"column\" data-e-type=\"column\">\n\t\t\t<div class=\"elementor-widget-wrap elementor-element-populated\">\n\t\t\t\t\t\t<div class=\"elementor-element elementor-element-0914074 elementor-widget-divider--view-line elementor-widget elementor-widget-divider\" data-id=\"0914074\" data-element_type=\"widget\" data-e-type=\"widget\" data-widget_type=\"divider.default\">\n\t\t\t\t<div class=\"elementor-widget-container\">\n\t\t\t\t\t\t\t<div class=\"elementor-divider\">\n\t\t\t<span class=\"elementor-divider-separator\">\n\t\t\t\t\t\t<\/span>\n\t\t<\/div>\n\t\t\t\t\t\t<\/div>\n\t\t\t\t<\/div>\n\t\t\t\t<div class=\"elementor-element elementor-element-574fac3 elementor-widget elementor-widget-heading\" data-id=\"574fac3\" data-element_type=\"widget\" data-e-type=\"widget\" data-widget_type=\"heading.default\">\n\t\t\t\t<div class=\"elementor-widget-container\">\n\t\t\t\t\t<h2 class=\"elementor-heading-title elementor-size-default\">Mobility for Quality<\/h2>\t\t\t\t<\/div>\n\t\t\t\t<\/div>\n\t\t\t\t\t<\/div>\n\t\t<\/div>\n\t\t\t\t\t<\/div>\n\t\t<\/section>\n\t\t\t\t<section class=\"elementor-section elementor-top-section elementor-element elementor-element-03496f0 elementor-section-content-middle elementor-section-boxed elementor-section-height-default elementor-section-height-default\" data-id=\"03496f0\" data-element_type=\"section\" data-e-type=\"section\">\n\t\t\t\t\t\t<div class=\"elementor-container elementor-column-gap-default\">\n\t\t\t\t\t<div class=\"elementor-column elementor-col-50 elementor-top-column elementor-element elementor-element-d88534b\" data-id=\"d88534b\" data-element_type=\"column\" data-e-type=\"column\">\n\t\t\t<div class=\"elementor-widget-wrap elementor-element-populated\">\n\t\t\t\t\t\t<div class=\"elementor-element elementor-element-b9e81f9 elementor-widget elementor-widget-text-editor\" data-id=\"b9e81f9\" data-element_type=\"widget\" data-e-type=\"widget\" data-widget_type=\"text-editor.default\">\n\t\t\t\t<div class=\"elementor-widget-container\">\n\t\t\t\t\t\t\t\t\t<p><span style=\"color: #3a3a3a;\">Kontakt: Odbor eur\u00f3pskych polit\u00edk<\/span><br style=\"color: #3a3a3a;\" \/><span style=\"color: #3a3a3a;\">Head of Department\u00a0<\/span><span style=\"font-weight: bold; color: #3a3a3a;\">Mgr. \u013dubica G\u00e1llov\u00e1<br \/><\/span><span style=\"color: #3a3a3a;\">Email:\u00a0<\/span><a style=\"background-color: #ffffff;\" href=\"mailto:lubica.gallova@siov.sk\">lubica.gallova@siov.sk<\/a><br style=\"color: #3a3a3a;\" \/><span style=\"color: #3a3a3a;\">Tel:\u00a0<\/span><span style=\"font-weight: bold; color: #3a3a3a;\">0911 469 793<\/span><\/p>\t\t\t\t\t\t\t\t<\/div>\n\t\t\t\t<\/div>\n\t\t\t\t\t<\/div>\n\t\t<\/div>\n\t\t\t\t<div class=\"elementor-column elementor-col-50 elementor-top-column elementor-element elementor-element-f4d9f05\" data-id=\"f4d9f05\" data-element_type=\"column\" data-e-type=\"column\">\n\t\t\t<div class=\"elementor-widget-wrap elementor-element-populated\">\n\t\t\t\t\t\t<div class=\"elementor-element elementor-element-1412ba5 elementor-widget elementor-widget-image\" data-id=\"1412ba5\" data-element_type=\"widget\" data-e-type=\"widget\" data-widget_type=\"image.default\">\n\t\t\t\t<div class=\"elementor-widget-container\">\n\t\t\t\t\t\t\t\t\t\t\t\t\t\t\t<img fetchpriority=\"high\" decoding=\"async\" width=\"943\" height=\"269\" src=\"https:\/\/archiv.siov.sk\/wp-content\/uploads\/2019\/01\/erasmus-plus.png\" class=\"attachment-large size-large wp-image-101\" alt=\"Erasmus plus\" srcset=\"https:\/\/archiv.siov.sk\/wp-content\/uploads\/2019\/01\/erasmus-plus.png 943w, https:\/\/archiv.siov.sk\/wp-content\/uploads\/2019\/01\/erasmus-plus-300x86.png 300w, https:\/\/archiv.siov.sk\/wp-content\/uploads\/2019\/01\/erasmus-plus-768x219.png 768w, https:\/\/archiv.siov.sk\/wp-content\/uploads\/2019\/01\/erasmus-plus-480x137.png 480w\" sizes=\"(max-width: 943px) 100vw, 943px\" \/>\t\t\t\t\t\t\t\t\t\t\t\t\t\t\t<\/div>\n\t\t\t\t<\/div>\n\t\t\t\t\t<\/div>\n\t\t<\/div>\n\t\t\t\t\t<\/div>\n\t\t<\/section>\n\t\t\t\t<section class=\"elementor-section elementor-top-section elementor-element elementor-element-4a37e90 elementor-section-boxed elementor-section-height-default elementor-section-height-default\" data-id=\"4a37e90\" data-element_type=\"section\" data-e-type=\"section\">\n\t\t\t\t\t\t<div class=\"elementor-container elementor-column-gap-default\">\n\t\t\t\t\t<div class=\"elementor-column elementor-col-100 elementor-top-column elementor-element elementor-element-d3f1619\" data-id=\"d3f1619\" data-element_type=\"column\" data-e-type=\"column\">\n\t\t\t<div class=\"elementor-widget-wrap elementor-element-populated\">\n\t\t\t\t\t\t<div class=\"elementor-element elementor-element-30e77b5 elementor-widget elementor-widget-text-editor\" data-id=\"30e77b5\" data-element_type=\"widget\" data-e-type=\"widget\" data-widget_type=\"text-editor.default\">\n\t\t\t\t<div class=\"elementor-widget-container\">\n\t\t\t\t\t\t\t\t\t<p style=\"font-size: 15px; font-style: normal; font-weight: 400;\">V\u00a0mesiacoch j\u00fan 2017 a\u017e okt\u00f3ber 2018 \u0160IOV\u00a0v oblasti vzdel\u00e1vania dospel\u00fdch zameran\u00fd na zav\u00e1dzanie peer review &#8211; met\u00f3dy zabezpe\u010dovania kvality vo vzdel\u00e1van\u00ed zalo\u017eenej na vz\u00e1jomnom hodnoten\u00ed. Projekt s podporou programu ERASMUS+ umo\u017en\u00ed vy\u0161kolenie 16 z\u00e1stupcov odborn\u00e9ho vzdel\u00e1vania (po\u010diato\u010dn\u00e9ho a kontinu\u00e1lneho) a vzdel\u00e1vania dospel\u00fdch na pou\u017e\u00edvanie met\u00f3dy peer review.<\/p><p style=\"font-size: 15px; font-style: normal; font-weight: 400;\">Peer Review (vz\u00e1jomn\u00e9 hodnotenie kolegami)\u00a0je alternat\u00edvou k\u00a0in\u00fdm syst\u00e9mom zabezpe\u010dovania kvality, ktor\u00e9 s\u00fa prim\u00e1rne ur\u010den\u00e9 pre firemn\u00e9\/podnikate\u013esk\u00e9 prostredie (ISO 9000, EFQM, a.i.), dlhodobo vyu\u017e\u00edvan\u00fd v\u00a0oblasti v\u00fdskumu. Jeho podstatou je hodnotenie kvality kolegami (peers) z\u00a0rovnak\u00e9ho alebo podobn\u00e9ho profesion\u00e1lneho prostredia.<\/p><p style=\"font-size: 15px; font-style: normal; font-weight: 400;\">Od roku 2003 sa pracuje na \u00faprav\u00e1ch a\u00a0overovan\u00ed metodiky pre potreby OVP a\u00a0vzdel\u00e1vania dospel\u00fdch v\u00a0r\u00f4znych projektoch podporen\u00fdch prostriedkami E\u00da. V\u00a0niektor\u00fdch krajin\u00e1ch je syst\u00e9m zaveden\u00fd na n\u00e1rodnej alebo region\u00e1lnej \u00farovni, napr. v\u00a0Rak\u00fasku, F\u00ednsku, Taliansku, Ma\u010farsku, Slovinsku, \u0160v\u00e9dsku. \u00a0Model European Peer Review je zalo\u017een\u00fd na kombin\u00e1cii sebahodnotenia a extern\u00e9ho hodnotenia so siln\u00fdm d\u00f4razom na potreby a\u00a0z\u00e1ujmy hodnotenej in\u0161tit\u00facie.\u00a0Vych\u00e1dza z\u00a0princ\u00edpu neust\u00e1leho zlep\u0161ovania sa (v s\u00falade s\u00a0iniciat\u00edvou EQAVET) a\u00a0obsahuje siln\u00fd format\u00edvny prvok a\u00a0vz\u00e1jomn\u00e9 u\u010denie sa pre obe z\u00fa\u010dastnen\u00e9 strany.<\/p><p style=\"font-size: 15px; font-style: normal; font-weight: 400;\">Proces hodnotenia za\u010d\u00edna vypracovan\u00edm sebahodnotiacej spr\u00e1vy \u0161koly\/in\u0161tit\u00facie v\u00a0hodnotenej oblasti. Na z\u00e1klade spr\u00e1vy prebehne n\u00e1v\u0161teva skupiny hodnotite\u013eov, v\u00fdsledkom n\u00e1v\u0161tevy je z\u00e1vere\u010dn\u00e1 spr\u00e1va\u00a0s\u00a0odpor\u00fa\u010daniami na zlep\u0161enia.<\/p><p style=\"font-size: 15px; font-style: normal; font-weight: 400;\">N\u00e1rodn\u00fd referen\u010dn\u00fd bod pre EQAVET s\u00fabe\u017ene s t\u00fdmto projektom pripravil preklad pr\u00edru\u010dky, ktor\u00e1 je podrobn\u00fdm n\u00e1vodom pri realiz\u00e1cii peer review. Pr\u00edru\u010dku n\u00e1jdete na str\u00e1nke peer review network:\u00a0<a href=\"http:\/\/www.peer-review-network.eu\/media\/pdf\/Manual\/European%20Peer%20Review%20SK.pdf\" target=\"_blank\" rel=\"noopener\">http:\/\/www.peer-review-network.eu\/media\/pdf\/Manual\/European%20Peer%20Review%20SK.pdf<\/a><\/p><p style=\"font-size: 15px; font-style: normal; font-weight: 400;\">V\u00a0r\u00e1mci projektu sa konali tri zahrani\u010dn\u00e9 \u0161kolenia, na ktor\u00fdch sa 16 os\u00f4b vy\u0161kolilo na pou\u017e\u00edvanie met\u00f3dy peer review. Pre viac inform\u00e1ci\u00ed nav\u0161t\u00edvte str\u00e1nku\u00a0<a href=\"http:\/\/www.okvalite.sk\/\" target=\"_blank\" rel=\"noopener\">www.okvalite.sk<\/a>\u00a0alebo n\u00e1s kontaktujte e-mailom na eqavet@siov.sk.<\/p><p style=\"font-size: 15px; font-style: normal; font-weight: 400;\">\u010d\u00edslo projektu: 2017-1-SK01-KA104-035291<\/p><p style=\"font-size: 15px; font-style: normal; font-weight: 400;\">Viac inform\u00e1ci\u00ed: Mgr. \u013dubica G\u00e1llov\u00e1,\u00a0\u00a0<a href=\"mailto:eqavet@siov.sk\">eqavet@siov.sk<\/a><\/p><p style=\"font-size: 15px; font-style: normal; font-weight: 400; text-align: justify;\">N\u00e1rodn\u00fd referen\u010dn\u00fd bod pre EQAVET s\u00fabe\u017ene s t\u00fdmto projektom pripravil preklad pr\u00edru\u010dky, ktor\u00e1 je podrobn\u00fdm n\u00e1vodom pri realiz\u00e1cii peer review.<\/p><p style=\"font-size: 15px; font-style: normal; font-weight: 400; text-align: justify;\">Prv\u00e9 \u0161kolenie na pou\u017e\u00edvanie met\u00f3dy zabezpe\u010dovania kvality vo vzdel\u00e1van\u00ed sa uskuto\u010dn\u00ed v\u00a0d\u0148och 10.-13. decembra 2017 v spolupr\u00e1ci s talianskou partnerskou organiz\u00e1ciou FORMA.Azione, v\u00a0Perugii (IT). Pre viac inform\u00e1ci\u00ed o\u00a0tomto \u0161kolen\u00ed n\u00e1s pros\u00edm kontaktujte na\u00a0<a href=\"mailto:nsk@siov.sk\">nsk@siov.sk<\/a><\/p><p style=\"font-size: 15px; font-style: normal; font-weight: 400;\">\u010d\u00edslo projektu: 2017-1-SK01-KA104-035291<\/p><p style=\"font-size: 15px; font-style: normal; font-weight: 400;\">Viac inform\u00e1ci\u00ed: Mgr. \u013dubica G\u00e1llov\u00e1,\u00a0<a href=\"mailto:nsk@siov.sk\">nsk@siov.sk<\/a><\/p>\t\t\t\t\t\t\t\t<\/div>\n\t\t\t\t<\/div>\n\t\t\t\t\t<\/div>\n\t\t<\/div>\n\t\t\t\t\t<\/div>\n\t\t<\/section>\n\t\t\t\t<\/div>","protected":false},"excerpt":{"rendered":"<p>Mobility for Quality Kontakt: Odbor eur\u00f3pskych polit\u00edkVed\u00faca odboru:\u00a0Mgr. \u013dubica G\u00e1llov\u00e1Email:\u00a0lubica.gallova@siov.skTel:\u00a00911 469 793 V\u00a0mesiacoch j\u00fan 2017 a\u017e okt\u00f3ber 2018 \u0160IOV\u00a0v oblasti vzdel\u00e1vania dospel\u00fdch zameran\u00fd na zav\u00e1dzanie peer review &#8211; met\u00f3dy zabezpe\u010dovania kvality vo vzdel\u00e1van\u00ed zalo\u017eenej na vz\u00e1jomnom hodnoten\u00ed. Projekt s podporou programu ERASMUS+ umo\u017en\u00ed vy\u0161kolenie 16 z\u00e1stupcov odborn\u00e9ho vzdel\u00e1vania (po\u010diato\u010dn\u00e9ho a kontinu\u00e1lneho) a vzdel\u00e1vania dospel\u00fdch na [&hellip;]<\/p>\n","protected":false},"author":1,"featured_media":0,"parent":67,"menu_order":0,"comment_status":"closed","ping_status":"closed","template":"","meta":{"site-sidebar-layout":"default","site-content-layout":"default","ast-site-content-layout":"default","site-content-style":"default","site-sidebar-style":"default","ast-global-header-display":"","ast-banner-title-visibility":"","ast-main-header-display":"","ast-hfb-above-header-display":"","ast-hfb-below-header-display":"","ast-hfb-mobile-header-display":"","site-post-title":"disabled","ast-breadcrumbs-content":"","ast-featured-img":"","footer-sml-layout":"","ast-disable-related-posts":"","theme-transparent-header-meta":"default","adv-header-id-meta":"","stick-header-meta":"","header-above-stick-meta":"","header-main-stick-meta":"","header-below-stick-meta":"","astra-migrate-meta-layouts":"default","ast-page-background-enabled":"default","ast-page-background-meta":{"desktop":{"background-color":"var(--ast-global-color-4)","background-image":"","background-repeat":"repeat","background-position":"center center","background-size":"auto","background-attachment":"scroll","background-type":"","background-media":"","overlay-type":"","overlay-color":"","overlay-opacity":"","overlay-gradient":""},"tablet":{"background-color":"","background-image":"","background-repeat":"repeat","background-position":"center center","background-size":"auto","background-attachment":"scroll","background-type":"","background-media":"","overlay-type":"","overlay-color":"","overlay-opacity":"","overlay-gradient":""},"mobile":{"background-color":"","background-image":"","background-repeat":"repeat","background-position":"center center","background-size":"auto","background-attachment":"scroll","background-type":"","background-media":"","overlay-type":"","overlay-color":"","overlay-opacity":"","overlay-gradient":""}},"ast-content-background-meta":{"desktop":{"background-color":"var(--ast-global-color-5)","background-image":"","background-repeat":"repeat","background-position":"center center","background-size":"auto","background-attachment":"scroll","background-type":"","background-media":"","overlay-type":"","overlay-color":"","overlay-opacity":"","overlay-gradient":""},"tablet":{"background-color":"var(--ast-global-color-5)","background-image":"","background-repeat":"repeat","background-position":"center center","background-size":"auto","background-attachment":"scroll","background-type":"","background-media":"","overlay-type":"","overlay-color":"","overlay-opacity":"","overlay-gradient":""},"mobile":{"background-color":"var(--ast-global-color-5)","background-image":"","background-repeat":"repeat","background-position":"center center","background-size":"auto","background-attachment":"scroll","background-type":"","background-media":"","overlay-type":"","overlay-color":"","overlay-opacity":"","overlay-gradient":""}},"footnotes":""},"class_list":["post-100","page","type-page","status-publish","hentry"],"yoast_head":"<!-- This site is optimized with the Yoast SEO plugin v27.5 - https:\/\/yoast.com\/product\/yoast-seo-wordpress\/ -->\n<title>Mobility for Quality - \u0160IOV - \u0161t\u00e1tny in\u0161tit\u00fat odborn\u00e9ho vzdel\u00e1vania<\/title>\n<meta name=\"robots\" content=\"index, follow, max-snippet:-1, max-image-preview:large, max-video-preview:-1\" \/>\n<link rel=\"canonical\" href=\"https:\/\/archiv.siov.sk\/en\/medzinarodna-spolupraca\/medzinarodne-projekty\/mobility-for-quality\/\" \/>\n<meta property=\"og:locale\" content=\"en_GB\" \/>\n<meta property=\"og:type\" content=\"article\" \/>\n<meta property=\"og:title\" content=\"Mobility for Quality - \u0160IOV - \u0161t\u00e1tny in\u0161tit\u00fat odborn\u00e9ho vzdel\u00e1vania\" \/>\n<meta property=\"og:description\" content=\"Mobility for Quality Kontakt: Odbor eur\u00f3pskych polit\u00edkVed\u00faca odboru:\u00a0Mgr. \u013dubica G\u00e1llov\u00e1Email:\u00a0lubica.gallova@siov.skTel:\u00a00911 469 793 V\u00a0mesiacoch j\u00fan 2017 a\u017e okt\u00f3ber 2018 \u0160IOV\u00a0v oblasti vzdel\u00e1vania dospel\u00fdch zameran\u00fd na zav\u00e1dzanie peer review &#8211; met\u00f3dy zabezpe\u010dovania kvality vo vzdel\u00e1van\u00ed zalo\u017eenej na vz\u00e1jomnom hodnoten\u00ed. Projekt s podporou programu ERASMUS+ umo\u017en\u00ed vy\u0161kolenie 16 z\u00e1stupcov odborn\u00e9ho vzdel\u00e1vania (po\u010diato\u010dn\u00e9ho a kontinu\u00e1lneho) a vzdel\u00e1vania dospel\u00fdch na [&hellip;]\" \/>\n<meta property=\"og:url\" content=\"https:\/\/archiv.siov.sk\/en\/medzinarodna-spolupraca\/medzinarodne-projekty\/mobility-for-quality\/\" \/>\n<meta property=\"og:site_name\" content=\"\u0160IOV - \u0161t\u00e1tny in\u0161tit\u00fat odborn\u00e9ho vzdel\u00e1vania\" \/>\n<meta property=\"article:publisher\" content=\"https:\/\/www.facebook.com\/Statnyinstitutodbornehovzdelavania\" \/>\n<meta property=\"article:modified_time\" content=\"2021-07-23T05:56:46+00:00\" \/>\n<meta property=\"og:image\" content=\"https:\/\/archiv.siov.sk\/wp-content\/uploads\/2019\/01\/erasmus-plus.png\" \/>\n<meta name=\"twitter:card\" content=\"summary_large_image\" \/>\n<meta name=\"twitter:label1\" content=\"Estimated reading time\" \/>\n\t<meta name=\"twitter:data1\" content=\"2 minutes\" \/>\n<script type=\"application\/ld+json\" class=\"yoast-schema-graph\">{\"@context\":\"https:\\\/\\\/schema.org\",\"@graph\":[{\"@type\":\"WebPage\",\"@id\":\"https:\\\/\\\/archiv.siov.sk\\\/medzinarodna-spolupraca\\\/medzinarodne-projekty\\\/mobility-for-quality\\\/\",\"url\":\"https:\\\/\\\/archiv.siov.sk\\\/medzinarodna-spolupraca\\\/medzinarodne-projekty\\\/mobility-for-quality\\\/\",\"name\":\"Mobility for Quality - \u0160IOV - \u0161t\u00e1tny in\u0161tit\u00fat odborn\u00e9ho vzdel\u00e1vania\",\"isPartOf\":{\"@id\":\"https:\\\/\\\/archiv.siov.sk\\\/#website\"},\"primaryImageOfPage\":{\"@id\":\"https:\\\/\\\/archiv.siov.sk\\\/medzinarodna-spolupraca\\\/medzinarodne-projekty\\\/mobility-for-quality\\\/#primaryimage\"},\"image\":{\"@id\":\"https:\\\/\\\/archiv.siov.sk\\\/medzinarodna-spolupraca\\\/medzinarodne-projekty\\\/mobility-for-quality\\\/#primaryimage\"},\"thumbnailUrl\":\"https:\\\/\\\/archiv.siov.sk\\\/wp-content\\\/uploads\\\/2019\\\/01\\\/erasmus-plus.png\",\"datePublished\":\"2019-01-25T09:35:59+00:00\",\"dateModified\":\"2021-07-23T05:56:46+00:00\",\"breadcrumb\":{\"@id\":\"https:\\\/\\\/archiv.siov.sk\\\/medzinarodna-spolupraca\\\/medzinarodne-projekty\\\/mobility-for-quality\\\/#breadcrumb\"},\"inLanguage\":\"en-GB\",\"potentialAction\":[{\"@type\":\"ReadAction\",\"target\":[\"https:\\\/\\\/archiv.siov.sk\\\/medzinarodna-spolupraca\\\/medzinarodne-projekty\\\/mobility-for-quality\\\/\"]}]},{\"@type\":\"ImageObject\",\"inLanguage\":\"en-GB\",\"@id\":\"https:\\\/\\\/archiv.siov.sk\\\/medzinarodna-spolupraca\\\/medzinarodne-projekty\\\/mobility-for-quality\\\/#primaryimage\",\"url\":\"https:\\\/\\\/archiv.siov.sk\\\/wp-content\\\/uploads\\\/2019\\\/01\\\/erasmus-plus.png\",\"contentUrl\":\"https:\\\/\\\/archiv.siov.sk\\\/wp-content\\\/uploads\\\/2019\\\/01\\\/erasmus-plus.png\"},{\"@type\":\"BreadcrumbList\",\"@id\":\"https:\\\/\\\/archiv.siov.sk\\\/medzinarodna-spolupraca\\\/medzinarodne-projekty\\\/mobility-for-quality\\\/#breadcrumb\",\"itemListElement\":[{\"@type\":\"ListItem\",\"position\":1,\"name\":\"Home\",\"item\":\"https:\\\/\\\/archiv.siov.sk\\\/\"},{\"@type\":\"ListItem\",\"position\":2,\"name\":\"Medzin\u00e1rodn\u00e1 spolupr\u00e1ca\",\"item\":\"https:\\\/\\\/archiv.siov.sk\\\/en\\\/medzinarodna-spolupraca\\\/\"},{\"@type\":\"ListItem\",\"position\":3,\"name\":\"Medzin\u00e1rodn\u00e9 projekty\",\"item\":\"https:\\\/\\\/archiv.siov.sk\\\/medzinarodna-spolupraca\\\/medzinarodne-projekty\\\/\"},{\"@type\":\"ListItem\",\"position\":4,\"name\":\"Mobility for Quality\"}]},{\"@type\":\"WebSite\",\"@id\":\"https:\\\/\\\/archiv.siov.sk\\\/#website\",\"url\":\"https:\\\/\\\/archiv.siov.sk\\\/\",\"name\":\"\u0160IOV - \u0161t\u00e1tny in\u0161tit\u00fat odborn\u00e9ho vzdel\u00e1vania\",\"description\":\"\",\"publisher\":{\"@id\":\"https:\\\/\\\/archiv.siov.sk\\\/#organization\"},\"potentialAction\":[{\"@type\":\"SearchAction\",\"target\":{\"@type\":\"EntryPoint\",\"urlTemplate\":\"https:\\\/\\\/archiv.siov.sk\\\/?s={search_term_string}\"},\"query-input\":{\"@type\":\"PropertyValueSpecification\",\"valueRequired\":true,\"valueName\":\"search_term_string\"}}],\"inLanguage\":\"en-GB\"},{\"@type\":\"Organization\",\"@id\":\"https:\\\/\\\/archiv.siov.sk\\\/#organization\",\"name\":\"\u0160IOV - \u0161t\u00e1tny in\u0161tit\u00fat odborn\u00e9ho vzdel\u00e1vania\",\"url\":\"https:\\\/\\\/archiv.siov.sk\\\/\",\"logo\":{\"@type\":\"ImageObject\",\"inLanguage\":\"en-GB\",\"@id\":\"https:\\\/\\\/archiv.siov.sk\\\/#\\\/schema\\\/logo\\\/image\\\/\",\"url\":\"https:\\\/\\\/archiv.siov.sk\\\/wp-content\\\/uploads\\\/2024\\\/02\\\/logo-SIOV.png\",\"contentUrl\":\"https:\\\/\\\/archiv.siov.sk\\\/wp-content\\\/uploads\\\/2024\\\/02\\\/logo-SIOV.png\",\"width\":431,\"height\":143,\"caption\":\"\u0160IOV - \u0161t\u00e1tny in\u0161tit\u00fat odborn\u00e9ho vzdel\u00e1vania\"},\"image\":{\"@id\":\"https:\\\/\\\/archiv.siov.sk\\\/#\\\/schema\\\/logo\\\/image\\\/\"},\"sameAs\":[\"https:\\\/\\\/www.facebook.com\\\/Statnyinstitutodbornehovzdelavania\"]}]}<\/script>\n<!-- \/ Yoast SEO plugin. -->","yoast_head_json":{"title":"Mobility for Quality - \u0160IOV - \u0161t\u00e1tny in\u0161tit\u00fat odborn\u00e9ho vzdel\u00e1vania","robots":{"index":"index","follow":"follow","max-snippet":"max-snippet:-1","max-image-preview":"max-image-preview:large","max-video-preview":"max-video-preview:-1"},"canonical":"https:\/\/archiv.siov.sk\/en\/medzinarodna-spolupraca\/medzinarodne-projekty\/mobility-for-quality\/","og_locale":"en_GB","og_type":"article","og_title":"Mobility for Quality - \u0160IOV - \u0161t\u00e1tny in\u0161tit\u00fat odborn\u00e9ho vzdel\u00e1vania","og_description":"Mobility for Quality Kontakt: Odbor eur\u00f3pskych polit\u00edkVed\u00faca odboru:\u00a0Mgr. \u013dubica G\u00e1llov\u00e1Email:\u00a0lubica.gallova@siov.skTel:\u00a00911 469 793 V\u00a0mesiacoch j\u00fan 2017 a\u017e okt\u00f3ber 2018 \u0160IOV\u00a0v oblasti vzdel\u00e1vania dospel\u00fdch zameran\u00fd na zav\u00e1dzanie peer review &#8211; met\u00f3dy zabezpe\u010dovania kvality vo vzdel\u00e1van\u00ed zalo\u017eenej na vz\u00e1jomnom hodnoten\u00ed. Projekt s podporou programu ERASMUS+ umo\u017en\u00ed vy\u0161kolenie 16 z\u00e1stupcov odborn\u00e9ho vzdel\u00e1vania (po\u010diato\u010dn\u00e9ho a kontinu\u00e1lneho) a vzdel\u00e1vania dospel\u00fdch na [&hellip;]","og_url":"https:\/\/archiv.siov.sk\/en\/medzinarodna-spolupraca\/medzinarodne-projekty\/mobility-for-quality\/","og_site_name":"\u0160IOV - \u0161t\u00e1tny in\u0161tit\u00fat odborn\u00e9ho vzdel\u00e1vania","article_publisher":"https:\/\/www.facebook.com\/Statnyinstitutodbornehovzdelavania","article_modified_time":"2021-07-23T05:56:46+00:00","og_image":[{"url":"https:\/\/archiv.siov.sk\/wp-content\/uploads\/2019\/01\/erasmus-plus.png","type":"","width":"","height":""}],"twitter_card":"summary_large_image","twitter_misc":{"Estimated reading time":"2 minutes"},"schema":{"@context":"https:\/\/schema.org","@graph":[{"@type":"WebPage","@id":"https:\/\/archiv.siov.sk\/medzinarodna-spolupraca\/medzinarodne-projekty\/mobility-for-quality\/","url":"https:\/\/archiv.siov.sk\/medzinarodna-spolupraca\/medzinarodne-projekty\/mobility-for-quality\/","name":"Mobility for Quality - \u0160IOV - \u0161t\u00e1tny in\u0161tit\u00fat odborn\u00e9ho vzdel\u00e1vania","isPartOf":{"@id":"https:\/\/archiv.siov.sk\/#website"},"primaryImageOfPage":{"@id":"https:\/\/archiv.siov.sk\/medzinarodna-spolupraca\/medzinarodne-projekty\/mobility-for-quality\/#primaryimage"},"image":{"@id":"https:\/\/archiv.siov.sk\/medzinarodna-spolupraca\/medzinarodne-projekty\/mobility-for-quality\/#primaryimage"},"thumbnailUrl":"https:\/\/archiv.siov.sk\/wp-content\/uploads\/2019\/01\/erasmus-plus.png","datePublished":"2019-01-25T09:35:59+00:00","dateModified":"2021-07-23T05:56:46+00:00","breadcrumb":{"@id":"https:\/\/archiv.siov.sk\/medzinarodna-spolupraca\/medzinarodne-projekty\/mobility-for-quality\/#breadcrumb"},"inLanguage":"en-GB","potentialAction":[{"@type":"ReadAction","target":["https:\/\/archiv.siov.sk\/medzinarodna-spolupraca\/medzinarodne-projekty\/mobility-for-quality\/"]}]},{"@type":"ImageObject","inLanguage":"en-GB","@id":"https:\/\/archiv.siov.sk\/medzinarodna-spolupraca\/medzinarodne-projekty\/mobility-for-quality\/#primaryimage","url":"https:\/\/archiv.siov.sk\/wp-content\/uploads\/2019\/01\/erasmus-plus.png","contentUrl":"https:\/\/archiv.siov.sk\/wp-content\/uploads\/2019\/01\/erasmus-plus.png"},{"@type":"BreadcrumbList","@id":"https:\/\/archiv.siov.sk\/medzinarodna-spolupraca\/medzinarodne-projekty\/mobility-for-quality\/#breadcrumb","itemListElement":[{"@type":"ListItem","position":1,"name":"Home","item":"https:\/\/archiv.siov.sk\/"},{"@type":"ListItem","position":2,"name":"Medzin\u00e1rodn\u00e1 spolupr\u00e1ca","item":"https:\/\/archiv.siov.sk\/en\/medzinarodna-spolupraca\/"},{"@type":"ListItem","position":3,"name":"Medzin\u00e1rodn\u00e9 projekty","item":"https:\/\/archiv.siov.sk\/medzinarodna-spolupraca\/medzinarodne-projekty\/"},{"@type":"ListItem","position":4,"name":"Mobility for Quality"}]},{"@type":"WebSite","@id":"https:\/\/archiv.siov.sk\/#website","url":"https:\/\/archiv.siov.sk\/","name":"\u0160IOV - \u0161t\u00e1tny in\u0161tit\u00fat odborn\u00e9ho vzdel\u00e1vania","description":"","publisher":{"@id":"https:\/\/archiv.siov.sk\/#organization"},"potentialAction":[{"@type":"SearchAction","target":{"@type":"EntryPoint","urlTemplate":"https:\/\/archiv.siov.sk\/?s={search_term_string}"},"query-input":{"@type":"PropertyValueSpecification","valueRequired":true,"valueName":"search_term_string"}}],"inLanguage":"en-GB"},{"@type":"Organization","@id":"https:\/\/archiv.siov.sk\/#organization","name":"\u0160IOV - \u0161t\u00e1tny in\u0161tit\u00fat odborn\u00e9ho vzdel\u00e1vania","url":"https:\/\/archiv.siov.sk\/","logo":{"@type":"ImageObject","inLanguage":"en-GB","@id":"https:\/\/archiv.siov.sk\/#\/schema\/logo\/image\/","url":"https:\/\/archiv.siov.sk\/wp-content\/uploads\/2024\/02\/logo-SIOV.png","contentUrl":"https:\/\/archiv.siov.sk\/wp-content\/uploads\/2024\/02\/logo-SIOV.png","width":431,"height":143,"caption":"\u0160IOV - \u0161t\u00e1tny in\u0161tit\u00fat odborn\u00e9ho vzdel\u00e1vania"},"image":{"@id":"https:\/\/archiv.siov.sk\/#\/schema\/logo\/image\/"},"sameAs":["https:\/\/www.facebook.com\/Statnyinstitutodbornehovzdelavania"]}]}},"_links":{"self":[{"href":"https:\/\/archiv.siov.sk\/en\/wp-json\/wp\/v2\/pages\/100","targetHints":{"allow":["GET"]}}],"collection":[{"href":"https:\/\/archiv.siov.sk\/en\/wp-json\/wp\/v2\/pages"}],"about":[{"href":"https:\/\/archiv.siov.sk\/en\/wp-json\/wp\/v2\/types\/page"}],"author":[{"embeddable":true,"href":"https:\/\/archiv.siov.sk\/en\/wp-json\/wp\/v2\/users\/1"}],"replies":[{"embeddable":true,"href":"https:\/\/archiv.siov.sk\/en\/wp-json\/wp\/v2\/comments?post=100"}],"version-history":[{"count":15,"href":"https:\/\/archiv.siov.sk\/en\/wp-json\/wp\/v2\/pages\/100\/revisions"}],"predecessor-version":[{"id":8756,"href":"https:\/\/archiv.siov.sk\/en\/wp-json\/wp\/v2\/pages\/100\/revisions\/8756"}],"up":[{"embeddable":true,"href":"https:\/\/archiv.siov.sk\/en\/wp-json\/wp\/v2\/pages\/67"}],"wp:attachment":[{"href":"https:\/\/archiv.siov.sk\/en\/wp-json\/wp\/v2\/media?parent=100"}],"curies":[{"name":"wp","href":"https:\/\/api.w.org\/{rel}","templated":true}]}}